{"id":7384,"date":"2021-03-07T03:03:08","date_gmt":"2021-03-07T08:03:08","guid":{"rendered":"https:\/\/m3studiosmiami.com\/transporte\/"},"modified":"2021-03-07T03:03:15","modified_gmt":"2021-03-07T08:03:15","slug":"transporte","status":"publish","type":"page","link":"https:\/\/m3studiosmiami.com\/es\/transporte\/","title":{"rendered":"Transporte"},"content":{"rendered":"<div class=\"wpb-content-wrapper\">[vc_row][vc_column][\/vc_column][\/vc_row][vc_row full_width=\u00bbstretch_row_content_no_spaces\u00bb][vc_column width=\u00bb1\/6&#8243;][\/vc_column][vc_column width=\u00bb2\/3&#8243;][vc_row_inner][vc_column_inner width=\u00bb1\/2&#8243;]<style>.vcex-heading.vcex_69e9cd4a7bc8c{color:#000000;font-size:36px;font-family:'Raleway',sans-serif;font-weight:500;}<\/style><h2 class=\"vcex-heading vcex-heading-plain vcex-module wpex-heading wpex-text-2xl vc_custom_1603035311297 vcex_69e9cd4a7bc8c\"><span class=\"vcex-heading-inner wpex-inline-block\">Transporte en el sitio<\/span><\/h2>[vc_empty_space height=\u00bb15px\u00bb][vc_separator color=\u00bbsky\u00bb align=\u00bbalign_left\u00bb border_width=\u00bb2&#8243; el_width=\u00bb10&#8243; css=\u00bb.vc_custom_1494984434468{margin-left: 5px !important;}\u00bb][\/vc_column_inner][vc_column_inner width=\u00bb1\/2&#8243;][\/vc_column_inner][\/vc_row_inner][vc_column_text responsive_text=\u00bbtrue\u00bb width=\u00bb98%\u00bb font_family=\u00bbRaleway\u00bb color=\u00bb#222222&#8243; font_size=\u00bb18px\u00bb font_weight=\u00bb500&#8243;]En asociaci\u00f3n con M3 Studios, Starline Limousine, ofrece transporte desde y hacia la ubicaci\u00f3n para todas las necesidades de los clientes. Los veh\u00edculos siempre est\u00e1n disponibles en el lugar para ayudar con la recogida y devoluci\u00f3n de talentos en viajes. Esto profundiza en nuestra misi\u00f3n de hacer que las necesidades de producci\u00f3n de nuestros clientes sean lo m\u00e1s satisfactorias posible.[\/vc_column_text][vc_empty_space]<style>.vcex-list_item.vcex_69e9cd4a7d11b{font-size:18px;font-family:'Raleway',sans-serif;font-weight:500;color:#222222;}.vcex-list_item.vcex_69e9cd4a7d11b .vcex-list-item-icon-inner{color:#00aeef;}<\/style><div class=\"vcex-list_item vcex-module wpex-m-0 wpex-max-w-100 wpex-mb-5 vc_custom_1603035344275 vcex_69e9cd4a7d11b\"><div class=\"vcex-list-item-inner wpex-inline-flex wpex-flex-no-wrap\"><div class=\"vcex-list-item-icon wpex-mr-10\"><div class=\"vcex-list-item-icon-inner vcex-icon-wrap wpex-inline-flex wpex-justify-center wpex-items-center wpex-leading-none wpex-child-inherit-color\"><span class=\"ticon ticon-circle\" aria-hidden=\"true\"><\/span><\/div><\/div><div class=\"vcex-list-item-text vcex-content wpex-flex-grow\">11 coches de la ciudad<\/div><\/div><\/div><style>.vcex-list_item.vcex_69e9cd4a7d9ef{font-size:18px;font-family:'Raleway',sans-serif;font-weight:500;color:#222222;}.vcex-list_item.vcex_69e9cd4a7d9ef .vcex-list-item-icon-inner{color:#00aeef;}<\/style><div class=\"vcex-list_item vcex-module wpex-m-0 wpex-max-w-100 wpex-mb-5 vc_custom_1603035357187 vcex_69e9cd4a7d9ef\"><div class=\"vcex-list-item-inner wpex-inline-flex wpex-flex-no-wrap\"><div class=\"vcex-list-item-icon wpex-mr-10\"><div class=\"vcex-list-item-icon-inner vcex-icon-wrap wpex-inline-flex wpex-justify-center wpex-items-center wpex-leading-none wpex-child-inherit-color\"><span class=\"ticon ticon-circle\" aria-hidden=\"true\"><\/span><\/div><\/div><div class=\"vcex-list-item-text vcex-content wpex-flex-grow\">2 camionetas SUV<\/div><\/div><\/div><style>.vcex-list_item.vcex_69e9cd4a7e2eb{font-size:18px;font-family:'Raleway',sans-serif;font-weight:500;color:#222222;}.vcex-list_item.vcex_69e9cd4a7e2eb .vcex-list-item-icon-inner{color:#00aeef;}<\/style><div class=\"vcex-list_item vcex-module wpex-m-0 wpex-max-w-100 wpex-mb-5 vc_custom_1603035367282 vcex_69e9cd4a7e2eb\"><div class=\"vcex-list-item-inner wpex-inline-flex wpex-flex-no-wrap\"><div class=\"vcex-list-item-icon wpex-mr-10\"><div class=\"vcex-list-item-icon-inner vcex-icon-wrap wpex-inline-flex wpex-justify-center wpex-items-center wpex-leading-none wpex-child-inherit-color\"><span class=\"ticon ticon-circle\" aria-hidden=\"true\"><\/span><\/div><\/div><div class=\"vcex-list-item-text vcex-content wpex-flex-grow\">1 camioneta<\/div><\/div><\/div><style>.vcex-list_item.vcex_69e9cd4a7eb60{font-size:18px;font-family:'Raleway',sans-serif;font-weight:500;color:#222222;}.vcex-list_item.vcex_69e9cd4a7eb60 .vcex-list-item-icon-inner{color:#00aeef;}<\/style><div class=\"vcex-list_item vcex-module wpex-m-0 wpex-max-w-100 wpex-mb-5 vc_custom_1603035379867 vcex_69e9cd4a7eb60\"><div class=\"vcex-list-item-inner wpex-inline-flex wpex-flex-no-wrap\"><div class=\"vcex-list-item-icon wpex-mr-10\"><div class=\"vcex-list-item-icon-inner vcex-icon-wrap wpex-inline-flex wpex-justify-center wpex-items-center wpex-leading-none wpex-child-inherit-color\"><span class=\"ticon ticon-circle\" aria-hidden=\"true\"><\/span><\/div><\/div><div class=\"vcex-list-item-text vcex-content wpex-flex-grow\">2 limusinas Hummer (20 pasajeros)<\/div><\/div><\/div><style>.vcex-list_item.vcex_69e9cd4a7f48a{font-size:18px;font-family:'Raleway',sans-serif;font-weight:500;color:#222222;}.vcex-list_item.vcex_69e9cd4a7f48a .vcex-list-item-icon-inner{color:#00aeef;}<\/style><div class=\"vcex-list_item vcex-module wpex-m-0 wpex-max-w-100 wpex-mb-5 vc_custom_1603035398490 vcex_69e9cd4a7f48a\"><div class=\"vcex-list-item-inner wpex-inline-flex wpex-flex-no-wrap\"><div class=\"vcex-list-item-icon wpex-mr-10\"><div class=\"vcex-list-item-icon-inner vcex-icon-wrap wpex-inline-flex wpex-justify-center wpex-items-center wpex-leading-none wpex-child-inherit-color\"><span class=\"ticon ticon-circle\" aria-hidden=\"true\"><\/span><\/div><\/div><div class=\"vcex-list-item-text vcex-content wpex-flex-grow\">4 limusinas Chrysler (10 pasajeros)<\/div><\/div><\/div>[\/vc_column][vc_column width=\u00bb1\/6&#8243;][\/vc_column][\/vc_row][vc_row full_width=\u00bbstretch_row_content_no_spaces\u00bb][vc_column width=\u00bb1\/4&#8243;][\/vc_column][vc_column width=\u00bb1\/2&#8243;][vc_single_image image=\u00bb7387&#8243; img_size=\u00bblarge\u00bb alignment=\u00bbcenter\u00bb style=\u00bbvc_box_outline\u00bb][\/vc_column][vc_column width=\u00bb1\/4&#8243;][\/vc_column][\/vc_row]\n<\/div>","protected":false},"excerpt":{"rendered":"<p>[vc_row][vc_column][\/vc_column][\/vc_row][vc_row full_width=\u00bbstretch_row_content_no_spaces\u00bb][vc_column width=\u00bb1\/6&#8243;][\/vc_column][vc_column width=\u00bb2\/3&#8243;][vc_row_inner][vc_column_inner width=\u00bb1\/2&#8243;][vc_empty_space height=\u00bb15px\u00bb][vc_separator color=\u00bbsky\u00bb align=\u00bbalign_left\u00bb border_width=\u00bb2&#8243; el_width=\u00bb10&#8243; css=\u00bb.vc_custom_1494984434468{margin-left: 5px !important;}\u00bb][\/vc_column_inner][vc_column_inner width=\u00bb1\/2&#8243;][\/vc_column_inner][\/vc_row_inner][vc_column_text responsive_text=\u00bbtrue\u00bb width=\u00bb98%\u00bb font_family=\u00bbRaleway\u00bb color=\u00bb#222222&#8243; font_size=\u00bb18px\u00bb font_weight=\u00bb500&#8243;]En asociaci\u00f3n con M3 Studios, Starline Limousine, ofrece transporte desde y hacia la ubicaci\u00f3n para todas las necesidades de los clientes. Los veh\u00edculos siempre est\u00e1n disponibles en el lugar para ayudar con la recogida y devoluci\u00f3n&hellip;<\/p>\n","protected":false},"author":1,"featured_media":0,"parent":0,"menu_order":0,"comment_status":"closed","ping_status":"closed","template":"","meta":{"footnotes":""},"class_list":["post-7384","page","type-page","status-publish","hentry","entry","no-media"],"yoast_head":"<!-- This site is optimized with the Yoast SEO plugin v27.4 - https:\/\/yoast.com\/product\/yoast-seo-wordpress\/ -->\n<title>Transporte - M3 Studios Miami<\/title>\n<meta name=\"robots\" content=\"index, follow, max-snippet:-1, max-image-preview:large, max-video-preview:-1\" \/>\n<link rel=\"canonical\" href=\"https:\/\/m3studiosmiami.com\/es\/transporte\/\" \/>\n<meta property=\"og:locale\" content=\"es_ES\" \/>\n<meta property=\"og:type\" content=\"article\" \/>\n<meta property=\"og:title\" content=\"Transporte - M3 Studios Miami\" \/>\n<meta property=\"og:description\" content=\"[vc_row][vc_column][\/vc_column][\/vc_row][vc_row full_width=\u00bbstretch_row_content_no_spaces\u00bb][vc_column width=\u00bb1\/6&#8243;][\/vc_column][vc_column width=\u00bb2\/3&#8243;][vc_row_inner][vc_column_inner width=\u00bb1\/2&#8243;][vc_empty_space height=\u00bb15px\u00bb][vc_separator color=\u00bbsky\u00bb align=\u00bbalign_left\u00bb border_width=\u00bb2&#8243; el_width=\u00bb10&#8243; css=\u00bb.vc_custom_1494984434468{margin-left: 5px !important;}\u00bb][\/vc_column_inner][vc_column_inner width=\u00bb1\/2&#8243;][\/vc_column_inner][\/vc_row_inner][vc_column_text responsive_text=\u00bbtrue\u00bb width=\u00bb98%\u00bb font_family=\u00bbRaleway\u00bb color=\u00bb#222222&#8243; font_size=\u00bb18px\u00bb font_weight=\u00bb500&#8243;]En asociaci\u00f3n con M3 Studios, Starline Limousine, ofrece transporte desde y hacia la ubicaci\u00f3n para todas las necesidades de los clientes. Los veh\u00edculos siempre est\u00e1n disponibles en el lugar para ayudar con la recogida y devoluci\u00f3n&hellip;\" \/>\n<meta property=\"og:url\" content=\"https:\/\/m3studiosmiami.com\/es\/transporte\/\" \/>\n<meta property=\"og:site_name\" content=\"M3 Studios Miami\" \/>\n<meta property=\"article:publisher\" content=\"https:\/\/www.facebook.com\/M3StudiosMiami\" \/>\n<meta property=\"article:modified_time\" content=\"2021-03-07T08:03:15+00:00\" \/>\n<meta name=\"twitter:card\" content=\"summary_large_image\" \/>\n<meta name=\"twitter:site\" content=\"@m3studiosmiami\" \/>\n<meta name=\"twitter:label1\" content=\"Tiempo de lectura\" \/>\n\t<meta name=\"twitter:data1\" content=\"2 minutos\" \/>\n<script type=\"application\/ld+json\" class=\"yoast-schema-graph\">{\"@context\":\"https:\\\/\\\/schema.org\",\"@graph\":[{\"@type\":\"WebPage\",\"@id\":\"https:\\\/\\\/m3studiosmiami.com\\\/es\\\/transporte\\\/\",\"url\":\"https:\\\/\\\/m3studiosmiami.com\\\/es\\\/transporte\\\/\",\"name\":\"Transporte - M3 Studios Miami\",\"isPartOf\":{\"@id\":\"https:\\\/\\\/m3studiosmiami.com\\\/es\\\/#website\"},\"datePublished\":\"2021-03-07T08:03:08+00:00\",\"dateModified\":\"2021-03-07T08:03:15+00:00\",\"breadcrumb\":{\"@id\":\"https:\\\/\\\/m3studiosmiami.com\\\/es\\\/transporte\\\/#breadcrumb\"},\"inLanguage\":\"es\",\"potentialAction\":[{\"@type\":\"ReadAction\",\"target\":[\"https:\\\/\\\/m3studiosmiami.com\\\/es\\\/transporte\\\/\"]}]},{\"@type\":\"BreadcrumbList\",\"@id\":\"https:\\\/\\\/m3studiosmiami.com\\\/es\\\/transporte\\\/#breadcrumb\",\"itemListElement\":[{\"@type\":\"ListItem\",\"position\":1,\"name\":\"Home\",\"item\":\"https:\\\/\\\/m3studiosmiami.com\\\/es\\\/\"},{\"@type\":\"ListItem\",\"position\":2,\"name\":\"Transporte\"}]},{\"@type\":\"WebSite\",\"@id\":\"https:\\\/\\\/m3studiosmiami.com\\\/es\\\/#website\",\"url\":\"https:\\\/\\\/m3studiosmiami.com\\\/es\\\/\",\"name\":\"M3 Studios Miami\",\"description\":\"South Florida\u2019s Largest Film Studio Facility\",\"publisher\":{\"@id\":\"https:\\\/\\\/m3studiosmiami.com\\\/es\\\/#organization\"},\"potentialAction\":[{\"@type\":\"SearchAction\",\"target\":{\"@type\":\"EntryPoint\",\"urlTemplate\":\"https:\\\/\\\/m3studiosmiami.com\\\/es\\\/?s={search_term_string}\"},\"query-input\":{\"@type\":\"PropertyValueSpecification\",\"valueRequired\":true,\"valueName\":\"search_term_string\"}}],\"inLanguage\":\"es\"},{\"@type\":\"Organization\",\"@id\":\"https:\\\/\\\/m3studiosmiami.com\\\/es\\\/#organization\",\"name\":\"M3 Studios\",\"url\":\"https:\\\/\\\/m3studiosmiami.com\\\/es\\\/\",\"logo\":{\"@type\":\"ImageObject\",\"inLanguage\":\"es\",\"@id\":\"https:\\\/\\\/m3studiosmiami.com\\\/es\\\/#\\\/schema\\\/logo\\\/image\\\/\",\"url\":\"https:\\\/\\\/m3studiosmiami.com\\\/wp-content\\\/uploads\\\/2017\\\/05\\\/M3_Studios-logo_small_revised1-1.png\",\"contentUrl\":\"https:\\\/\\\/m3studiosmiami.com\\\/wp-content\\\/uploads\\\/2017\\\/05\\\/M3_Studios-logo_small_revised1-1.png\",\"width\":87,\"height\":80,\"caption\":\"M3 Studios\"},\"image\":{\"@id\":\"https:\\\/\\\/m3studiosmiami.com\\\/es\\\/#\\\/schema\\\/logo\\\/image\\\/\"},\"sameAs\":[\"https:\\\/\\\/www.facebook.com\\\/M3StudiosMiami\",\"https:\\\/\\\/x.com\\\/m3studiosmiami\",\"https:\\\/\\\/www.instagram.com\\\/m3studiosmiami\\\/\",\"https:\\\/\\\/www.linkedin.com\\\/company\\\/m3-studios\\\/\",\"https:\\\/\\\/www.youtube.com\\\/user\\\/M3studiosMiami\"]}]}<\/script>\n<!-- \/ Yoast SEO plugin. -->","yoast_head_json":{"title":"Transporte - M3 Studios Miami","robots":{"index":"index","follow":"follow","max-snippet":"max-snippet:-1","max-image-preview":"max-image-preview:large","max-video-preview":"max-video-preview:-1"},"canonical":"https:\/\/m3studiosmiami.com\/es\/transporte\/","og_locale":"es_ES","og_type":"article","og_title":"Transporte - M3 Studios Miami","og_description":"[vc_row][vc_column][\/vc_column][\/vc_row][vc_row full_width=\u00bbstretch_row_content_no_spaces\u00bb][vc_column width=\u00bb1\/6&#8243;][\/vc_column][vc_column width=\u00bb2\/3&#8243;][vc_row_inner][vc_column_inner width=\u00bb1\/2&#8243;][vc_empty_space height=\u00bb15px\u00bb][vc_separator color=\u00bbsky\u00bb align=\u00bbalign_left\u00bb border_width=\u00bb2&#8243; el_width=\u00bb10&#8243; css=\u00bb.vc_custom_1494984434468{margin-left: 5px !important;}\u00bb][\/vc_column_inner][vc_column_inner width=\u00bb1\/2&#8243;][\/vc_column_inner][\/vc_row_inner][vc_column_text responsive_text=\u00bbtrue\u00bb width=\u00bb98%\u00bb font_family=\u00bbRaleway\u00bb color=\u00bb#222222&#8243; font_size=\u00bb18px\u00bb font_weight=\u00bb500&#8243;]En asociaci\u00f3n con M3 Studios, Starline Limousine, ofrece transporte desde y hacia la ubicaci\u00f3n para todas las necesidades de los clientes. Los veh\u00edculos siempre est\u00e1n disponibles en el lugar para ayudar con la recogida y devoluci\u00f3n&hellip;","og_url":"https:\/\/m3studiosmiami.com\/es\/transporte\/","og_site_name":"M3 Studios Miami","article_publisher":"https:\/\/www.facebook.com\/M3StudiosMiami","article_modified_time":"2021-03-07T08:03:15+00:00","twitter_card":"summary_large_image","twitter_site":"@m3studiosmiami","twitter_misc":{"Tiempo de lectura":"2 minutos"},"schema":{"@context":"https:\/\/schema.org","@graph":[{"@type":"WebPage","@id":"https:\/\/m3studiosmiami.com\/es\/transporte\/","url":"https:\/\/m3studiosmiami.com\/es\/transporte\/","name":"Transporte - M3 Studios Miami","isPartOf":{"@id":"https:\/\/m3studiosmiami.com\/es\/#website"},"datePublished":"2021-03-07T08:03:08+00:00","dateModified":"2021-03-07T08:03:15+00:00","breadcrumb":{"@id":"https:\/\/m3studiosmiami.com\/es\/transporte\/#breadcrumb"},"inLanguage":"es","potentialAction":[{"@type":"ReadAction","target":["https:\/\/m3studiosmiami.com\/es\/transporte\/"]}]},{"@type":"BreadcrumbList","@id":"https:\/\/m3studiosmiami.com\/es\/transporte\/#breadcrumb","itemListElement":[{"@type":"ListItem","position":1,"name":"Home","item":"https:\/\/m3studiosmiami.com\/es\/"},{"@type":"ListItem","position":2,"name":"Transporte"}]},{"@type":"WebSite","@id":"https:\/\/m3studiosmiami.com\/es\/#website","url":"https:\/\/m3studiosmiami.com\/es\/","name":"M3 Studios Miami","description":"South Florida\u2019s Largest Film Studio Facility","publisher":{"@id":"https:\/\/m3studiosmiami.com\/es\/#organization"},"potentialAction":[{"@type":"SearchAction","target":{"@type":"EntryPoint","urlTemplate":"https:\/\/m3studiosmiami.com\/es\/?s={search_term_string}"},"query-input":{"@type":"PropertyValueSpecification","valueRequired":true,"valueName":"search_term_string"}}],"inLanguage":"es"},{"@type":"Organization","@id":"https:\/\/m3studiosmiami.com\/es\/#organization","name":"M3 Studios","url":"https:\/\/m3studiosmiami.com\/es\/","logo":{"@type":"ImageObject","inLanguage":"es","@id":"https:\/\/m3studiosmiami.com\/es\/#\/schema\/logo\/image\/","url":"https:\/\/m3studiosmiami.com\/wp-content\/uploads\/2017\/05\/M3_Studios-logo_small_revised1-1.png","contentUrl":"https:\/\/m3studiosmiami.com\/wp-content\/uploads\/2017\/05\/M3_Studios-logo_small_revised1-1.png","width":87,"height":80,"caption":"M3 Studios"},"image":{"@id":"https:\/\/m3studiosmiami.com\/es\/#\/schema\/logo\/image\/"},"sameAs":["https:\/\/www.facebook.com\/M3StudiosMiami","https:\/\/x.com\/m3studiosmiami","https:\/\/www.instagram.com\/m3studiosmiami\/","https:\/\/www.linkedin.com\/company\/m3-studios\/","https:\/\/www.youtube.com\/user\/M3studiosMiami"]}]}},"_links":{"self":[{"href":"https:\/\/m3studiosmiami.com\/es\/wp-json\/wp\/v2\/pages\/7384","targetHints":{"allow":["GET"]}}],"collection":[{"href":"https:\/\/m3studiosmiami.com\/es\/wp-json\/wp\/v2\/pages"}],"about":[{"href":"https:\/\/m3studiosmiami.com\/es\/wp-json\/wp\/v2\/types\/page"}],"author":[{"embeddable":true,"href":"https:\/\/m3studiosmiami.com\/es\/wp-json\/wp\/v2\/users\/1"}],"replies":[{"embeddable":true,"href":"https:\/\/m3studiosmiami.com\/es\/wp-json\/wp\/v2\/comments?post=7384"}],"version-history":[{"count":1,"href":"https:\/\/m3studiosmiami.com\/es\/wp-json\/wp\/v2\/pages\/7384\/revisions"}],"predecessor-version":[{"id":7392,"href":"https:\/\/m3studiosmiami.com\/es\/wp-json\/wp\/v2\/pages\/7384\/revisions\/7392"}],"wp:attachment":[{"href":"https:\/\/m3studiosmiami.com\/es\/wp-json\/wp\/v2\/media?parent=7384"}],"curies":[{"name":"wp","href":"https:\/\/api.w.org\/{rel}","templated":true}]}}