{"id":7375,"date":"2021-03-07T03:01:37","date_gmt":"2021-03-07T08:01:37","guid":{"rendered":"https:\/\/m3studiosmiami.com\/producciones\/"},"modified":"2021-03-07T03:01:55","modified_gmt":"2021-03-07T08:01:55","slug":"producciones","status":"publish","type":"page","link":"https:\/\/m3studiosmiami.com\/es\/producciones\/","title":{"rendered":"Producciones"},"content":{"rendered":"<div class=\"wpb-content-wrapper\">[vc_row][vc_column][\/vc_column][\/vc_row][vc_row full_width=\u00bbstretch_row_content_no_spaces\u00bb][vc_column width=\u00bb1\/6&#8243;][\/vc_column][vc_column width=\u00bb2\/3&#8243;][vc_row_inner][vc_column_inner]<style>.vcex-heading.vcex_69e9cd4d96d0d{color:#000000;font-size:36px;font-family:'Raleway',sans-serif;font-weight:500;}<\/style><h1 class=\"vcex-heading vcex-heading-plain vcex-module wpex-heading wpex-text-2xl vc_custom_1603034068305 vcex_69e9cd4d96d0d\"><span class=\"vcex-heading-inner wpex-inline-block\">Producciones de video originales<\/span><\/h1>[vc_empty_space height=\u00bb15px\u00bb][vc_separator color=\u00bbsky\u00bb align=\u00bbalign_left\u00bb border_width=\u00bb2&#8243; el_width=\u00bb10&#8243; css=\u00bb.vc_custom_1495061015637{margin-left: 15px !important;}\u00bb][\/vc_column_inner][\/vc_row_inner][vc_column_text responsive_text=\u00bbtrue\u00bb width=\u00bb96%\u00bb font_family=\u00bbRaleway\u00bb color=\u00bb#222222&#8243; font_size=\u00bb18px\u00bb font_weight=\u00bb500&#8243;]M3 Studios tiene trece a\u00f1os de experiencia en estudios de producci\u00f3n. Lo que nos ha proporcionado una extensa red de relaciones y nos ha abierto para producir producciones originales. Hemos producido producciones de video de forma independiente internamente a trav\u00e9s de nuestras capacidades internas. Bas\u00e1ndonos en nuestra reputaci\u00f3n estelar, tambi\u00e9n hemos tenido la oportunidad de asociarnos con numerosas productoras l\u00edderes de Miami para producir programaci\u00f3n televisiva original a mayor escala.<\/p>\n<p>Eche un vistazo a algunos de los programas disponibles para su distribuci\u00f3n.<\/p>\n<ul class=\"ul1\">\n<li class=\"li1\"><a style=\"text-decoration: none;\" href=\"https:\/\/m3studiosmiami.com\/cocina-de-madre\/\"><span class=\"s1\">Cocina de Madre<\/span><\/a><\/li>\n<li class=\"li1\"><a style=\"text-decoration: none;\" href=\"https:\/\/m3studiosmiami.com\/fusion-impossible\/\"><span class=\"s1\">Fusion Impossible (Spanish)<\/span><\/a><\/li>\n<li class=\"li1\"><a style=\"text-decoration: none;\" href=\"https:\/\/m3studiosmiami.com\/fusion-impossible-eng\/\"><span class=\"s1\">Fusion Impossible (English)<\/span><\/a><\/li>\n<li class=\"li1\"><a style=\"text-decoration: none;\" href=\"https:\/\/m3studiosmiami.com\/eating-latins\/\"><span class=\"s1\">Comiendo latinos<\/span><\/a><\/li>\n<li class=\"li1\"><a style=\"text-decoration: none;\" href=\"https:\/\/m3studiosmiami.com\/productions\/afropolitan-chef\/\"><span class=\"s1\">Chef Afropolitan<\/span><\/a><\/li>\n<li class=\"li1\"><a style=\"text-decoration: none;\" href=\"https:\/\/m3studiosmiami.com\/omg-ngc\/\"><span class=\"s1\">OMG NGC<\/span><\/a><\/li>\n<li class=\"li1\"><a style=\"text-decoration: none;\" href=\"https:\/\/m3studiosmiami.com\/productions\/copter-cowboys\/\"><span class=\"s1\">Vaqueros del helic\u00f3ptero<\/span><\/a><\/li>\n<li class=\"li1\"><a style=\"text-decoration: none;\" href=\"https:\/\/m3studiosmiami.com\/productions\/revolucion\/\"><span class=\"s1\">Revoluci\u00f3n<\/span><\/a><\/li>\n<li class=\"li1\"><a style=\"text-decoration: none;\" href=\"https:\/\/m3studiosmiami.com\/productions\/mujeres-con-pantalones\/\"><span class=\"s1\">Mujeres Con Pantalones<\/span><\/a><\/li>\n<li class=\"li1\"><a style=\"text-decoration: none;\" href=\"https:\/\/m3studiosmiami.com\/productions\/razzle-dazzle\/\"><span class=\"s1\">Razzle Dazzle<\/span><\/a><\/li>\n<\/ul>\n[\/vc_column_text][vc_empty_space height=\u00bb42px\u00bb][\/vc_column][vc_column width=\u00bb1\/6&#8243;][\/vc_column][\/vc_row][vc_row full_width=\u00bbstretch_row_content_no_spaces\u00bb][vc_column width=\u00bb1\/6&#8243;][\/vc_column][vc_column width=\u00bb2\/3&#8243;][vc_row_inner][vc_column_inner]<style>.vcex-heading.vcex_69e9cd4d977d7{color:#000000;font-size:36px;font-family:'Raleway',sans-serif;font-weight:500;}<\/style><h1 class=\"vcex-heading vcex-heading-plain vcex-module wpex-heading wpex-text-2xl vc_custom_1603034101797 vcex_69e9cd4d977d7\"><span class=\"vcex-heading-inner wpex-inline-block\">Colaboraciones<\/span><\/h1>[vc_empty_space height=\u00bb15px\u00bb][vc_separator color=\u00bbsky\u00bb align=\u00bbalign_left\u00bb border_width=\u00bb2&#8243; el_width=\u00bb10&#8243; css=\u00bb.vc_custom_1495061015637{margin-left: 15px !important;}\u00bb][\/vc_column_inner][\/vc_row_inner][vc_column_text responsive_text=\u00bbtrue\u00bb width=\u00bb96%\u00bb font_family=\u00bbRaleway\u00bb color=\u00bb#222222&#8243; font_size=\u00bb18px\u00bb font_weight=\u00bb500&#8243;]M3 Studios se ha unido a los creativos para lanzar nuestra nueva serie de colaboraci\u00f3n. En un esfuerzo por exponer m\u00e1s talento a la industria, nos estamos asociando con creativos que van desde directores, fot\u00f3grafos, maquilladores, talentos y escen\u00f3grafos para producir trabajos creativos.<\/p>\n<p>&nbsp;<\/p>\n<ul class=\"ul1\">\n<li style=\"list-style-type: none;\">\n<ul class=\"ul1\">\n<li class=\"li1\"><a style=\"text-decoration: none;\" href=\"https:\/\/m3studiosmiami.com\/fitness-model-photoshoot\/\"><span class=\"s1\">Entrena duro, entrena sucio<\/span><\/a><\/li>\n<\/ul>\n<\/li>\n<\/ul>\n[\/vc_column_text][\/vc_column][vc_column width=\u00bb1\/6&#8243;][\/vc_column][\/vc_row][vc_row][vc_column][\/vc_column][\/vc_row]\n<\/div>","protected":false},"excerpt":{"rendered":"<p>[vc_row][vc_column][\/vc_column][\/vc_row][vc_row full_width=\u00bbstretch_row_content_no_spaces\u00bb][vc_column width=\u00bb1\/6&#8243;][\/vc_column][vc_column width=\u00bb2\/3&#8243;][vc_row_inner][vc_column_inner][vc_empty_space height=\u00bb15px\u00bb][vc_separator color=\u00bbsky\u00bb align=\u00bbalign_left\u00bb border_width=\u00bb2&#8243; el_width=\u00bb10&#8243; css=\u00bb.vc_custom_1495061015637{margin-left: 15px !important;}\u00bb][\/vc_column_inner][\/vc_row_inner][vc_column_text responsive_text=\u00bbtrue\u00bb width=\u00bb96%\u00bb font_family=\u00bbRaleway\u00bb color=\u00bb#222222&#8243; font_size=\u00bb18px\u00bb font_weight=\u00bb500&#8243;]M3 Studios tiene trece a\u00f1os de experiencia en estudios de producci\u00f3n. Lo que nos ha proporcionado una extensa red de relaciones y nos ha abierto para producir producciones originales. Hemos producido producciones de video de forma independiente internamente&hellip;<\/p>\n","protected":false},"author":1,"featured_media":0,"parent":0,"menu_order":0,"comment_status":"closed","ping_status":"closed","template":"","meta":{"footnotes":""},"class_list":["post-7375","page","type-page","status-publish","hentry","entry","no-media"],"yoast_head":"<!-- This site is optimized with the Yoast SEO plugin v27.4 - https:\/\/yoast.com\/product\/yoast-seo-wordpress\/ -->\n<title>Descubra por qu\u00e9 las empresas de producci\u00f3n de Miami eligen asociarse con nosotros<\/title>\n<meta name=\"description\" content=\"Nuestra vasta experiencia en la producci\u00f3n de videos nos ha llevado a asociarnos con numerosas productoras l\u00edderes en Miami para producir programaci\u00f3n televisiva original.\" \/>\n<meta name=\"robots\" content=\"index, follow, max-snippet:-1, max-image-preview:large, max-video-preview:-1\" \/>\n<link rel=\"canonical\" href=\"https:\/\/m3studiosmiami.com\/es\/producciones\/\" \/>\n<meta property=\"og:locale\" content=\"es_ES\" \/>\n<meta property=\"og:type\" content=\"article\" \/>\n<meta property=\"og:title\" content=\"Descubra por qu\u00e9 las empresas de producci\u00f3n de Miami eligen asociarse con nosotros\" \/>\n<meta property=\"og:description\" content=\"Nuestra vasta experiencia en la producci\u00f3n de videos nos ha llevado a asociarnos con numerosas productoras l\u00edderes en Miami para producir programaci\u00f3n televisiva original.\" \/>\n<meta property=\"og:url\" content=\"https:\/\/m3studiosmiami.com\/es\/producciones\/\" \/>\n<meta property=\"og:site_name\" content=\"M3 Studios Miami\" \/>\n<meta property=\"article:publisher\" content=\"https:\/\/www.facebook.com\/M3StudiosMiami\" \/>\n<meta property=\"article:modified_time\" content=\"2021-03-07T08:01:55+00:00\" \/>\n<meta name=\"twitter:card\" content=\"summary_large_image\" \/>\n<meta name=\"twitter:site\" content=\"@m3studiosmiami\" \/>\n<meta name=\"twitter:label1\" content=\"Tiempo de lectura\" \/>\n\t<meta name=\"twitter:data1\" content=\"2 minutos\" \/>\n<script type=\"application\/ld+json\" class=\"yoast-schema-graph\">{\"@context\":\"https:\\\/\\\/schema.org\",\"@graph\":[{\"@type\":\"WebPage\",\"@id\":\"https:\\\/\\\/m3studiosmiami.com\\\/es\\\/producciones\\\/\",\"url\":\"https:\\\/\\\/m3studiosmiami.com\\\/es\\\/producciones\\\/\",\"name\":\"Descubra por qu\u00e9 las empresas de producci\u00f3n de Miami eligen asociarse con nosotros\",\"isPartOf\":{\"@id\":\"https:\\\/\\\/m3studiosmiami.com\\\/es\\\/#website\"},\"datePublished\":\"2021-03-07T08:01:37+00:00\",\"dateModified\":\"2021-03-07T08:01:55+00:00\",\"description\":\"Nuestra vasta experiencia en la producci\u00f3n de videos nos ha llevado a asociarnos con numerosas productoras l\u00edderes en Miami para producir programaci\u00f3n televisiva original.\",\"breadcrumb\":{\"@id\":\"https:\\\/\\\/m3studiosmiami.com\\\/es\\\/producciones\\\/#breadcrumb\"},\"inLanguage\":\"es\",\"potentialAction\":[{\"@type\":\"ReadAction\",\"target\":[\"https:\\\/\\\/m3studiosmiami.com\\\/es\\\/producciones\\\/\"]}]},{\"@type\":\"BreadcrumbList\",\"@id\":\"https:\\\/\\\/m3studiosmiami.com\\\/es\\\/producciones\\\/#breadcrumb\",\"itemListElement\":[{\"@type\":\"ListItem\",\"position\":1,\"name\":\"Home\",\"item\":\"https:\\\/\\\/m3studiosmiami.com\\\/es\\\/\"},{\"@type\":\"ListItem\",\"position\":2,\"name\":\"Producciones\"}]},{\"@type\":\"WebSite\",\"@id\":\"https:\\\/\\\/m3studiosmiami.com\\\/es\\\/#website\",\"url\":\"https:\\\/\\\/m3studiosmiami.com\\\/es\\\/\",\"name\":\"M3 Studios Miami\",\"description\":\"South Florida\u2019s Largest Film Studio Facility\",\"publisher\":{\"@id\":\"https:\\\/\\\/m3studiosmiami.com\\\/es\\\/#organization\"},\"potentialAction\":[{\"@type\":\"SearchAction\",\"target\":{\"@type\":\"EntryPoint\",\"urlTemplate\":\"https:\\\/\\\/m3studiosmiami.com\\\/es\\\/?s={search_term_string}\"},\"query-input\":{\"@type\":\"PropertyValueSpecification\",\"valueRequired\":true,\"valueName\":\"search_term_string\"}}],\"inLanguage\":\"es\"},{\"@type\":\"Organization\",\"@id\":\"https:\\\/\\\/m3studiosmiami.com\\\/es\\\/#organization\",\"name\":\"M3 Studios\",\"url\":\"https:\\\/\\\/m3studiosmiami.com\\\/es\\\/\",\"logo\":{\"@type\":\"ImageObject\",\"inLanguage\":\"es\",\"@id\":\"https:\\\/\\\/m3studiosmiami.com\\\/es\\\/#\\\/schema\\\/logo\\\/image\\\/\",\"url\":\"https:\\\/\\\/m3studiosmiami.com\\\/wp-content\\\/uploads\\\/2017\\\/05\\\/M3_Studios-logo_small_revised1-1.png\",\"contentUrl\":\"https:\\\/\\\/m3studiosmiami.com\\\/wp-content\\\/uploads\\\/2017\\\/05\\\/M3_Studios-logo_small_revised1-1.png\",\"width\":87,\"height\":80,\"caption\":\"M3 Studios\"},\"image\":{\"@id\":\"https:\\\/\\\/m3studiosmiami.com\\\/es\\\/#\\\/schema\\\/logo\\\/image\\\/\"},\"sameAs\":[\"https:\\\/\\\/www.facebook.com\\\/M3StudiosMiami\",\"https:\\\/\\\/x.com\\\/m3studiosmiami\",\"https:\\\/\\\/www.instagram.com\\\/m3studiosmiami\\\/\",\"https:\\\/\\\/www.linkedin.com\\\/company\\\/m3-studios\\\/\",\"https:\\\/\\\/www.youtube.com\\\/user\\\/M3studiosMiami\"]}]}<\/script>\n<!-- \/ Yoast SEO plugin. -->","yoast_head_json":{"title":"Descubra por qu\u00e9 las empresas de producci\u00f3n de Miami eligen asociarse con nosotros","description":"Nuestra vasta experiencia en la producci\u00f3n de videos nos ha llevado a asociarnos con numerosas productoras l\u00edderes en Miami para producir programaci\u00f3n televisiva original.","robots":{"index":"index","follow":"follow","max-snippet":"max-snippet:-1","max-image-preview":"max-image-preview:large","max-video-preview":"max-video-preview:-1"},"canonical":"https:\/\/m3studiosmiami.com\/es\/producciones\/","og_locale":"es_ES","og_type":"article","og_title":"Descubra por qu\u00e9 las empresas de producci\u00f3n de Miami eligen asociarse con nosotros","og_description":"Nuestra vasta experiencia en la producci\u00f3n de videos nos ha llevado a asociarnos con numerosas productoras l\u00edderes en Miami para producir programaci\u00f3n televisiva original.","og_url":"https:\/\/m3studiosmiami.com\/es\/producciones\/","og_site_name":"M3 Studios Miami","article_publisher":"https:\/\/www.facebook.com\/M3StudiosMiami","article_modified_time":"2021-03-07T08:01:55+00:00","twitter_card":"summary_large_image","twitter_site":"@m3studiosmiami","twitter_misc":{"Tiempo de lectura":"2 minutos"},"schema":{"@context":"https:\/\/schema.org","@graph":[{"@type":"WebPage","@id":"https:\/\/m3studiosmiami.com\/es\/producciones\/","url":"https:\/\/m3studiosmiami.com\/es\/producciones\/","name":"Descubra por qu\u00e9 las empresas de producci\u00f3n de Miami eligen asociarse con nosotros","isPartOf":{"@id":"https:\/\/m3studiosmiami.com\/es\/#website"},"datePublished":"2021-03-07T08:01:37+00:00","dateModified":"2021-03-07T08:01:55+00:00","description":"Nuestra vasta experiencia en la producci\u00f3n de videos nos ha llevado a asociarnos con numerosas productoras l\u00edderes en Miami para producir programaci\u00f3n televisiva original.","breadcrumb":{"@id":"https:\/\/m3studiosmiami.com\/es\/producciones\/#breadcrumb"},"inLanguage":"es","potentialAction":[{"@type":"ReadAction","target":["https:\/\/m3studiosmiami.com\/es\/producciones\/"]}]},{"@type":"BreadcrumbList","@id":"https:\/\/m3studiosmiami.com\/es\/producciones\/#breadcrumb","itemListElement":[{"@type":"ListItem","position":1,"name":"Home","item":"https:\/\/m3studiosmiami.com\/es\/"},{"@type":"ListItem","position":2,"name":"Producciones"}]},{"@type":"WebSite","@id":"https:\/\/m3studiosmiami.com\/es\/#website","url":"https:\/\/m3studiosmiami.com\/es\/","name":"M3 Studios Miami","description":"South Florida\u2019s Largest Film Studio Facility","publisher":{"@id":"https:\/\/m3studiosmiami.com\/es\/#organization"},"potentialAction":[{"@type":"SearchAction","target":{"@type":"EntryPoint","urlTemplate":"https:\/\/m3studiosmiami.com\/es\/?s={search_term_string}"},"query-input":{"@type":"PropertyValueSpecification","valueRequired":true,"valueName":"search_term_string"}}],"inLanguage":"es"},{"@type":"Organization","@id":"https:\/\/m3studiosmiami.com\/es\/#organization","name":"M3 Studios","url":"https:\/\/m3studiosmiami.com\/es\/","logo":{"@type":"ImageObject","inLanguage":"es","@id":"https:\/\/m3studiosmiami.com\/es\/#\/schema\/logo\/image\/","url":"https:\/\/m3studiosmiami.com\/wp-content\/uploads\/2017\/05\/M3_Studios-logo_small_revised1-1.png","contentUrl":"https:\/\/m3studiosmiami.com\/wp-content\/uploads\/2017\/05\/M3_Studios-logo_small_revised1-1.png","width":87,"height":80,"caption":"M3 Studios"},"image":{"@id":"https:\/\/m3studiosmiami.com\/es\/#\/schema\/logo\/image\/"},"sameAs":["https:\/\/www.facebook.com\/M3StudiosMiami","https:\/\/x.com\/m3studiosmiami","https:\/\/www.instagram.com\/m3studiosmiami\/","https:\/\/www.linkedin.com\/company\/m3-studios\/","https:\/\/www.youtube.com\/user\/M3studiosMiami"]}]}},"_links":{"self":[{"href":"https:\/\/m3studiosmiami.com\/es\/wp-json\/wp\/v2\/pages\/7375","targetHints":{"allow":["GET"]}}],"collection":[{"href":"https:\/\/m3studiosmiami.com\/es\/wp-json\/wp\/v2\/pages"}],"about":[{"href":"https:\/\/m3studiosmiami.com\/es\/wp-json\/wp\/v2\/types\/page"}],"author":[{"embeddable":true,"href":"https:\/\/m3studiosmiami.com\/es\/wp-json\/wp\/v2\/users\/1"}],"replies":[{"embeddable":true,"href":"https:\/\/m3studiosmiami.com\/es\/wp-json\/wp\/v2\/comments?post=7375"}],"version-history":[{"count":1,"href":"https:\/\/m3studiosmiami.com\/es\/wp-json\/wp\/v2\/pages\/7375\/revisions"}],"predecessor-version":[{"id":7380,"href":"https:\/\/m3studiosmiami.com\/es\/wp-json\/wp\/v2\/pages\/7375\/revisions\/7380"}],"wp:attachment":[{"href":"https:\/\/m3studiosmiami.com\/es\/wp-json\/wp\/v2\/media?parent=7375"}],"curies":[{"name":"wp","href":"https:\/\/api.w.org\/{rel}","templated":true}]}}