{"id":7335,"date":"2021-03-07T02:59:20","date_gmt":"2021-03-07T07:59:20","guid":{"rendered":"https:\/\/m3studiosmiami.com\/cocina-de-madre\/"},"modified":"2021-03-07T02:59:22","modified_gmt":"2021-03-07T07:59:22","slug":"cocina-de-madre","status":"publish","type":"page","link":"https:\/\/m3studiosmiami.com\/es\/producciones\/cocina-de-madre\/","title":{"rendered":"Cocina de Madre"},"content":{"rendered":"<div class=\"wpb-content-wrapper\">[vc_row][vc_column][\/vc_column][\/vc_row][vc_row full_width=\u00bbstretch_row_content_no_spaces\u00bb][vc_column width=\u00bb1\/6&#8243;][\/vc_column][vc_column width=\u00bb2\/3&#8243;][vc_column_text responsive_text=\u00bbtrue\u00bb width=\u00bb95%\u00bb font_family=\u00bbRaleway\u00bb color=\u00bb#222222&#8243; font_size=\u00bb16px\u00bb font_weight=\u00bb500&#8243;]\n<p><center><img loading=\"lazy\" decoding=\"async\" src=\"https:\/\/m3studiosmiami.com\/wp-content\/uploads\/2017\/05\/Cocina-de-Madre-Header.jpg\" alt=\"\" width=\"900\" height=\"378\"><\/center><\/p>\n<h1 style=\"font-size: 36px;\">Sinopsis:<\/h1>\n<h4 style=\"font-size: 20px;\">Las recetas de mi madre\u2026 \u00a1a la moderna!<\/h4>\n<p>Divertida, entretenida y hasta medio retorcida\u2026 \u201cCocina de Madre\u201d es un programa humor\u00edstico de cocina como ning\u00fan otro. La actriz, modelo y comediante mexicana Victoria del Rosal le encuentra el lado c\u00f3mico a cualquier situaci\u00f3n de la vida cotidiana para celebrarlo con\u2026 las recetas de su madre y su propia gracia y estilo\u2026 Un programa donde cualquier cosa puede pasar mientras cocinas y disfrutas de la picard\u00eda y el humor de la bella y sexy cocinera.Adem\u00e1s de las deliciosas recetas sacadas de la colecci\u00f3n familiar, en cada programa, Victoria nos ense\u00f1a una nueva palabra del d\u00eda, que puede ser desde \u201cpicante\u201d hasta \u201cdeliciosa\u201d y por supuesto con su propia definici\u00f3n y ejemplo de uso apropiado\u2026 que puede ser\u2026 desde inesperado, hasta alarmante&#8230;<\/p>\n<h4 style=\"font-size: 20px;\">\u00a1Un programa deliciosamente divertido!<\/h4>\n<p><center><iframe loading=\"lazy\" src=\"http:\/\/www.youtube.com\/embed\/lQKKmpJkyQk\" width=\"560\" height=\"315\" frameborder=\"0\" allowfullscreen=\"allowfullscreen\"><\/iframe><\/center><a href=\"https:\/\/m3studiosmiami.com\/wp-content\/uploads\/2017\/05\/COCINA-DE-MADRE.pdf\">&gt;&gt;Ver \/ Descargar versi\u00f3n pdf de Cocina de Madre -Sinopsis<\/a><\/p>\n<p><img loading=\"lazy\" decoding=\"async\" style=\"padding-right: 15px;\" title=\"COCINA-DE-MADRE-1\" src=\"https:\/\/m3studiosmiami.com\/wp-content\/uploads\/2017\/05\/COCINA-DE-MADRE-1-300x223.jpg\" alt=\"\" width=\"300\" height=\"223\"><img loading=\"lazy\" decoding=\"async\" style=\"padding-right: 15px;\" title=\"COCINA-DE-MADRE-2\" src=\"https:\/\/m3studiosmiami.com\/wp-content\/uploads\/2017\/05\/COCINA-DE-MADRE-2-300x223.jpg\" alt=\"\" width=\"300\" height=\"223\"><img loading=\"lazy\" decoding=\"async\" title=\"COCINA-DE-MADRE-3\" src=\"https:\/\/m3studiosmiami.com\/wp-content\/uploads\/2017\/05\/COCINA-DE-MADRE-3-300x223.jpg\" alt=\"\" width=\"300\" height=\"223\">[\/vc_column_text][\/vc_column][vc_column width=\u00bb1\/6&#8243;][\/vc_column][\/vc_row]\n<\/div>","protected":false},"excerpt":{"rendered":"<p>[vc_row][vc_column][\/vc_column][\/vc_row][vc_row full_width=\u00bbstretch_row_content_no_spaces\u00bb][vc_column width=\u00bb1\/6&#8243;][\/vc_column][vc_column width=\u00bb2\/3&#8243;][vc_column_text responsive_text=\u00bbtrue\u00bb width=\u00bb95%\u00bb font_family=\u00bbRaleway\u00bb color=\u00bb#222222&#8243; font_size=\u00bb16px\u00bb font_weight=\u00bb500&#8243;] Sinopsis: Las recetas de mi madre\u2026 \u00a1a la moderna! Divertida, entretenida y hasta medio retorcida\u2026 \u201cCocina de Madre\u201d es un programa humor\u00edstico de cocina como ning\u00fan otro. La actriz, modelo y comediante mexicana Victoria del Rosal le encuentra el lado c\u00f3mico a cualquier situaci\u00f3n de&hellip;<\/p>\n","protected":false},"author":1,"featured_media":0,"parent":7375,"menu_order":0,"comment_status":"closed","ping_status":"closed","template":"","meta":{"footnotes":""},"class_list":["post-7335","page","type-page","status-publish","hentry","entry","no-media"],"yoast_head":"<!-- This site is optimized with the Yoast SEO plugin v27.4 - https:\/\/yoast.com\/product\/yoast-seo-wordpress\/ -->\n<title>Cocina de Madre - M3 Studios Miami<\/title>\n<meta name=\"robots\" content=\"index, follow, max-snippet:-1, max-image-preview:large, max-video-preview:-1\" \/>\n<link rel=\"canonical\" href=\"https:\/\/m3studiosmiami.com\/es\/producciones\/cocina-de-madre\/\" \/>\n<meta property=\"og:locale\" content=\"es_ES\" \/>\n<meta property=\"og:type\" content=\"article\" \/>\n<meta property=\"og:title\" content=\"Cocina de Madre - M3 Studios Miami\" \/>\n<meta property=\"og:description\" content=\"[vc_row][vc_column][\/vc_column][\/vc_row][vc_row full_width=\u00bbstretch_row_content_no_spaces\u00bb][vc_column width=\u00bb1\/6&#8243;][\/vc_column][vc_column width=\u00bb2\/3&#8243;][vc_column_text responsive_text=\u00bbtrue\u00bb width=\u00bb95%\u00bb font_family=\u00bbRaleway\u00bb color=\u00bb#222222&#8243; font_size=\u00bb16px\u00bb font_weight=\u00bb500&#8243;] Sinopsis: Las recetas de mi madre\u2026 \u00a1a la moderna! Divertida, entretenida y hasta medio retorcida\u2026 \u201cCocina de Madre\u201d es un programa humor\u00edstico de cocina como ning\u00fan otro. La actriz, modelo y comediante mexicana Victoria del Rosal le encuentra el lado c\u00f3mico a cualquier situaci\u00f3n de&hellip;\" \/>\n<meta property=\"og:url\" content=\"https:\/\/m3studiosmiami.com\/es\/producciones\/cocina-de-madre\/\" \/>\n<meta property=\"og:site_name\" content=\"M3 Studios Miami\" \/>\n<meta property=\"article:publisher\" content=\"https:\/\/www.facebook.com\/M3StudiosMiami\" \/>\n<meta property=\"article:modified_time\" content=\"2021-03-07T07:59:22+00:00\" \/>\n<meta property=\"og:image\" content=\"https:\/\/m3studiosmiami.com\/wp-content\/uploads\/2017\/05\/Cocina-de-Madre-Header.jpg\" \/>\n<meta name=\"twitter:card\" content=\"summary_large_image\" \/>\n<meta name=\"twitter:site\" content=\"@m3studiosmiami\" \/>\n<meta name=\"twitter:label1\" content=\"Tiempo de lectura\" \/>\n\t<meta name=\"twitter:data1\" content=\"1 minuto\" \/>\n<script type=\"application\/ld+json\" class=\"yoast-schema-graph\">{\"@context\":\"https:\\\/\\\/schema.org\",\"@graph\":[{\"@type\":\"WebPage\",\"@id\":\"https:\\\/\\\/m3studiosmiami.com\\\/es\\\/producciones\\\/cocina-de-madre\\\/\",\"url\":\"https:\\\/\\\/m3studiosmiami.com\\\/es\\\/producciones\\\/cocina-de-madre\\\/\",\"name\":\"Cocina de Madre - M3 Studios Miami\",\"isPartOf\":{\"@id\":\"https:\\\/\\\/m3studiosmiami.com\\\/es\\\/#website\"},\"primaryImageOfPage\":{\"@id\":\"https:\\\/\\\/m3studiosmiami.com\\\/es\\\/producciones\\\/cocina-de-madre\\\/#primaryimage\"},\"image\":{\"@id\":\"https:\\\/\\\/m3studiosmiami.com\\\/es\\\/producciones\\\/cocina-de-madre\\\/#primaryimage\"},\"thumbnailUrl\":\"https:\\\/\\\/m3studiosmiami.com\\\/wp-content\\\/uploads\\\/2017\\\/05\\\/Cocina-de-Madre-Header.jpg\",\"datePublished\":\"2021-03-07T07:59:20+00:00\",\"dateModified\":\"2021-03-07T07:59:22+00:00\",\"breadcrumb\":{\"@id\":\"https:\\\/\\\/m3studiosmiami.com\\\/es\\\/producciones\\\/cocina-de-madre\\\/#breadcrumb\"},\"inLanguage\":\"es\",\"potentialAction\":[{\"@type\":\"ReadAction\",\"target\":[\"https:\\\/\\\/m3studiosmiami.com\\\/es\\\/producciones\\\/cocina-de-madre\\\/\"]}]},{\"@type\":\"ImageObject\",\"inLanguage\":\"es\",\"@id\":\"https:\\\/\\\/m3studiosmiami.com\\\/es\\\/producciones\\\/cocina-de-madre\\\/#primaryimage\",\"url\":\"https:\\\/\\\/m3studiosmiami.com\\\/wp-content\\\/uploads\\\/2017\\\/05\\\/Cocina-de-Madre-Header.jpg\",\"contentUrl\":\"https:\\\/\\\/m3studiosmiami.com\\\/wp-content\\\/uploads\\\/2017\\\/05\\\/Cocina-de-Madre-Header.jpg\"},{\"@type\":\"BreadcrumbList\",\"@id\":\"https:\\\/\\\/m3studiosmiami.com\\\/es\\\/producciones\\\/cocina-de-madre\\\/#breadcrumb\",\"itemListElement\":[{\"@type\":\"ListItem\",\"position\":1,\"name\":\"Home\",\"item\":\"https:\\\/\\\/m3studiosmiami.com\\\/es\\\/\"},{\"@type\":\"ListItem\",\"position\":2,\"name\":\"Producciones\",\"item\":\"https:\\\/\\\/m3studiosmiami.com\\\/es\\\/producciones\\\/\"},{\"@type\":\"ListItem\",\"position\":3,\"name\":\"Cocina de Madre\"}]},{\"@type\":\"WebSite\",\"@id\":\"https:\\\/\\\/m3studiosmiami.com\\\/es\\\/#website\",\"url\":\"https:\\\/\\\/m3studiosmiami.com\\\/es\\\/\",\"name\":\"M3 Studios Miami\",\"description\":\"South Florida\u2019s Largest Film Studio Facility\",\"publisher\":{\"@id\":\"https:\\\/\\\/m3studiosmiami.com\\\/es\\\/#organization\"},\"potentialAction\":[{\"@type\":\"SearchAction\",\"target\":{\"@type\":\"EntryPoint\",\"urlTemplate\":\"https:\\\/\\\/m3studiosmiami.com\\\/es\\\/?s={search_term_string}\"},\"query-input\":{\"@type\":\"PropertyValueSpecification\",\"valueRequired\":true,\"valueName\":\"search_term_string\"}}],\"inLanguage\":\"es\"},{\"@type\":\"Organization\",\"@id\":\"https:\\\/\\\/m3studiosmiami.com\\\/es\\\/#organization\",\"name\":\"M3 Studios\",\"url\":\"https:\\\/\\\/m3studiosmiami.com\\\/es\\\/\",\"logo\":{\"@type\":\"ImageObject\",\"inLanguage\":\"es\",\"@id\":\"https:\\\/\\\/m3studiosmiami.com\\\/es\\\/#\\\/schema\\\/logo\\\/image\\\/\",\"url\":\"https:\\\/\\\/m3studiosmiami.com\\\/wp-content\\\/uploads\\\/2017\\\/05\\\/M3_Studios-logo_small_revised1-1.png\",\"contentUrl\":\"https:\\\/\\\/m3studiosmiami.com\\\/wp-content\\\/uploads\\\/2017\\\/05\\\/M3_Studios-logo_small_revised1-1.png\",\"width\":87,\"height\":80,\"caption\":\"M3 Studios\"},\"image\":{\"@id\":\"https:\\\/\\\/m3studiosmiami.com\\\/es\\\/#\\\/schema\\\/logo\\\/image\\\/\"},\"sameAs\":[\"https:\\\/\\\/www.facebook.com\\\/M3StudiosMiami\",\"https:\\\/\\\/x.com\\\/m3studiosmiami\",\"https:\\\/\\\/www.instagram.com\\\/m3studiosmiami\\\/\",\"https:\\\/\\\/www.linkedin.com\\\/company\\\/m3-studios\\\/\",\"https:\\\/\\\/www.youtube.com\\\/user\\\/M3studiosMiami\"]}]}<\/script>\n<!-- \/ Yoast SEO plugin. -->","yoast_head_json":{"title":"Cocina de Madre - M3 Studios Miami","robots":{"index":"index","follow":"follow","max-snippet":"max-snippet:-1","max-image-preview":"max-image-preview:large","max-video-preview":"max-video-preview:-1"},"canonical":"https:\/\/m3studiosmiami.com\/es\/producciones\/cocina-de-madre\/","og_locale":"es_ES","og_type":"article","og_title":"Cocina de Madre - M3 Studios Miami","og_description":"[vc_row][vc_column][\/vc_column][\/vc_row][vc_row full_width=\u00bbstretch_row_content_no_spaces\u00bb][vc_column width=\u00bb1\/6&#8243;][\/vc_column][vc_column width=\u00bb2\/3&#8243;][vc_column_text responsive_text=\u00bbtrue\u00bb width=\u00bb95%\u00bb font_family=\u00bbRaleway\u00bb color=\u00bb#222222&#8243; font_size=\u00bb16px\u00bb font_weight=\u00bb500&#8243;] Sinopsis: Las recetas de mi madre\u2026 \u00a1a la moderna! Divertida, entretenida y hasta medio retorcida\u2026 \u201cCocina de Madre\u201d es un programa humor\u00edstico de cocina como ning\u00fan otro. La actriz, modelo y comediante mexicana Victoria del Rosal le encuentra el lado c\u00f3mico a cualquier situaci\u00f3n de&hellip;","og_url":"https:\/\/m3studiosmiami.com\/es\/producciones\/cocina-de-madre\/","og_site_name":"M3 Studios Miami","article_publisher":"https:\/\/www.facebook.com\/M3StudiosMiami","article_modified_time":"2021-03-07T07:59:22+00:00","og_image":[{"url":"https:\/\/m3studiosmiami.com\/wp-content\/uploads\/2017\/05\/Cocina-de-Madre-Header.jpg","type":"","width":"","height":""}],"twitter_card":"summary_large_image","twitter_site":"@m3studiosmiami","twitter_misc":{"Tiempo de lectura":"1 minuto"},"schema":{"@context":"https:\/\/schema.org","@graph":[{"@type":"WebPage","@id":"https:\/\/m3studiosmiami.com\/es\/producciones\/cocina-de-madre\/","url":"https:\/\/m3studiosmiami.com\/es\/producciones\/cocina-de-madre\/","name":"Cocina de Madre - M3 Studios Miami","isPartOf":{"@id":"https:\/\/m3studiosmiami.com\/es\/#website"},"primaryImageOfPage":{"@id":"https:\/\/m3studiosmiami.com\/es\/producciones\/cocina-de-madre\/#primaryimage"},"image":{"@id":"https:\/\/m3studiosmiami.com\/es\/producciones\/cocina-de-madre\/#primaryimage"},"thumbnailUrl":"https:\/\/m3studiosmiami.com\/wp-content\/uploads\/2017\/05\/Cocina-de-Madre-Header.jpg","datePublished":"2021-03-07T07:59:20+00:00","dateModified":"2021-03-07T07:59:22+00:00","breadcrumb":{"@id":"https:\/\/m3studiosmiami.com\/es\/producciones\/cocina-de-madre\/#breadcrumb"},"inLanguage":"es","potentialAction":[{"@type":"ReadAction","target":["https:\/\/m3studiosmiami.com\/es\/producciones\/cocina-de-madre\/"]}]},{"@type":"ImageObject","inLanguage":"es","@id":"https:\/\/m3studiosmiami.com\/es\/producciones\/cocina-de-madre\/#primaryimage","url":"https:\/\/m3studiosmiami.com\/wp-content\/uploads\/2017\/05\/Cocina-de-Madre-Header.jpg","contentUrl":"https:\/\/m3studiosmiami.com\/wp-content\/uploads\/2017\/05\/Cocina-de-Madre-Header.jpg"},{"@type":"BreadcrumbList","@id":"https:\/\/m3studiosmiami.com\/es\/producciones\/cocina-de-madre\/#breadcrumb","itemListElement":[{"@type":"ListItem","position":1,"name":"Home","item":"https:\/\/m3studiosmiami.com\/es\/"},{"@type":"ListItem","position":2,"name":"Producciones","item":"https:\/\/m3studiosmiami.com\/es\/producciones\/"},{"@type":"ListItem","position":3,"name":"Cocina de Madre"}]},{"@type":"WebSite","@id":"https:\/\/m3studiosmiami.com\/es\/#website","url":"https:\/\/m3studiosmiami.com\/es\/","name":"M3 Studios Miami","description":"South Florida\u2019s Largest Film Studio Facility","publisher":{"@id":"https:\/\/m3studiosmiami.com\/es\/#organization"},"potentialAction":[{"@type":"SearchAction","target":{"@type":"EntryPoint","urlTemplate":"https:\/\/m3studiosmiami.com\/es\/?s={search_term_string}"},"query-input":{"@type":"PropertyValueSpecification","valueRequired":true,"valueName":"search_term_string"}}],"inLanguage":"es"},{"@type":"Organization","@id":"https:\/\/m3studiosmiami.com\/es\/#organization","name":"M3 Studios","url":"https:\/\/m3studiosmiami.com\/es\/","logo":{"@type":"ImageObject","inLanguage":"es","@id":"https:\/\/m3studiosmiami.com\/es\/#\/schema\/logo\/image\/","url":"https:\/\/m3studiosmiami.com\/wp-content\/uploads\/2017\/05\/M3_Studios-logo_small_revised1-1.png","contentUrl":"https:\/\/m3studiosmiami.com\/wp-content\/uploads\/2017\/05\/M3_Studios-logo_small_revised1-1.png","width":87,"height":80,"caption":"M3 Studios"},"image":{"@id":"https:\/\/m3studiosmiami.com\/es\/#\/schema\/logo\/image\/"},"sameAs":["https:\/\/www.facebook.com\/M3StudiosMiami","https:\/\/x.com\/m3studiosmiami","https:\/\/www.instagram.com\/m3studiosmiami\/","https:\/\/www.linkedin.com\/company\/m3-studios\/","https:\/\/www.youtube.com\/user\/M3studiosMiami"]}]}},"_links":{"self":[{"href":"https:\/\/m3studiosmiami.com\/es\/wp-json\/wp\/v2\/pages\/7335","targetHints":{"allow":["GET"]}}],"collection":[{"href":"https:\/\/m3studiosmiami.com\/es\/wp-json\/wp\/v2\/pages"}],"about":[{"href":"https:\/\/m3studiosmiami.com\/es\/wp-json\/wp\/v2\/types\/page"}],"author":[{"embeddable":true,"href":"https:\/\/m3studiosmiami.com\/es\/wp-json\/wp\/v2\/users\/1"}],"replies":[{"embeddable":true,"href":"https:\/\/m3studiosmiami.com\/es\/wp-json\/wp\/v2\/comments?post=7335"}],"version-history":[{"count":1,"href":"https:\/\/m3studiosmiami.com\/es\/wp-json\/wp\/v2\/pages\/7335\/revisions"}],"predecessor-version":[{"id":7337,"href":"https:\/\/m3studiosmiami.com\/es\/wp-json\/wp\/v2\/pages\/7335\/revisions\/7337"}],"up":[{"embeddable":true,"href":"https:\/\/m3studiosmiami.com\/es\/wp-json\/wp\/v2\/pages\/7375"}],"wp:attachment":[{"href":"https:\/\/m3studiosmiami.com\/es\/wp-json\/wp\/v2\/media?parent=7335"}],"curies":[{"name":"wp","href":"https:\/\/api.w.org\/{rel}","templated":true}]}}