{"id":7319,"date":"2021-03-07T02:56:40","date_gmt":"2021-03-07T07:56:40","guid":{"rendered":"https:\/\/m3studiosmiami.com\/comiendo-latinos\/"},"modified":"2021-03-07T02:56:41","modified_gmt":"2021-03-07T07:56:41","slug":"comiendo-latinos","status":"publish","type":"page","link":"https:\/\/m3studiosmiami.com\/es\/producciones\/comiendo-latinos\/","title":{"rendered":"Comiendo latinos"},"content":{"rendered":"<div class=\"wpb-content-wrapper\">[vc_row][vc_column][\/vc_column][\/vc_row][vc_row full_width=\u00bbstretch_row_content_no_spaces\u00bb][vc_column width=\u00bb1\/6&#8243;][\/vc_column][vc_column width=\u00bb2\/3&#8243;][vc_column_text responsive_text=\u00bbtrue\u00bb font_family=\u00bbRaleway\u00bb color=\u00bb#222222&#8243; font_size=\u00bb16px\u00bb font_weight=\u00bb500&#8243;]\n<p><center><img loading=\"lazy\" decoding=\"async\" src=\"https:\/\/m3studiosmiami.com\/wp-content\/uploads\/2017\/05\/EATING-LATINS-Header.png\" alt=\"\" width=\"900\" height=\"316\"><\/center><\/p>\n<h1 style=\"font-size: 36px;\">Sinopsis:<\/h1>\n<h4 style=\"font-size: 20px;\">Comiendo \u00abs\u00bb latinas con Tatiana<\/h4>\n<p>Hazte a un lado a Sofia Vergara. Da un paso atr\u00e1s Giada De Laurentiis. Tatiana est\u00e1 aqu\u00ed con la mayor diversi\u00f3n que jam\u00e1s tendr\u00e1s aprendiendo a preparar los mejores y m\u00e1s populares platos latinos.<\/p>\n<p>La aclamada sexy actriz, presentadora, modelo y Miss M\u00e9xico 2001, Tatiana Rodr\u00edguez, te lleva en un viaje culinario para descubrir y preparar los platos m\u00e1s sabrosos de Espa\u00f1a y Am\u00e9rica Latina. No importa su lindo acento ingl\u00e9s o su mala pronunciaci\u00f3n y preste atenci\u00f3n, porque usar\u00e1 a su equipo de estudio para aprender una nueva palabra y corregirse en el aire, sin perder un solo lanzamiento.<\/p>\n<p>Este programa te ense\u00f1a c\u00f3mo crear los platos latinos m\u00e1s deliciosos mientras te r\u00edes desde la cocina hasta el mercado. Desde sus traducciones espont\u00e1neas hasta su personalidad juguetona y caras divertidas, Tatiana es la chef latina con la que todos queremos aprender a cocinar\u2026 TODOS LOS DIAS.<\/p>\n<h4 style=\"font-size: 20px;\">Las MEJORES recetas latinas:<\/h4>\n<ul>\n<li>Pollo con Arroz (Cuba)<\/li>\n<li>Paella Valenciana (Espa\u00f1a)<\/li>\n<li>Fijoada (Brasil)<\/li>\n<li>Camarones al ajillo (Espa\u00f1a)<\/li>\n<li>Empanadas (Argentina)<\/li>\n<li>Burritos (M\u00e9xico)<\/li>\n<li>Chilaquiles (M\u00e9xico)<\/li>\n<li>Ceviche (Per\u00fa)<\/li>\n<li>Arroz con Gandules (PR)<\/li>\n<li>Arepas (Venenzuela)<\/li>\n<li>Tapas (Espa\u00f1a)<\/li>\n<li>Parrillada (Argentina)<\/li>\n<\/ul>\n<p><center><iframe loading=\"lazy\" src=\"http:\/\/www.youtube.com\/embed\/SyuesMSMBWo\" width=\"560\" height=\"315\" frameborder=\"0\" allowfullscreen=\"allowfullscreen\"><\/iframe><\/center><br \/>\n<a href=\"https:\/\/m3studiosmiami.com\/wp-content\/uploads\/2017\/05\/EATING-LATINS-generic.pdf\">&gt;&gt;Ver \/ Descargar la versi\u00f3n pdf de Eating Latins -Sinopsis<\/a><\/p>\n<p><center><img loading=\"lazy\" decoding=\"async\" title=\"TATIANA RODRIGUEZ 1\" src=\"https:\/\/m3studiosmiami.com\/wp-content\/uploads\/2017\/05\/TATIANA-RODRIGUEZ-1-300x223.png\" alt=\"\" width=\"300\" height=\"223\"><img decoding=\"async\" title=\"TATIANA RODRIGUEZ 4\" src=\"https:\/\/m3studiosmiami.com\/wp-content\/uploads\/2017\/05\/TATIANA-RODRIGUEZ-4-300x223.png\" alt=\" ancho =\" height=\"223\"><img loading=\"lazy\" decoding=\"async\" title=\"TATIANA RODRIGUEZ 9\" src=\"https:\/\/m3studiosmiami.com\/wp-content\/uploads\/2017\/05\/TATIANA-RODRIGUEZ-9-300x223.png\" alt=\"\" width=\"300\" height=\"223\"><\/center>[\/vc_column_text][\/vc_column][vc_column width=\u00bb1\/6&#8243;][\/vc_column][\/vc_row]\n<\/div>","protected":false},"excerpt":{"rendered":"<p>[vc_row][vc_column][\/vc_column][\/vc_row][vc_row full_width=\u00bbstretch_row_content_no_spaces\u00bb][vc_column width=\u00bb1\/6&#8243;][\/vc_column][vc_column width=\u00bb2\/3&#8243;][vc_column_text responsive_text=\u00bbtrue\u00bb font_family=\u00bbRaleway\u00bb color=\u00bb#222222&#8243; font_size=\u00bb16px\u00bb font_weight=\u00bb500&#8243;] Sinopsis: Comiendo \u00abs\u00bb latinas con Tatiana Hazte a un lado a Sofia Vergara. Da un paso atr\u00e1s Giada De Laurentiis. Tatiana est\u00e1 aqu\u00ed con la mayor diversi\u00f3n que jam\u00e1s tendr\u00e1s aprendiendo a preparar los mejores y m\u00e1s populares platos latinos. La aclamada sexy actriz, presentadora, modelo&hellip;<\/p>\n","protected":false},"author":1,"featured_media":0,"parent":7375,"menu_order":0,"comment_status":"closed","ping_status":"closed","template":"","meta":{"footnotes":""},"class_list":["post-7319","page","type-page","status-publish","hentry","entry","no-media"],"yoast_head":"<!-- This site is optimized with the Yoast SEO plugin v27.4 - https:\/\/yoast.com\/product\/yoast-seo-wordpress\/ -->\n<title>Comiendo latinos - M3 Studios Miami<\/title>\n<meta name=\"robots\" content=\"index, follow, max-snippet:-1, max-image-preview:large, max-video-preview:-1\" \/>\n<link rel=\"canonical\" href=\"https:\/\/m3studiosmiami.com\/es\/producciones\/comiendo-latinos\/\" \/>\n<meta property=\"og:locale\" content=\"es_ES\" \/>\n<meta property=\"og:type\" content=\"article\" \/>\n<meta property=\"og:title\" content=\"Comiendo latinos - M3 Studios Miami\" \/>\n<meta property=\"og:description\" content=\"[vc_row][vc_column][\/vc_column][\/vc_row][vc_row full_width=\u00bbstretch_row_content_no_spaces\u00bb][vc_column width=\u00bb1\/6&#8243;][\/vc_column][vc_column width=\u00bb2\/3&#8243;][vc_column_text responsive_text=\u00bbtrue\u00bb font_family=\u00bbRaleway\u00bb color=\u00bb#222222&#8243; font_size=\u00bb16px\u00bb font_weight=\u00bb500&#8243;] Sinopsis: Comiendo \u00abs\u00bb latinas con Tatiana Hazte a un lado a Sofia Vergara. Da un paso atr\u00e1s Giada De Laurentiis. Tatiana est\u00e1 aqu\u00ed con la mayor diversi\u00f3n que jam\u00e1s tendr\u00e1s aprendiendo a preparar los mejores y m\u00e1s populares platos latinos. La aclamada sexy actriz, presentadora, modelo&hellip;\" \/>\n<meta property=\"og:url\" content=\"https:\/\/m3studiosmiami.com\/es\/producciones\/comiendo-latinos\/\" \/>\n<meta property=\"og:site_name\" content=\"M3 Studios Miami\" \/>\n<meta property=\"article:publisher\" content=\"https:\/\/www.facebook.com\/M3StudiosMiami\" \/>\n<meta property=\"article:modified_time\" content=\"2021-03-07T07:56:41+00:00\" \/>\n<meta property=\"og:image\" content=\"https:\/\/m3studiosmiami.com\/wp-content\/uploads\/2017\/05\/EATING-LATINS-Header.png\" \/>\n<meta name=\"twitter:card\" content=\"summary_large_image\" \/>\n<meta name=\"twitter:site\" content=\"@m3studiosmiami\" \/>\n<meta name=\"twitter:label1\" content=\"Tiempo de lectura\" \/>\n\t<meta name=\"twitter:data1\" content=\"1 minuto\" \/>\n<script type=\"application\/ld+json\" class=\"yoast-schema-graph\">{\"@context\":\"https:\\\/\\\/schema.org\",\"@graph\":[{\"@type\":\"WebPage\",\"@id\":\"https:\\\/\\\/m3studiosmiami.com\\\/es\\\/producciones\\\/comiendo-latinos\\\/\",\"url\":\"https:\\\/\\\/m3studiosmiami.com\\\/es\\\/producciones\\\/comiendo-latinos\\\/\",\"name\":\"Comiendo latinos - M3 Studios Miami\",\"isPartOf\":{\"@id\":\"https:\\\/\\\/m3studiosmiami.com\\\/es\\\/#website\"},\"primaryImageOfPage\":{\"@id\":\"https:\\\/\\\/m3studiosmiami.com\\\/es\\\/producciones\\\/comiendo-latinos\\\/#primaryimage\"},\"image\":{\"@id\":\"https:\\\/\\\/m3studiosmiami.com\\\/es\\\/producciones\\\/comiendo-latinos\\\/#primaryimage\"},\"thumbnailUrl\":\"https:\\\/\\\/m3studiosmiami.com\\\/wp-content\\\/uploads\\\/2017\\\/05\\\/EATING-LATINS-Header.png\",\"datePublished\":\"2021-03-07T07:56:40+00:00\",\"dateModified\":\"2021-03-07T07:56:41+00:00\",\"breadcrumb\":{\"@id\":\"https:\\\/\\\/m3studiosmiami.com\\\/es\\\/producciones\\\/comiendo-latinos\\\/#breadcrumb\"},\"inLanguage\":\"es\",\"potentialAction\":[{\"@type\":\"ReadAction\",\"target\":[\"https:\\\/\\\/m3studiosmiami.com\\\/es\\\/producciones\\\/comiendo-latinos\\\/\"]}]},{\"@type\":\"ImageObject\",\"inLanguage\":\"es\",\"@id\":\"https:\\\/\\\/m3studiosmiami.com\\\/es\\\/producciones\\\/comiendo-latinos\\\/#primaryimage\",\"url\":\"https:\\\/\\\/m3studiosmiami.com\\\/wp-content\\\/uploads\\\/2017\\\/05\\\/EATING-LATINS-Header.png\",\"contentUrl\":\"https:\\\/\\\/m3studiosmiami.com\\\/wp-content\\\/uploads\\\/2017\\\/05\\\/EATING-LATINS-Header.png\"},{\"@type\":\"BreadcrumbList\",\"@id\":\"https:\\\/\\\/m3studiosmiami.com\\\/es\\\/producciones\\\/comiendo-latinos\\\/#breadcrumb\",\"itemListElement\":[{\"@type\":\"ListItem\",\"position\":1,\"name\":\"Home\",\"item\":\"https:\\\/\\\/m3studiosmiami.com\\\/es\\\/\"},{\"@type\":\"ListItem\",\"position\":2,\"name\":\"Producciones\",\"item\":\"https:\\\/\\\/m3studiosmiami.com\\\/es\\\/producciones\\\/\"},{\"@type\":\"ListItem\",\"position\":3,\"name\":\"Comiendo latinos\"}]},{\"@type\":\"WebSite\",\"@id\":\"https:\\\/\\\/m3studiosmiami.com\\\/es\\\/#website\",\"url\":\"https:\\\/\\\/m3studiosmiami.com\\\/es\\\/\",\"name\":\"M3 Studios Miami\",\"description\":\"South Florida\u2019s Largest Film Studio Facility\",\"publisher\":{\"@id\":\"https:\\\/\\\/m3studiosmiami.com\\\/es\\\/#organization\"},\"potentialAction\":[{\"@type\":\"SearchAction\",\"target\":{\"@type\":\"EntryPoint\",\"urlTemplate\":\"https:\\\/\\\/m3studiosmiami.com\\\/es\\\/?s={search_term_string}\"},\"query-input\":{\"@type\":\"PropertyValueSpecification\",\"valueRequired\":true,\"valueName\":\"search_term_string\"}}],\"inLanguage\":\"es\"},{\"@type\":\"Organization\",\"@id\":\"https:\\\/\\\/m3studiosmiami.com\\\/es\\\/#organization\",\"name\":\"M3 Studios\",\"url\":\"https:\\\/\\\/m3studiosmiami.com\\\/es\\\/\",\"logo\":{\"@type\":\"ImageObject\",\"inLanguage\":\"es\",\"@id\":\"https:\\\/\\\/m3studiosmiami.com\\\/es\\\/#\\\/schema\\\/logo\\\/image\\\/\",\"url\":\"https:\\\/\\\/m3studiosmiami.com\\\/wp-content\\\/uploads\\\/2017\\\/05\\\/M3_Studios-logo_small_revised1-1.png\",\"contentUrl\":\"https:\\\/\\\/m3studiosmiami.com\\\/wp-content\\\/uploads\\\/2017\\\/05\\\/M3_Studios-logo_small_revised1-1.png\",\"width\":87,\"height\":80,\"caption\":\"M3 Studios\"},\"image\":{\"@id\":\"https:\\\/\\\/m3studiosmiami.com\\\/es\\\/#\\\/schema\\\/logo\\\/image\\\/\"},\"sameAs\":[\"https:\\\/\\\/www.facebook.com\\\/M3StudiosMiami\",\"https:\\\/\\\/x.com\\\/m3studiosmiami\",\"https:\\\/\\\/www.instagram.com\\\/m3studiosmiami\\\/\",\"https:\\\/\\\/www.linkedin.com\\\/company\\\/m3-studios\\\/\",\"https:\\\/\\\/www.youtube.com\\\/user\\\/M3studiosMiami\"]}]}<\/script>\n<!-- \/ Yoast SEO plugin. -->","yoast_head_json":{"title":"Comiendo latinos - M3 Studios Miami","robots":{"index":"index","follow":"follow","max-snippet":"max-snippet:-1","max-image-preview":"max-image-preview:large","max-video-preview":"max-video-preview:-1"},"canonical":"https:\/\/m3studiosmiami.com\/es\/producciones\/comiendo-latinos\/","og_locale":"es_ES","og_type":"article","og_title":"Comiendo latinos - M3 Studios Miami","og_description":"[vc_row][vc_column][\/vc_column][\/vc_row][vc_row full_width=\u00bbstretch_row_content_no_spaces\u00bb][vc_column width=\u00bb1\/6&#8243;][\/vc_column][vc_column width=\u00bb2\/3&#8243;][vc_column_text responsive_text=\u00bbtrue\u00bb font_family=\u00bbRaleway\u00bb color=\u00bb#222222&#8243; font_size=\u00bb16px\u00bb font_weight=\u00bb500&#8243;] Sinopsis: Comiendo \u00abs\u00bb latinas con Tatiana Hazte a un lado a Sofia Vergara. Da un paso atr\u00e1s Giada De Laurentiis. Tatiana est\u00e1 aqu\u00ed con la mayor diversi\u00f3n que jam\u00e1s tendr\u00e1s aprendiendo a preparar los mejores y m\u00e1s populares platos latinos. La aclamada sexy actriz, presentadora, modelo&hellip;","og_url":"https:\/\/m3studiosmiami.com\/es\/producciones\/comiendo-latinos\/","og_site_name":"M3 Studios Miami","article_publisher":"https:\/\/www.facebook.com\/M3StudiosMiami","article_modified_time":"2021-03-07T07:56:41+00:00","og_image":[{"url":"https:\/\/m3studiosmiami.com\/wp-content\/uploads\/2017\/05\/EATING-LATINS-Header.png","type":"","width":"","height":""}],"twitter_card":"summary_large_image","twitter_site":"@m3studiosmiami","twitter_misc":{"Tiempo de lectura":"1 minuto"},"schema":{"@context":"https:\/\/schema.org","@graph":[{"@type":"WebPage","@id":"https:\/\/m3studiosmiami.com\/es\/producciones\/comiendo-latinos\/","url":"https:\/\/m3studiosmiami.com\/es\/producciones\/comiendo-latinos\/","name":"Comiendo latinos - M3 Studios Miami","isPartOf":{"@id":"https:\/\/m3studiosmiami.com\/es\/#website"},"primaryImageOfPage":{"@id":"https:\/\/m3studiosmiami.com\/es\/producciones\/comiendo-latinos\/#primaryimage"},"image":{"@id":"https:\/\/m3studiosmiami.com\/es\/producciones\/comiendo-latinos\/#primaryimage"},"thumbnailUrl":"https:\/\/m3studiosmiami.com\/wp-content\/uploads\/2017\/05\/EATING-LATINS-Header.png","datePublished":"2021-03-07T07:56:40+00:00","dateModified":"2021-03-07T07:56:41+00:00","breadcrumb":{"@id":"https:\/\/m3studiosmiami.com\/es\/producciones\/comiendo-latinos\/#breadcrumb"},"inLanguage":"es","potentialAction":[{"@type":"ReadAction","target":["https:\/\/m3studiosmiami.com\/es\/producciones\/comiendo-latinos\/"]}]},{"@type":"ImageObject","inLanguage":"es","@id":"https:\/\/m3studiosmiami.com\/es\/producciones\/comiendo-latinos\/#primaryimage","url":"https:\/\/m3studiosmiami.com\/wp-content\/uploads\/2017\/05\/EATING-LATINS-Header.png","contentUrl":"https:\/\/m3studiosmiami.com\/wp-content\/uploads\/2017\/05\/EATING-LATINS-Header.png"},{"@type":"BreadcrumbList","@id":"https:\/\/m3studiosmiami.com\/es\/producciones\/comiendo-latinos\/#breadcrumb","itemListElement":[{"@type":"ListItem","position":1,"name":"Home","item":"https:\/\/m3studiosmiami.com\/es\/"},{"@type":"ListItem","position":2,"name":"Producciones","item":"https:\/\/m3studiosmiami.com\/es\/producciones\/"},{"@type":"ListItem","position":3,"name":"Comiendo latinos"}]},{"@type":"WebSite","@id":"https:\/\/m3studiosmiami.com\/es\/#website","url":"https:\/\/m3studiosmiami.com\/es\/","name":"M3 Studios Miami","description":"South Florida\u2019s Largest Film Studio Facility","publisher":{"@id":"https:\/\/m3studiosmiami.com\/es\/#organization"},"potentialAction":[{"@type":"SearchAction","target":{"@type":"EntryPoint","urlTemplate":"https:\/\/m3studiosmiami.com\/es\/?s={search_term_string}"},"query-input":{"@type":"PropertyValueSpecification","valueRequired":true,"valueName":"search_term_string"}}],"inLanguage":"es"},{"@type":"Organization","@id":"https:\/\/m3studiosmiami.com\/es\/#organization","name":"M3 Studios","url":"https:\/\/m3studiosmiami.com\/es\/","logo":{"@type":"ImageObject","inLanguage":"es","@id":"https:\/\/m3studiosmiami.com\/es\/#\/schema\/logo\/image\/","url":"https:\/\/m3studiosmiami.com\/wp-content\/uploads\/2017\/05\/M3_Studios-logo_small_revised1-1.png","contentUrl":"https:\/\/m3studiosmiami.com\/wp-content\/uploads\/2017\/05\/M3_Studios-logo_small_revised1-1.png","width":87,"height":80,"caption":"M3 Studios"},"image":{"@id":"https:\/\/m3studiosmiami.com\/es\/#\/schema\/logo\/image\/"},"sameAs":["https:\/\/www.facebook.com\/M3StudiosMiami","https:\/\/x.com\/m3studiosmiami","https:\/\/www.instagram.com\/m3studiosmiami\/","https:\/\/www.linkedin.com\/company\/m3-studios\/","https:\/\/www.youtube.com\/user\/M3studiosMiami"]}]}},"_links":{"self":[{"href":"https:\/\/m3studiosmiami.com\/es\/wp-json\/wp\/v2\/pages\/7319","targetHints":{"allow":["GET"]}}],"collection":[{"href":"https:\/\/m3studiosmiami.com\/es\/wp-json\/wp\/v2\/pages"}],"about":[{"href":"https:\/\/m3studiosmiami.com\/es\/wp-json\/wp\/v2\/types\/page"}],"author":[{"embeddable":true,"href":"https:\/\/m3studiosmiami.com\/es\/wp-json\/wp\/v2\/users\/1"}],"replies":[{"embeddable":true,"href":"https:\/\/m3studiosmiami.com\/es\/wp-json\/wp\/v2\/comments?post=7319"}],"version-history":[{"count":1,"href":"https:\/\/m3studiosmiami.com\/es\/wp-json\/wp\/v2\/pages\/7319\/revisions"}],"predecessor-version":[{"id":7321,"href":"https:\/\/m3studiosmiami.com\/es\/wp-json\/wp\/v2\/pages\/7319\/revisions\/7321"}],"up":[{"embeddable":true,"href":"https:\/\/m3studiosmiami.com\/es\/wp-json\/wp\/v2\/pages\/7375"}],"wp:attachment":[{"href":"https:\/\/m3studiosmiami.com\/es\/wp-json\/wp\/v2\/media?parent=7319"}],"curies":[{"name":"wp","href":"https:\/\/api.w.org\/{rel}","templated":true}]}}