{"id":7304,"date":"2021-03-07T02:55:54","date_gmt":"2021-03-07T07:55:54","guid":{"rendered":"https:\/\/m3studiosmiami.com\/chef-afropolitan\/"},"modified":"2021-03-07T02:55:57","modified_gmt":"2021-03-07T07:55:57","slug":"chef-afropolitan","status":"publish","type":"page","link":"https:\/\/m3studiosmiami.com\/es\/producciones\/chef-afropolitan\/","title":{"rendered":"Chef Afropolitan"},"content":{"rendered":"<div class=\"wpb-content-wrapper\">[vc_row full_width=\u00bbstretch_row_content_no_spaces\u00bb][vc_column width=\u00bb1\/6&#8243;][\/vc_column][vc_column width=\u00bb1\/12&#8243;][\/vc_column][vc_column width=\u00bb1\/4&#8243;][\/vc_column][vc_column width=\u00bb1\/3&#8243;][\/vc_column][vc_column width=\u00bb1\/6&#8243;][\/vc_column][\/vc_row][vc_row full_width=\u00bbstretch_row_content_no_spaces\u00bb][vc_column width=\u00bb1\/6&#8243;][\/vc_column][vc_column width=\u00bb2\/3&#8243;][vc_column_text responsive_text=\u00bbtrue\u00bb font_family=\u00bbRaleway\u00bb color=\u00bb#222222&#8243; font_size=\u00bb16px\u00bb font_weight=\u00bb500&#8243; width=\u00bb95%\u00bb]<img loading=\"lazy\" decoding=\"async\" class=\"alignright size-full wp-image-1379\" src=\"https:\/\/m3studiosmiami.com\/wp-content\/uploads\/2013\/01\/Afro-e1357844985419.png\" alt=\"Afro\" width=\"499\" height=\"100\"><\/p>\n<h1 style=\"font-size: 36px;\">Sinopsis:<\/h1>\n<p><img loading=\"lazy\" decoding=\"async\" class=\"alignright size-full wp-image-1397\" src=\"https:\/\/m3studiosmiami.com\/wp-content\/uploads\/2013\/01\/Afro-2-e1357844292523.png\" alt=\"Afro-2\" width=\"499\" height=\"600\"><\/p>\n<h4 style=\"font-size: 20px;\">Chef Afropolitan<\/h4>\n<p><strong>\u00a1\u00a1\u00a1Come con el coraz\u00f3n, a la manera afropolitana !!!<\/strong><\/p>\n<p>Una fusi\u00f3n de comida de inspiraci\u00f3n africana llena de sabor, color y cultura.<\/p>\n<p>Yetunde Taiwo, criado en Nigeria, te lleva a un fascinante y entretenido viaje culinario para descubrir los impresionantes colores y los vibrantes sabores de \u00c1frica.<\/p>\n<p>La \u00abnueva cocina\u00bb de \u00c1frica es un h\u00edbrido de aromas y sabores, un crisol de diversidad e influencias culturales que se extienden por todo el mundo. \u201cAfropolitan Chef\u201d trata sobre un estilo de vida gastron\u00f3mico inspirado en \u00c1frica e influenciado por especias, t\u00e9cnicas y sabores de todo el mundo. Desde el arroz Jollof hasta Ikokore, pasando por la quinua, este es un mundo de descubrimientos y sensaciones.<\/p>\n<p>Con su herencia e influencias africanas y sus perspectivas globales, la chef Yetunde personifica a la creadora de tendencias internacionalmente m\u00f3vil de los afrodescendientes que est\u00e1 dejando su sello en el mundo culinario y se est\u00e1 convirtiendo en la embajadora de la cocina africana moderna.<\/p>\n<p><strong>G\u00e9nero:<\/strong> Fusi\u00f3n<br \/>\n<strong>Formato:<\/strong> 13 x \u00bd hora &#8211; HD<br \/>\n<strong>Elementos:<\/strong><\/p>\n<ul>\n<li>Recetas e Historia<\/li>\n<li>Consejos pr\u00e1cticos<\/li>\n<li>Salud y Nutrici\u00f3n<\/li>\n<li>Ingredientes y propiedades<\/li>\n<\/ul>\n<p><strong> Oportunidades de formato:<\/strong><\/p>\n<ul>\n<li>Varias plataformas<\/li>\n<li>Integraciones de productos<\/li>\n<li>Interactivo<\/li>\n<li>Redes sociales<\/li>\n<\/ul>\n<p><center><iframe loading=\"lazy\" src=\"http:\/\/www.youtube.com\/embed\/rDH60mCYQco\" width=\"560\" height=\"315\" frameborder=\"0\" allowfullscreen=\"allowfullscreen\"><\/iframe><\/center><br \/>\n<a style=\"color: #00aeef;\" href=\"https:\/\/m3studiosmiami.com\/wp-content\/uploads\/2017\/05\/AFROPOLITAN.pdf\">&gt;&gt;Ver \/ Descargar la versi\u00f3n pdf de Afropolitan Chef -Sinopsis<\/a><\/p>\n<p><center><img decoding=\"async\" src=\"https:\/\/m3studiosmiami.com\/wp-content\/uploads\/2017\/05\/Afro-3A.png\" alt=\"\" height=\"176px\"><img decoding=\"async\" src=\"https:\/\/m3studiosmiami.com\/wp-content\/uploads\/2017\/05\/Afro-3B.png\" alt=\"\" height=\"176px\"><img decoding=\"async\" src=\"https:\/\/m3studiosmiami.com\/wp-content\/uploads\/2017\/05\/Afro-3C-e1357843641793.png\" alt=\"\" height=\"176px\"><img decoding=\"async\" src=\"https:\/\/m3studiosmiami.com\/wp-content\/uploads\/2017\/05\/Afro-3D-e1357843710921.png\" alt=\"\" height=\"176px\"><\/center>[\/vc_column_text][\/vc_column][vc_column width=\u00bb1\/6&#8243;][\/vc_column][\/vc_row]\n<\/div>","protected":false},"excerpt":{"rendered":"<p>[vc_row full_width=\u00bbstretch_row_content_no_spaces\u00bb][vc_column width=\u00bb1\/6&#8243;][\/vc_column][vc_column width=\u00bb1\/12&#8243;][\/vc_column][vc_column width=\u00bb1\/4&#8243;][\/vc_column][vc_column width=\u00bb1\/3&#8243;][\/vc_column][vc_column width=\u00bb1\/6&#8243;][\/vc_column][\/vc_row][vc_row full_width=\u00bbstretch_row_content_no_spaces\u00bb][vc_column width=\u00bb1\/6&#8243;][\/vc_column][vc_column width=\u00bb2\/3&#8243;][vc_column_text responsive_text=\u00bbtrue\u00bb font_family=\u00bbRaleway\u00bb color=\u00bb#222222&#8243; font_size=\u00bb16px\u00bb font_weight=\u00bb500&#8243; width=\u00bb95%\u00bb] Sinopsis: Chef Afropolitan \u00a1\u00a1\u00a1Come con el coraz\u00f3n, a la manera afropolitana !!! Una fusi\u00f3n de comida de inspiraci\u00f3n africana llena de sabor, color y cultura. Yetunde Taiwo, criado en Nigeria, te lleva a un fascinante y entretenido viaje culinario&hellip;<\/p>\n","protected":false},"author":1,"featured_media":0,"parent":7375,"menu_order":0,"comment_status":"closed","ping_status":"closed","template":"","meta":{"footnotes":""},"class_list":["post-7304","page","type-page","status-publish","hentry","entry","no-media"],"yoast_head":"<!-- This site is optimized with the Yoast SEO plugin v27.4 - https:\/\/yoast.com\/product\/yoast-seo-wordpress\/ -->\n<title>Chef Afropolitan - M3 Studios Miami<\/title>\n<meta name=\"robots\" content=\"index, follow, max-snippet:-1, max-image-preview:large, max-video-preview:-1\" \/>\n<link rel=\"canonical\" href=\"https:\/\/m3studiosmiami.com\/es\/producciones\/chef-afropolitan\/\" \/>\n<meta property=\"og:locale\" content=\"es_ES\" \/>\n<meta property=\"og:type\" content=\"article\" \/>\n<meta property=\"og:title\" content=\"Chef Afropolitan - M3 Studios Miami\" \/>\n<meta property=\"og:description\" content=\"[vc_row full_width=\u00bbstretch_row_content_no_spaces\u00bb][vc_column width=\u00bb1\/6&#8243;][\/vc_column][vc_column width=\u00bb1\/12&#8243;][\/vc_column][vc_column width=\u00bb1\/4&#8243;][\/vc_column][vc_column width=\u00bb1\/3&#8243;][\/vc_column][vc_column width=\u00bb1\/6&#8243;][\/vc_column][\/vc_row][vc_row full_width=\u00bbstretch_row_content_no_spaces\u00bb][vc_column width=\u00bb1\/6&#8243;][\/vc_column][vc_column width=\u00bb2\/3&#8243;][vc_column_text responsive_text=\u00bbtrue\u00bb font_family=\u00bbRaleway\u00bb color=\u00bb#222222&#8243; font_size=\u00bb16px\u00bb font_weight=\u00bb500&#8243; width=\u00bb95%\u00bb] Sinopsis: Chef Afropolitan \u00a1\u00a1\u00a1Come con el coraz\u00f3n, a la manera afropolitana !!! Una fusi\u00f3n de comida de inspiraci\u00f3n africana llena de sabor, color y cultura. Yetunde Taiwo, criado en Nigeria, te lleva a un fascinante y entretenido viaje culinario&hellip;\" \/>\n<meta property=\"og:url\" content=\"https:\/\/m3studiosmiami.com\/es\/producciones\/chef-afropolitan\/\" \/>\n<meta property=\"og:site_name\" content=\"M3 Studios Miami\" \/>\n<meta property=\"article:publisher\" content=\"https:\/\/www.facebook.com\/M3StudiosMiami\" \/>\n<meta property=\"article:modified_time\" content=\"2021-03-07T07:55:57+00:00\" \/>\n<meta property=\"og:image\" content=\"https:\/\/m3studiosmiami.com\/wp-content\/uploads\/2013\/01\/Afro-e1357844985419.png\" \/>\n<meta name=\"twitter:card\" content=\"summary_large_image\" \/>\n<meta name=\"twitter:site\" content=\"@m3studiosmiami\" \/>\n<meta name=\"twitter:label1\" content=\"Tiempo de lectura\" \/>\n\t<meta name=\"twitter:data1\" content=\"1 minuto\" \/>\n<script type=\"application\/ld+json\" class=\"yoast-schema-graph\">{\"@context\":\"https:\\\/\\\/schema.org\",\"@graph\":[{\"@type\":\"WebPage\",\"@id\":\"https:\\\/\\\/m3studiosmiami.com\\\/es\\\/producciones\\\/chef-afropolitan\\\/\",\"url\":\"https:\\\/\\\/m3studiosmiami.com\\\/es\\\/producciones\\\/chef-afropolitan\\\/\",\"name\":\"Chef Afropolitan - M3 Studios Miami\",\"isPartOf\":{\"@id\":\"https:\\\/\\\/m3studiosmiami.com\\\/es\\\/#website\"},\"primaryImageOfPage\":{\"@id\":\"https:\\\/\\\/m3studiosmiami.com\\\/es\\\/producciones\\\/chef-afropolitan\\\/#primaryimage\"},\"image\":{\"@id\":\"https:\\\/\\\/m3studiosmiami.com\\\/es\\\/producciones\\\/chef-afropolitan\\\/#primaryimage\"},\"thumbnailUrl\":\"https:\\\/\\\/m3studiosmiami.com\\\/wp-content\\\/uploads\\\/2013\\\/01\\\/Afro-e1357844985419.png\",\"datePublished\":\"2021-03-07T07:55:54+00:00\",\"dateModified\":\"2021-03-07T07:55:57+00:00\",\"breadcrumb\":{\"@id\":\"https:\\\/\\\/m3studiosmiami.com\\\/es\\\/producciones\\\/chef-afropolitan\\\/#breadcrumb\"},\"inLanguage\":\"es\",\"potentialAction\":[{\"@type\":\"ReadAction\",\"target\":[\"https:\\\/\\\/m3studiosmiami.com\\\/es\\\/producciones\\\/chef-afropolitan\\\/\"]}]},{\"@type\":\"ImageObject\",\"inLanguage\":\"es\",\"@id\":\"https:\\\/\\\/m3studiosmiami.com\\\/es\\\/producciones\\\/chef-afropolitan\\\/#primaryimage\",\"url\":\"https:\\\/\\\/m3studiosmiami.com\\\/wp-content\\\/uploads\\\/2013\\\/01\\\/Afro-e1357844985419.png\",\"contentUrl\":\"https:\\\/\\\/m3studiosmiami.com\\\/wp-content\\\/uploads\\\/2013\\\/01\\\/Afro-e1357844985419.png\"},{\"@type\":\"BreadcrumbList\",\"@id\":\"https:\\\/\\\/m3studiosmiami.com\\\/es\\\/producciones\\\/chef-afropolitan\\\/#breadcrumb\",\"itemListElement\":[{\"@type\":\"ListItem\",\"position\":1,\"name\":\"Home\",\"item\":\"https:\\\/\\\/m3studiosmiami.com\\\/es\\\/\"},{\"@type\":\"ListItem\",\"position\":2,\"name\":\"Producciones\",\"item\":\"https:\\\/\\\/m3studiosmiami.com\\\/es\\\/producciones\\\/\"},{\"@type\":\"ListItem\",\"position\":3,\"name\":\"Chef Afropolitan\"}]},{\"@type\":\"WebSite\",\"@id\":\"https:\\\/\\\/m3studiosmiami.com\\\/es\\\/#website\",\"url\":\"https:\\\/\\\/m3studiosmiami.com\\\/es\\\/\",\"name\":\"M3 Studios Miami\",\"description\":\"South Florida\u2019s Largest Film Studio Facility\",\"publisher\":{\"@id\":\"https:\\\/\\\/m3studiosmiami.com\\\/es\\\/#organization\"},\"potentialAction\":[{\"@type\":\"SearchAction\",\"target\":{\"@type\":\"EntryPoint\",\"urlTemplate\":\"https:\\\/\\\/m3studiosmiami.com\\\/es\\\/?s={search_term_string}\"},\"query-input\":{\"@type\":\"PropertyValueSpecification\",\"valueRequired\":true,\"valueName\":\"search_term_string\"}}],\"inLanguage\":\"es\"},{\"@type\":\"Organization\",\"@id\":\"https:\\\/\\\/m3studiosmiami.com\\\/es\\\/#organization\",\"name\":\"M3 Studios\",\"url\":\"https:\\\/\\\/m3studiosmiami.com\\\/es\\\/\",\"logo\":{\"@type\":\"ImageObject\",\"inLanguage\":\"es\",\"@id\":\"https:\\\/\\\/m3studiosmiami.com\\\/es\\\/#\\\/schema\\\/logo\\\/image\\\/\",\"url\":\"https:\\\/\\\/m3studiosmiami.com\\\/wp-content\\\/uploads\\\/2017\\\/05\\\/M3_Studios-logo_small_revised1-1.png\",\"contentUrl\":\"https:\\\/\\\/m3studiosmiami.com\\\/wp-content\\\/uploads\\\/2017\\\/05\\\/M3_Studios-logo_small_revised1-1.png\",\"width\":87,\"height\":80,\"caption\":\"M3 Studios\"},\"image\":{\"@id\":\"https:\\\/\\\/m3studiosmiami.com\\\/es\\\/#\\\/schema\\\/logo\\\/image\\\/\"},\"sameAs\":[\"https:\\\/\\\/www.facebook.com\\\/M3StudiosMiami\",\"https:\\\/\\\/x.com\\\/m3studiosmiami\",\"https:\\\/\\\/www.instagram.com\\\/m3studiosmiami\\\/\",\"https:\\\/\\\/www.linkedin.com\\\/company\\\/m3-studios\\\/\",\"https:\\\/\\\/www.youtube.com\\\/user\\\/M3studiosMiami\"]}]}<\/script>\n<!-- \/ Yoast SEO plugin. -->","yoast_head_json":{"title":"Chef Afropolitan - M3 Studios Miami","robots":{"index":"index","follow":"follow","max-snippet":"max-snippet:-1","max-image-preview":"max-image-preview:large","max-video-preview":"max-video-preview:-1"},"canonical":"https:\/\/m3studiosmiami.com\/es\/producciones\/chef-afropolitan\/","og_locale":"es_ES","og_type":"article","og_title":"Chef Afropolitan - M3 Studios Miami","og_description":"[vc_row full_width=\u00bbstretch_row_content_no_spaces\u00bb][vc_column width=\u00bb1\/6&#8243;][\/vc_column][vc_column width=\u00bb1\/12&#8243;][\/vc_column][vc_column width=\u00bb1\/4&#8243;][\/vc_column][vc_column width=\u00bb1\/3&#8243;][\/vc_column][vc_column width=\u00bb1\/6&#8243;][\/vc_column][\/vc_row][vc_row full_width=\u00bbstretch_row_content_no_spaces\u00bb][vc_column width=\u00bb1\/6&#8243;][\/vc_column][vc_column width=\u00bb2\/3&#8243;][vc_column_text responsive_text=\u00bbtrue\u00bb font_family=\u00bbRaleway\u00bb color=\u00bb#222222&#8243; font_size=\u00bb16px\u00bb font_weight=\u00bb500&#8243; width=\u00bb95%\u00bb] Sinopsis: Chef Afropolitan \u00a1\u00a1\u00a1Come con el coraz\u00f3n, a la manera afropolitana !!! Una fusi\u00f3n de comida de inspiraci\u00f3n africana llena de sabor, color y cultura. Yetunde Taiwo, criado en Nigeria, te lleva a un fascinante y entretenido viaje culinario&hellip;","og_url":"https:\/\/m3studiosmiami.com\/es\/producciones\/chef-afropolitan\/","og_site_name":"M3 Studios Miami","article_publisher":"https:\/\/www.facebook.com\/M3StudiosMiami","article_modified_time":"2021-03-07T07:55:57+00:00","og_image":[{"url":"https:\/\/m3studiosmiami.com\/wp-content\/uploads\/2013\/01\/Afro-e1357844985419.png","type":"","width":"","height":""}],"twitter_card":"summary_large_image","twitter_site":"@m3studiosmiami","twitter_misc":{"Tiempo de lectura":"1 minuto"},"schema":{"@context":"https:\/\/schema.org","@graph":[{"@type":"WebPage","@id":"https:\/\/m3studiosmiami.com\/es\/producciones\/chef-afropolitan\/","url":"https:\/\/m3studiosmiami.com\/es\/producciones\/chef-afropolitan\/","name":"Chef Afropolitan - M3 Studios Miami","isPartOf":{"@id":"https:\/\/m3studiosmiami.com\/es\/#website"},"primaryImageOfPage":{"@id":"https:\/\/m3studiosmiami.com\/es\/producciones\/chef-afropolitan\/#primaryimage"},"image":{"@id":"https:\/\/m3studiosmiami.com\/es\/producciones\/chef-afropolitan\/#primaryimage"},"thumbnailUrl":"https:\/\/m3studiosmiami.com\/wp-content\/uploads\/2013\/01\/Afro-e1357844985419.png","datePublished":"2021-03-07T07:55:54+00:00","dateModified":"2021-03-07T07:55:57+00:00","breadcrumb":{"@id":"https:\/\/m3studiosmiami.com\/es\/producciones\/chef-afropolitan\/#breadcrumb"},"inLanguage":"es","potentialAction":[{"@type":"ReadAction","target":["https:\/\/m3studiosmiami.com\/es\/producciones\/chef-afropolitan\/"]}]},{"@type":"ImageObject","inLanguage":"es","@id":"https:\/\/m3studiosmiami.com\/es\/producciones\/chef-afropolitan\/#primaryimage","url":"https:\/\/m3studiosmiami.com\/wp-content\/uploads\/2013\/01\/Afro-e1357844985419.png","contentUrl":"https:\/\/m3studiosmiami.com\/wp-content\/uploads\/2013\/01\/Afro-e1357844985419.png"},{"@type":"BreadcrumbList","@id":"https:\/\/m3studiosmiami.com\/es\/producciones\/chef-afropolitan\/#breadcrumb","itemListElement":[{"@type":"ListItem","position":1,"name":"Home","item":"https:\/\/m3studiosmiami.com\/es\/"},{"@type":"ListItem","position":2,"name":"Producciones","item":"https:\/\/m3studiosmiami.com\/es\/producciones\/"},{"@type":"ListItem","position":3,"name":"Chef Afropolitan"}]},{"@type":"WebSite","@id":"https:\/\/m3studiosmiami.com\/es\/#website","url":"https:\/\/m3studiosmiami.com\/es\/","name":"M3 Studios Miami","description":"South Florida\u2019s Largest Film Studio Facility","publisher":{"@id":"https:\/\/m3studiosmiami.com\/es\/#organization"},"potentialAction":[{"@type":"SearchAction","target":{"@type":"EntryPoint","urlTemplate":"https:\/\/m3studiosmiami.com\/es\/?s={search_term_string}"},"query-input":{"@type":"PropertyValueSpecification","valueRequired":true,"valueName":"search_term_string"}}],"inLanguage":"es"},{"@type":"Organization","@id":"https:\/\/m3studiosmiami.com\/es\/#organization","name":"M3 Studios","url":"https:\/\/m3studiosmiami.com\/es\/","logo":{"@type":"ImageObject","inLanguage":"es","@id":"https:\/\/m3studiosmiami.com\/es\/#\/schema\/logo\/image\/","url":"https:\/\/m3studiosmiami.com\/wp-content\/uploads\/2017\/05\/M3_Studios-logo_small_revised1-1.png","contentUrl":"https:\/\/m3studiosmiami.com\/wp-content\/uploads\/2017\/05\/M3_Studios-logo_small_revised1-1.png","width":87,"height":80,"caption":"M3 Studios"},"image":{"@id":"https:\/\/m3studiosmiami.com\/es\/#\/schema\/logo\/image\/"},"sameAs":["https:\/\/www.facebook.com\/M3StudiosMiami","https:\/\/x.com\/m3studiosmiami","https:\/\/www.instagram.com\/m3studiosmiami\/","https:\/\/www.linkedin.com\/company\/m3-studios\/","https:\/\/www.youtube.com\/user\/M3studiosMiami"]}]}},"_links":{"self":[{"href":"https:\/\/m3studiosmiami.com\/es\/wp-json\/wp\/v2\/pages\/7304","targetHints":{"allow":["GET"]}}],"collection":[{"href":"https:\/\/m3studiosmiami.com\/es\/wp-json\/wp\/v2\/pages"}],"about":[{"href":"https:\/\/m3studiosmiami.com\/es\/wp-json\/wp\/v2\/types\/page"}],"author":[{"embeddable":true,"href":"https:\/\/m3studiosmiami.com\/es\/wp-json\/wp\/v2\/users\/1"}],"replies":[{"embeddable":true,"href":"https:\/\/m3studiosmiami.com\/es\/wp-json\/wp\/v2\/comments?post=7304"}],"version-history":[{"count":1,"href":"https:\/\/m3studiosmiami.com\/es\/wp-json\/wp\/v2\/pages\/7304\/revisions"}],"predecessor-version":[{"id":7306,"href":"https:\/\/m3studiosmiami.com\/es\/wp-json\/wp\/v2\/pages\/7304\/revisions\/7306"}],"up":[{"embeddable":true,"href":"https:\/\/m3studiosmiami.com\/es\/wp-json\/wp\/v2\/pages\/7375"}],"wp:attachment":[{"href":"https:\/\/m3studiosmiami.com\/es\/wp-json\/wp\/v2\/media?parent=7304"}],"curies":[{"name":"wp","href":"https:\/\/api.w.org\/{rel}","templated":true}]}}