{"id":7273,"date":"2021-03-07T02:47:46","date_gmt":"2021-03-07T07:47:46","guid":{"rendered":"https:\/\/m3studiosmiami.com\/vehiculos-antiguos\/"},"modified":"2021-03-07T02:47:48","modified_gmt":"2021-03-07T07:47:48","slug":"vehiculos-antiguos","status":"publish","type":"page","link":"https:\/\/m3studiosmiami.com\/es\/vehiculos-antiguos\/","title":{"rendered":"Veh\u00edculos Antiguos"},"content":{"rendered":"<div class=\"wpb-content-wrapper\">[vc_row][vc_column][\/vc_column][\/vc_row][vc_row full_width=\u00bbstretch_row_content_no_spaces\u00bb][vc_column width=\u00bb1\/6&#8243;][\/vc_column][vc_column width=\u00bb1\/3&#8243;]<style>.vcex-heading.vcex_69e9cd566fa5b{color:#000000;font-size:36px;font-family:'Raleway',sans-serif;font-weight:500;}<\/style><h2 class=\"vcex-heading vcex-heading-plain vcex-module wpex-heading wpex-text-2xl vc_custom_1603035181424 vcex_69e9cd566fa5b\"><span class=\"vcex-heading-inner wpex-inline-block\">Alquiler de veh\u00edculos antiguos<\/span><\/h2>[vc_empty_space height=\u00bb15px\u00bb][vc_separator color=\u00bbsky\u00bb align=\u00bbalign_left\u00bb border_width=\u00bb2&#8243; el_width=\u00bb10&#8243; css=\u00bb.vc_custom_1494985238483{margin-left: 5px !important;}\u00bb][vc_empty_space height=\u00bb30px\u00bb][vc_column_text responsive_text=\u00bbtrue\u00bb font_family=\u00bbRaleway\u00bb color=\u00bb#000000&#8243; font_size=\u00bb18px\u00bb font_weight=\u00bb500&#8243; width=\u00bb98%\u00bb]Nuestra colecci\u00f3n de veh\u00edculos antiguos disponibles para alquiler de rodajes de producci\u00f3n.[\/vc_column_text][vc_empty_space height=\u00bb25px\u00bb]<style>.vcex-list_item.vcex_69e9cd56707ac{font-size:18px;font-family:'Raleway',sans-serif;font-weight:500;color:#222222;}.vcex-list_item.vcex_69e9cd56707ac .vcex-list-item-icon-inner{color:#00aeef;}<\/style><div class=\"vcex-list_item vcex-module wpex-m-0 wpex-max-w-100 wpex-mb-5 vc_custom_1603035207681 vcex_69e9cd56707ac\"><div class=\"vcex-list-item-inner wpex-inline-flex wpex-flex-no-wrap\"><div class=\"vcex-list-item-icon wpex-mr-10\"><div class=\"vcex-list-item-icon-inner vcex-icon-wrap wpex-inline-flex wpex-justify-center wpex-items-center wpex-leading-none wpex-child-inherit-color\"><span class=\"ticon ticon-circle\" aria-hidden=\"true\"><\/span><\/div><\/div><div class=\"vcex-list-item-text vcex-content wpex-flex-grow\">1972 Porsche 911S<\/div><\/div><\/div><style>.vcex-list_item.vcex_69e9cd5670ddf{font-size:18px;font-family:'Raleway',sans-serif;font-weight:500;color:#222222;}.vcex-list_item.vcex_69e9cd5670ddf .vcex-list-item-icon-inner{color:#00aeef;}<\/style><div class=\"vcex-list_item vcex-module wpex-m-0 wpex-max-w-100 wpex-mb-5 vc_custom_1603035218592 vcex_69e9cd5670ddf\"><div class=\"vcex-list-item-inner wpex-inline-flex wpex-flex-no-wrap\"><div class=\"vcex-list-item-icon wpex-mr-10\"><div class=\"vcex-list-item-icon-inner vcex-icon-wrap wpex-inline-flex wpex-justify-center wpex-items-center wpex-leading-none wpex-child-inherit-color\"><span class=\"ticon ticon-circle\" aria-hidden=\"true\"><\/span><\/div><\/div><div class=\"vcex-list-item-text vcex-content wpex-flex-grow\">1963 Buick Roadster<\/div><\/div><\/div><style>.vcex-list_item.vcex_69e9cd5671374{font-size:18px;font-family:'Raleway',sans-serif;font-weight:500;color:#222222;}.vcex-list_item.vcex_69e9cd5671374 .vcex-list-item-icon-inner{color:#00aeef;}<\/style><div class=\"vcex-list_item vcex-module wpex-m-0 wpex-max-w-100 wpex-mb-5 vc_custom_1603035227906 vcex_69e9cd5671374\"><div class=\"vcex-list-item-inner wpex-inline-flex wpex-flex-no-wrap\"><div class=\"vcex-list-item-icon wpex-mr-10\"><div class=\"vcex-list-item-icon-inner vcex-icon-wrap wpex-inline-flex wpex-justify-center wpex-items-center wpex-leading-none wpex-child-inherit-color\"><span class=\"ticon ticon-circle\" aria-hidden=\"true\"><\/span><\/div><\/div><div class=\"vcex-list-item-text vcex-content wpex-flex-grow\">1963 Corvette Sting Ray Convertible<\/div><\/div><\/div><style>.vcex-list_item.vcex_69e9cd56718fd{font-size:18px;font-family:'Raleway',sans-serif;font-weight:500;color:#222222;}.vcex-list_item.vcex_69e9cd56718fd .vcex-list-item-icon-inner{color:#00aeef;}<\/style><div class=\"vcex-list_item vcex-module wpex-m-0 wpex-max-w-100 wpex-mb-5 vc_custom_1603035239495 vcex_69e9cd56718fd\"><div class=\"vcex-list-item-inner wpex-inline-flex wpex-flex-no-wrap\"><div class=\"vcex-list-item-icon wpex-mr-10\"><div class=\"vcex-list-item-icon-inner vcex-icon-wrap wpex-inline-flex wpex-justify-center wpex-items-center wpex-leading-none wpex-child-inherit-color\"><span class=\"ticon ticon-circle\" aria-hidden=\"true\"><\/span><\/div><\/div><div class=\"vcex-list-item-text vcex-content wpex-flex-grow\">1962 Lincoln Continental<\/div><\/div><\/div>[\/vc_column][vc_column width=\u00bb1\/3&#8243;][\/vc_column][vc_column width=\u00bb1\/6&#8243;][\/vc_column][\/vc_row][vc_row el_class=\u00bbvenue-form-2&#8243;][vc_column][vc_custom_heading text=\u00bbMandanos un mensaje\u00bb font_container=\u00bbtag:h2|text_align:center\u00bb use_theme_fonts=\u00bbyes\u00bb][vc_empty_space height=\u00bb20px\u00bb]\n<div class=\"wpcf7 no-js\" id=\"wpcf7-f3861-o1\" lang=\"en-US\" dir=\"ltr\" data-wpcf7-id=\"3861\">\n<div class=\"screen-reader-response\"><p role=\"status\" aria-live=\"polite\" aria-atomic=\"true\"><\/p> <ul><\/ul><\/div>\n<form action=\"\/es\/wp-json\/wp\/v2\/pages\/7273#wpcf7-f3861-o1\" method=\"post\" class=\"wpcf7-form init\" aria-label=\"Contact form\" novalidate=\"novalidate\" data-status=\"init\">\n<fieldset class=\"hidden-fields-container\"><input type=\"hidden\" name=\"_wpcf7\" value=\"3861\" \/><input type=\"hidden\" name=\"_wpcf7_version\" value=\"6.1.5\" \/><input type=\"hidden\" name=\"_wpcf7_locale\" value=\"en_US\" \/><input type=\"hidden\" name=\"_wpcf7_unit_tag\" value=\"wpcf7-f3861-o1\" \/><input type=\"hidden\" name=\"_wpcf7_container_post\" value=\"0\" \/><input type=\"hidden\" name=\"_wpcf7_posted_data_hash\" value=\"\" \/><input type=\"hidden\" name=\"_wpcf7_recaptcha_response\" value=\"\" \/>\n<\/fieldset>\n<div style=\"font-size:16px; font-family:raleway; color:#222;\">\n\t<div class=\"vc_row\">\n\t\t<div class=\"vc_col-sm-4\">\n\t\t\t<p><label>Name<span class=\"red-star\">*<\/span><\/label><br \/>\n<span class=\"wpcf7-form-control-wrap\" data-name=\"your-name\"><input size=\"40\" maxlength=\"400\" class=\"wpcf7-form-control wpcf7-text wpcf7-validates-as-required\" aria-required=\"true\" aria-invalid=\"false\" value=\"\" type=\"text\" name=\"your-name\" \/><\/span>\n\t\t\t<\/p>\n\t\t<\/div>\n\t\t<div class=\"vc_col-sm-4\">\n\t\t\t<p><label>Last Name<span class=\"red-star\">*<\/span><\/label><br \/>\n<span class=\"wpcf7-form-control-wrap\" data-name=\"your-name\"><input size=\"40\" maxlength=\"400\" class=\"wpcf7-form-control wpcf7-text wpcf7-validates-as-required\" aria-required=\"true\" aria-invalid=\"false\" value=\"\" type=\"text\" name=\"your-name\" \/><\/span>\n\t\t\t<\/p>\n\t\t<\/div>\n\t\t<div class=\"vc_col-sm-4\">\n\t\t\t<p><label>Email<span class=\"red-star\">*<\/span><\/label><br \/>\n<span class=\"wpcf7-form-control-wrap\" data-name=\"your-email\"><input size=\"40\" maxlength=\"400\" class=\"wpcf7-form-control wpcf7-email wpcf7-validates-as-required wpcf7-text wpcf7-validates-as-email\" aria-required=\"true\" aria-invalid=\"false\" value=\"\" type=\"email\" name=\"your-email\" \/><\/span>\n\t\t\t<\/p>\n\t\t<\/div>\n\t\t<div class=\"vc_col-sm-6\">\n\t\t\t<p><label>Phone Number<span class=\"red-star\">*<\/span><\/label><br \/>\n<span class=\"wpcf7-form-control-wrap\" data-name=\"tel-285\"><input size=\"40\" maxlength=\"400\" class=\"wpcf7-form-control wpcf7-tel wpcf7-validates-as-required wpcf7-text wpcf7-validates-as-tel\" aria-required=\"true\" aria-invalid=\"false\" value=\"\" type=\"tel\" name=\"tel-285\" \/><\/span>\n\t\t\t<\/p>\n\t\t<\/div>\n\t\t<div class=\"vc_col-sm-6\">\n\t\t\t<p><label>Subject<span class=\"red-star\">*<\/span><\/label><br \/>\n<span class=\"wpcf7-form-control-wrap\" data-name=\"your-subject\"><input size=\"40\" maxlength=\"400\" class=\"wpcf7-form-control wpcf7-text wpcf7-validates-as-required\" aria-required=\"true\" aria-invalid=\"false\" value=\"\" type=\"text\" name=\"your-subject\" \/><\/span>\n\t\t\t<\/p>\n\t\t<\/div>\n\t\t<div class=\"vc_col-sm-12\">\n\t\t\t<p><label>Message<\/label><br \/>\n<span class=\"wpcf7-form-control-wrap\" data-name=\"your-message\"><textarea cols=\"40\" rows=\"10\" maxlength=\"2000\" class=\"wpcf7-form-control wpcf7-textarea\" aria-invalid=\"false\" name=\"your-message\"><\/textarea><\/span>\n\t\t\t<\/p>\n\t\t<\/div>\n\t\t<div class=\"vc_col-sm-12\">\n\t\t\t<p><input class=\"wpcf7-form-control wpcf7-submit has-spinner\" type=\"submit\" value=\"Send Message\" \/>\n\t\t\t<\/p>\n\t\t<\/div>\n\t<\/div>\n<\/div><div class=\"wpcf7-response-output\" aria-hidden=\"true\"><\/div>\n<\/form>\n<\/div>\n[\/vc_column][\/vc_row]\n<\/div>","protected":false},"excerpt":{"rendered":"<p>[vc_row][vc_column][\/vc_column][\/vc_row][vc_row full_width=\u00bbstretch_row_content_no_spaces\u00bb][vc_column width=\u00bb1\/6&#8243;][\/vc_column][vc_column width=\u00bb1\/3&#8243;][vc_empty_space height=\u00bb15px\u00bb][vc_separator color=\u00bbsky\u00bb align=\u00bbalign_left\u00bb border_width=\u00bb2&#8243; el_width=\u00bb10&#8243; css=\u00bb.vc_custom_1494985238483{margin-left: 5px !important;}\u00bb][vc_empty_space height=\u00bb30px\u00bb][vc_column_text responsive_text=\u00bbtrue\u00bb font_family=\u00bbRaleway\u00bb color=\u00bb#000000&#8243; font_size=\u00bb18px\u00bb font_weight=\u00bb500&#8243; width=\u00bb98%\u00bb]Nuestra colecci\u00f3n de veh\u00edculos antiguos disponibles para alquiler de rodajes de producci\u00f3n.[\/vc_column_text][vc_empty_space height=\u00bb25px\u00bb][\/vc_column][vc_column width=\u00bb1\/3&#8243;][\/vc_column][vc_column width=\u00bb1\/6&#8243;][\/vc_column][\/vc_row][vc_row el_class=\u00bbvenue-form-2&#8243;][vc_column][vc_custom_heading text=\u00bbMandanos un mensaje\u00bb font_container=\u00bbtag:h2|text_align:center\u00bb use_theme_fonts=\u00bbyes\u00bb][vc_empty_space height=\u00bb20px\u00bb][\/vc_column][\/vc_row]<\/p>\n","protected":false},"author":1,"featured_media":0,"parent":0,"menu_order":0,"comment_status":"open","ping_status":"open","template":"","meta":{"footnotes":""},"class_list":["post-7273","page","type-page","status-publish","hentry","entry","no-media"],"yoast_head":"<!-- This site is optimized with the Yoast SEO plugin v27.4 - https:\/\/yoast.com\/product\/yoast-seo-wordpress\/ -->\n<title>Alquiler de veh\u00edculos antiguos para rodajes de producci\u00f3n en Miami<\/title>\n<meta name=\"description\" content=\"Tenemos una gran variedad de veh\u00edculos cl\u00e1sicos disponibles para rodaje de producci\u00f3n y alquiler de eventos. Todo en perfectas condiciones de trabajo.\" \/>\n<meta name=\"robots\" content=\"index, follow, max-snippet:-1, max-image-preview:large, max-video-preview:-1\" \/>\n<link rel=\"canonical\" href=\"https:\/\/m3studiosmiami.com\/es\/vehiculos-antiguos\/\" \/>\n<meta property=\"og:locale\" content=\"es_ES\" \/>\n<meta property=\"og:type\" content=\"article\" \/>\n<meta property=\"og:title\" content=\"Alquiler de veh\u00edculos antiguos para rodajes de producci\u00f3n en Miami\" \/>\n<meta property=\"og:description\" content=\"Tenemos una gran variedad de veh\u00edculos cl\u00e1sicos disponibles para rodaje de producci\u00f3n y alquiler de eventos. Todo en perfectas condiciones de trabajo.\" \/>\n<meta property=\"og:url\" content=\"https:\/\/m3studiosmiami.com\/es\/vehiculos-antiguos\/\" \/>\n<meta property=\"og:site_name\" content=\"M3 Studios Miami\" \/>\n<meta property=\"article:publisher\" content=\"https:\/\/www.facebook.com\/M3StudiosMiami\" \/>\n<meta property=\"article:modified_time\" content=\"2021-03-07T07:47:48+00:00\" \/>\n<meta name=\"twitter:card\" content=\"summary_large_image\" \/>\n<meta name=\"twitter:site\" content=\"@m3studiosmiami\" \/>\n<meta name=\"twitter:label1\" content=\"Tiempo de lectura\" \/>\n\t<meta name=\"twitter:data1\" content=\"2 minutos\" \/>\n<script type=\"application\/ld+json\" class=\"yoast-schema-graph\">{\"@context\":\"https:\\\/\\\/schema.org\",\"@graph\":[{\"@type\":\"WebPage\",\"@id\":\"https:\\\/\\\/m3studiosmiami.com\\\/es\\\/vehiculos-antiguos\\\/\",\"url\":\"https:\\\/\\\/m3studiosmiami.com\\\/es\\\/vehiculos-antiguos\\\/\",\"name\":\"Alquiler de veh\u00edculos antiguos para rodajes de producci\u00f3n en Miami\",\"isPartOf\":{\"@id\":\"https:\\\/\\\/m3studiosmiami.com\\\/es\\\/#website\"},\"datePublished\":\"2021-03-07T07:47:46+00:00\",\"dateModified\":\"2021-03-07T07:47:48+00:00\",\"description\":\"Tenemos una gran variedad de veh\u00edculos cl\u00e1sicos disponibles para rodaje de producci\u00f3n y alquiler de eventos. Todo en perfectas condiciones de trabajo.\",\"breadcrumb\":{\"@id\":\"https:\\\/\\\/m3studiosmiami.com\\\/es\\\/vehiculos-antiguos\\\/#breadcrumb\"},\"inLanguage\":\"es\",\"potentialAction\":[{\"@type\":\"ReadAction\",\"target\":[\"https:\\\/\\\/m3studiosmiami.com\\\/es\\\/vehiculos-antiguos\\\/\"]}]},{\"@type\":\"BreadcrumbList\",\"@id\":\"https:\\\/\\\/m3studiosmiami.com\\\/es\\\/vehiculos-antiguos\\\/#breadcrumb\",\"itemListElement\":[{\"@type\":\"ListItem\",\"position\":1,\"name\":\"Home\",\"item\":\"https:\\\/\\\/m3studiosmiami.com\\\/es\\\/\"},{\"@type\":\"ListItem\",\"position\":2,\"name\":\"Veh\u00edculos Antiguos\"}]},{\"@type\":\"WebSite\",\"@id\":\"https:\\\/\\\/m3studiosmiami.com\\\/es\\\/#website\",\"url\":\"https:\\\/\\\/m3studiosmiami.com\\\/es\\\/\",\"name\":\"M3 Studios Miami\",\"description\":\"South Florida\u2019s Largest Film Studio Facility\",\"publisher\":{\"@id\":\"https:\\\/\\\/m3studiosmiami.com\\\/es\\\/#organization\"},\"potentialAction\":[{\"@type\":\"SearchAction\",\"target\":{\"@type\":\"EntryPoint\",\"urlTemplate\":\"https:\\\/\\\/m3studiosmiami.com\\\/es\\\/?s={search_term_string}\"},\"query-input\":{\"@type\":\"PropertyValueSpecification\",\"valueRequired\":true,\"valueName\":\"search_term_string\"}}],\"inLanguage\":\"es\"},{\"@type\":\"Organization\",\"@id\":\"https:\\\/\\\/m3studiosmiami.com\\\/es\\\/#organization\",\"name\":\"M3 Studios\",\"url\":\"https:\\\/\\\/m3studiosmiami.com\\\/es\\\/\",\"logo\":{\"@type\":\"ImageObject\",\"inLanguage\":\"es\",\"@id\":\"https:\\\/\\\/m3studiosmiami.com\\\/es\\\/#\\\/schema\\\/logo\\\/image\\\/\",\"url\":\"https:\\\/\\\/m3studiosmiami.com\\\/wp-content\\\/uploads\\\/2017\\\/05\\\/M3_Studios-logo_small_revised1-1.png\",\"contentUrl\":\"https:\\\/\\\/m3studiosmiami.com\\\/wp-content\\\/uploads\\\/2017\\\/05\\\/M3_Studios-logo_small_revised1-1.png\",\"width\":87,\"height\":80,\"caption\":\"M3 Studios\"},\"image\":{\"@id\":\"https:\\\/\\\/m3studiosmiami.com\\\/es\\\/#\\\/schema\\\/logo\\\/image\\\/\"},\"sameAs\":[\"https:\\\/\\\/www.facebook.com\\\/M3StudiosMiami\",\"https:\\\/\\\/x.com\\\/m3studiosmiami\",\"https:\\\/\\\/www.instagram.com\\\/m3studiosmiami\\\/\",\"https:\\\/\\\/www.linkedin.com\\\/company\\\/m3-studios\\\/\",\"https:\\\/\\\/www.youtube.com\\\/user\\\/M3studiosMiami\"]}]}<\/script>\n<!-- \/ Yoast SEO plugin. -->","yoast_head_json":{"title":"Alquiler de veh\u00edculos antiguos para rodajes de producci\u00f3n en Miami","description":"Tenemos una gran variedad de veh\u00edculos cl\u00e1sicos disponibles para rodaje de producci\u00f3n y alquiler de eventos. Todo en perfectas condiciones de trabajo.","robots":{"index":"index","follow":"follow","max-snippet":"max-snippet:-1","max-image-preview":"max-image-preview:large","max-video-preview":"max-video-preview:-1"},"canonical":"https:\/\/m3studiosmiami.com\/es\/vehiculos-antiguos\/","og_locale":"es_ES","og_type":"article","og_title":"Alquiler de veh\u00edculos antiguos para rodajes de producci\u00f3n en Miami","og_description":"Tenemos una gran variedad de veh\u00edculos cl\u00e1sicos disponibles para rodaje de producci\u00f3n y alquiler de eventos. Todo en perfectas condiciones de trabajo.","og_url":"https:\/\/m3studiosmiami.com\/es\/vehiculos-antiguos\/","og_site_name":"M3 Studios Miami","article_publisher":"https:\/\/www.facebook.com\/M3StudiosMiami","article_modified_time":"2021-03-07T07:47:48+00:00","twitter_card":"summary_large_image","twitter_site":"@m3studiosmiami","twitter_misc":{"Tiempo de lectura":"2 minutos"},"schema":{"@context":"https:\/\/schema.org","@graph":[{"@type":"WebPage","@id":"https:\/\/m3studiosmiami.com\/es\/vehiculos-antiguos\/","url":"https:\/\/m3studiosmiami.com\/es\/vehiculos-antiguos\/","name":"Alquiler de veh\u00edculos antiguos para rodajes de producci\u00f3n en Miami","isPartOf":{"@id":"https:\/\/m3studiosmiami.com\/es\/#website"},"datePublished":"2021-03-07T07:47:46+00:00","dateModified":"2021-03-07T07:47:48+00:00","description":"Tenemos una gran variedad de veh\u00edculos cl\u00e1sicos disponibles para rodaje de producci\u00f3n y alquiler de eventos. Todo en perfectas condiciones de trabajo.","breadcrumb":{"@id":"https:\/\/m3studiosmiami.com\/es\/vehiculos-antiguos\/#breadcrumb"},"inLanguage":"es","potentialAction":[{"@type":"ReadAction","target":["https:\/\/m3studiosmiami.com\/es\/vehiculos-antiguos\/"]}]},{"@type":"BreadcrumbList","@id":"https:\/\/m3studiosmiami.com\/es\/vehiculos-antiguos\/#breadcrumb","itemListElement":[{"@type":"ListItem","position":1,"name":"Home","item":"https:\/\/m3studiosmiami.com\/es\/"},{"@type":"ListItem","position":2,"name":"Veh\u00edculos Antiguos"}]},{"@type":"WebSite","@id":"https:\/\/m3studiosmiami.com\/es\/#website","url":"https:\/\/m3studiosmiami.com\/es\/","name":"M3 Studios Miami","description":"South Florida\u2019s Largest Film Studio Facility","publisher":{"@id":"https:\/\/m3studiosmiami.com\/es\/#organization"},"potentialAction":[{"@type":"SearchAction","target":{"@type":"EntryPoint","urlTemplate":"https:\/\/m3studiosmiami.com\/es\/?s={search_term_string}"},"query-input":{"@type":"PropertyValueSpecification","valueRequired":true,"valueName":"search_term_string"}}],"inLanguage":"es"},{"@type":"Organization","@id":"https:\/\/m3studiosmiami.com\/es\/#organization","name":"M3 Studios","url":"https:\/\/m3studiosmiami.com\/es\/","logo":{"@type":"ImageObject","inLanguage":"es","@id":"https:\/\/m3studiosmiami.com\/es\/#\/schema\/logo\/image\/","url":"https:\/\/m3studiosmiami.com\/wp-content\/uploads\/2017\/05\/M3_Studios-logo_small_revised1-1.png","contentUrl":"https:\/\/m3studiosmiami.com\/wp-content\/uploads\/2017\/05\/M3_Studios-logo_small_revised1-1.png","width":87,"height":80,"caption":"M3 Studios"},"image":{"@id":"https:\/\/m3studiosmiami.com\/es\/#\/schema\/logo\/image\/"},"sameAs":["https:\/\/www.facebook.com\/M3StudiosMiami","https:\/\/x.com\/m3studiosmiami","https:\/\/www.instagram.com\/m3studiosmiami\/","https:\/\/www.linkedin.com\/company\/m3-studios\/","https:\/\/www.youtube.com\/user\/M3studiosMiami"]}]}},"_links":{"self":[{"href":"https:\/\/m3studiosmiami.com\/es\/wp-json\/wp\/v2\/pages\/7273","targetHints":{"allow":["GET"]}}],"collection":[{"href":"https:\/\/m3studiosmiami.com\/es\/wp-json\/wp\/v2\/pages"}],"about":[{"href":"https:\/\/m3studiosmiami.com\/es\/wp-json\/wp\/v2\/types\/page"}],"author":[{"embeddable":true,"href":"https:\/\/m3studiosmiami.com\/es\/wp-json\/wp\/v2\/users\/1"}],"replies":[{"embeddable":true,"href":"https:\/\/m3studiosmiami.com\/es\/wp-json\/wp\/v2\/comments?post=7273"}],"version-history":[{"count":1,"href":"https:\/\/m3studiosmiami.com\/es\/wp-json\/wp\/v2\/pages\/7273\/revisions"}],"predecessor-version":[{"id":7275,"href":"https:\/\/m3studiosmiami.com\/es\/wp-json\/wp\/v2\/pages\/7273\/revisions\/7275"}],"wp:attachment":[{"href":"https:\/\/m3studiosmiami.com\/es\/wp-json\/wp\/v2\/media?parent=7273"}],"curies":[{"name":"wp","href":"https:\/\/api.w.org\/{rel}","templated":true}]}}