{"id":7246,"date":"2021-03-07T02:46:33","date_gmt":"2021-03-07T07:46:33","guid":{"rendered":"https:\/\/m3studiosmiami.com\/contactenos\/"},"modified":"2021-03-07T02:46:35","modified_gmt":"2021-03-07T07:46:35","slug":"contactenos","status":"publish","type":"page","link":"https:\/\/m3studiosmiami.com\/es\/contactenos\/","title":{"rendered":"Cont\u00e1ctenos"},"content":{"rendered":"<div class=\"wpb-content-wrapper\">[vc_row][vc_column][vc_column_text]\n<p class=\"p1\">[\/vc_column_text][\/vc_column][\/vc_row][vc_row full_width=\u00bbstretch_row_content_no_spaces\u00bb][vc_column width=\u00bb1\/6&#8243;][vc_column_text]\n<p class=\"p1\">[\/vc_column_text][\/vc_column][vc_column width=\u00bb1\/3&#8243;]<style>.vcex-heading.vcex_69e9cd47773a0{color:#000000;font-size:36px;font-family:'Raleway',sans-serif;font-weight:600;}<\/style><h1 class=\"vcex-heading vcex-heading-plain vcex-module wpex-heading wpex-text-2xl vc_custom_1603030439319 vcex_69e9cd47773a0\"><span class=\"vcex-heading-inner wpex-inline-block\">LLAME A NOSOTROS<\/span><\/h1>[vc_empty_space height=\u00bb15px\u00bb][vc_separator color=\u00bbsky\u00bb align=\u00bbalign_left\u00bb border_width=\u00bb2&#8243; el_width=\u00bb10&#8243; css=\u00bb.vc_custom_1495061778202{margin-left: 10px !important;}\u00bb][vc_empty_space height=\u00bb50px\u00bb][vc_column_text responsive_text=\u00bbtrue\u00bb width=\u00bb95%\u00bb font_family=\u00bbRaleway\u00bb color=\u00bb#222222&#8243; font_size=\u00bb18px\u00bb font_weight=\u00bb500&#8243;]Cont\u00e1ctenos para todas sus necesidades de filmaci\u00f3n de producci\u00f3n y alquiler de estudio.[\/vc_column_text][vc_row_inner][vc_column_inner width=\u00bb1\/2&#8243;][vc_column_text responsive_text=\u00bbtrue\u00bb css=\u00bb.vc_custom_1603030462200{border-left-width: 4px !important;padding-left: 25px !important;border-left-color: #00aeef !important;}\u00bb font_family=\u00bbRaleway\u00bb color=\u00bb#222222&#8243; font_size=\u00bb18px\u00bb font_weight=\u00bb500&#8243;]\n<h5 style=\"font-size: 18px;\"><span class=\"uppercase\">DIRECCI\u00d3N DE LA OFICINA<\/span><\/h5>\n<p><a href=\"https:\/\/www.google.com\/maps\/place\/M3+Studios\/@25.8147407,-80.2891638,13z\/data=!4m18!1m12!4m11!1m3!2m2!1d-80.2534582!2d25.818063!1m6!1m2!1s0x88d9b0b588c31509:0xb1aceb004ed9d2d8!2sm3studiosmiami!2m2!1d-80.254829!2d25.811435!3m4!1s0x88d9b0b588c31509:0xb1aceb004ed9d2d8!8m2!3d25.811435!4d-80.254829\" target=\"_blank\" rel=\"nofollow noopener noreferrer\">4000 NW 36th Ave, Miami, FL 33142<\/a>[\/vc_column_text][\/vc_column_inner][vc_column_inner width=\u00bb1\/2&#8243;][vc_column_text responsive_text=\u00bbtrue\u00bb css=\u00bb.vc_custom_1603030472230{border-left-width: 4px !important;padding-left: 25px !important;border-left-color: #00aeef !important;}\u00bb font_family=\u00bbRaleway\u00bb color=\u00bb#222222&#8243; font_size=\u00bb18px\u00bb font_weight=\u00bb500&#8243;]\n<h5 style=\"font-size: 18px;\"><span class=\"uppercase\">N\u00daMEROS DE TEL\u00c9FONO<\/span><\/h5>\n<p>Telefono:<a href=\"tel:+1-786-318-5200\"> (786) 318-5200<\/a><\/p>\n<h5><\/h5>\n[\/vc_column_text][\/vc_column_inner][\/vc_row_inner][\/vc_column][vc_column width=\u00bb1\/3&#8243;][vc_single_image image=\u00bb3038&#8243; css_animation=\u00bbfadeInRight\u00bb alignment=\u00bbleft\u00bb style=\u00bbvc_box_outline\u00bb][\/vc_column][vc_column width=\u00bb1\/6&#8243;][\/vc_column][\/vc_row][vc_row full_width=\u00bbstretch_row_content_no_spaces\u00bb equal_height=\u00bbyes\u00bb el_class=\u00bbm3s-get-in_touch\u00bb][vc_column width=\u00bb1\/2&#8243; css=\u00bb.vc_custom_1589034277051{margin-bottom: 0px !important;padding-top: 20% !important;padding-right: 10% !important;padding-bottom: 2% !important;padding-left: 10% !important;background-image: url(https:\/\/m3studiosmiami.com\/wp-content\/uploads\/2015\/10\/m3-studios-green-screen.jpg?id=3039) !important;background-position: center !important;background-repeat: no-repeat !important;background-size: cover !important;}\u00bb el_class=\u00bbwpb_column_left wpform-left\u00bb][vc_column_text responsive_text=\u00bbtrue\u00bb font_family=\u00bbRaleway\u00bb css=\u00bb.vc_custom_1589034600758{padding-top: 60px !important;padding-right: 10% !important;padding-bottom: 60px !important;padding-left: 10% !important;background-color: rgba(0,174,239,0.85) !important;background-position: center !important;background-repeat: no-repeat !important;background-size: contain !important;*background-color: rgb(0,174,239) !important;}\u00bb width=\u00bb100%\u00bb color=\u00bb#ffffff\u00bb]\n<h2 style=\"font-size: 36px; color: #fff;\">Discutamos tu proyecto<\/h2>\n<p><span style=\"font-family: Lato, sans-serif; font-size: 48px; color: #fff;\"><a href=\"tel:+1-786-318-5200\">786-318-5200<\/a><\/span><\/p>\n<div class=\"vcex-module vcex-divider vcex-divider-solid vcex-divider-center wpex-mx-auto wpex-max-w-100 wpex-block wpex-h-0 wpex-border-b wpex-border-solid wpex-border-main\" style=\"width:100%;margin-top:20px;margin-bottom:20px;border-bottom-width:1px;border-color:#dddddd;\"><\/div>\n<p><span style=\"font-size: 20px; font-family: Lato, sans-serif;\"><span class=\"ticon ticon-map-marker\" aria-hidden=\"true\" style=\"color:fff;margin-right:5px;font-size:20px;\"><\/span><a href=\"https:\/\/www.google.com\/maps\/place\/M3+Studios\/@25.8147407,-80.2891638,13z\/data=!4m18!1m12!4m11!1m3!2m2!1d-80.2534582!2d25.818063!1m6!1m2!1s0x88d9b0b588c31509:0xb1aceb004ed9d2d8!2sm3studiosmiami!2m2!1d-80.254829!2d25.811435!3m4!1s0x88d9b0b588c31509:0xb1aceb004ed9d2d8!8m2!3d25.811435!4d-80.254829\" target=\"_blank\" rel=\"noopener noreferrer\">4000 NW 36th Ave Miami, Fl 33142<\/a><\/span>[\/vc_column_text][\/vc_column][vc_column width=\u00bb1\/2&#8243; css=\u00bb.vc_custom_1575008281072{margin-bottom: 0px !important;padding-top: 95px !important;padding-right: 10% !important;padding-bottom: 55px !important;padding-left: 10% !important;background-color: #f9f9f9 !important;}\u00bb el_class=\u00bbwpb_column_right\u00bb]<style>.vcex-heading.vcex_69e9cd47783a9{font-size:36px;font-family:'Raleway',sans-serif;font-weight:600;}<\/style><h2 class=\"vcex-heading vcex-heading-plain vcex-module wpex-heading wpex-text-2xl vc_custom_1603030484596 vcex_69e9cd47783a9\"><span class=\"vcex-heading-inner wpex-inline-block\">PONERSE EN CONTACTO<\/span><\/h2>[vc_empty_space height=\u00bb20px\u00bb][vc_separator color=\u00bbsky\u00bb align=\u00bbalign_left\u00bb border_width=\u00bb2&#8243; el_width=\u00bb10&#8243; css=\u00bb.vc_custom_1495062782385{margin-left: 10px !important;}\u00bb][vc_empty_space][vc_column_text responsive_text=\u00bbtrue\u00bb font_family=\u00bbRaleway\u00bb color=\u00bb#222222&#8243; font_size=\u00bb18px\u00bb]D\u00edganos c\u00f3mo podemos servirle.[\/vc_column_text][vc_empty_space height=\u00bb10px\u00bb]\n<div class=\"wpcf7 no-js\" id=\"wpcf7-f3848-o1\" lang=\"en-US\" dir=\"ltr\" data-wpcf7-id=\"3848\">\n<div class=\"screen-reader-response\"><p role=\"status\" aria-live=\"polite\" aria-atomic=\"true\"><\/p> <ul><\/ul><\/div>\n<form action=\"\/es\/wp-json\/wp\/v2\/pages\/7246#wpcf7-f3848-o1\" method=\"post\" class=\"wpcf7-form init\" aria-label=\"Contact form\" novalidate=\"novalidate\" data-status=\"init\">\n<fieldset class=\"hidden-fields-container\"><input type=\"hidden\" name=\"_wpcf7\" value=\"3848\" \/><input type=\"hidden\" name=\"_wpcf7_version\" value=\"6.1.5\" \/><input type=\"hidden\" name=\"_wpcf7_locale\" value=\"en_US\" \/><input type=\"hidden\" name=\"_wpcf7_unit_tag\" value=\"wpcf7-f3848-o1\" \/><input type=\"hidden\" name=\"_wpcf7_container_post\" value=\"0\" \/><input type=\"hidden\" name=\"_wpcf7_posted_data_hash\" value=\"\" \/><input type=\"hidden\" name=\"_wpcf7_recaptcha_response\" value=\"\" \/>\n<\/fieldset>\n<div class=\"venue-form-1\" style=\"font-size:16px; font-family:raleway; color:#222;\">\n\t<p><span class=\"glyphicons glyphicons-user\"><\/span>\n\t<\/p>\n\t<div class=\"vc_row\">\n\t\t<div class=\"vc_col-sm-6\">\n\t\t\t<p><label>Name<span class=\"red-star\">*<\/span><\/label><br \/>\n<span class=\"wpcf7-form-control-wrap\" data-name=\"your-name\"><input size=\"40\" maxlength=\"400\" class=\"wpcf7-form-control wpcf7-text wpcf7-validates-as-required\" aria-required=\"true\" aria-invalid=\"false\" value=\"\" type=\"text\" name=\"your-name\" \/><\/span>\n\t\t\t<\/p>\n\t\t<\/div>\n\t\t<div class=\"vc_col-sm-6\">\n\t\t\t<p><label>Last Name<span class=\"red-star\">*<\/span><\/label><br \/>\n<span class=\"wpcf7-form-control-wrap\" data-name=\"last-name\"><input size=\"40\" maxlength=\"400\" class=\"wpcf7-form-control wpcf7-text wpcf7-validates-as-required\" aria-required=\"true\" aria-invalid=\"false\" value=\"\" type=\"text\" name=\"last-name\" \/><\/span>\n\t\t\t<\/p>\n\t\t<\/div>\n\t<\/div>\n\t<div class=\"vc_row\">\n\t\t<div class=\"vc_col-sm-6\">\n\t\t\t<div class=\"\">\n\t\t\t\t<p><label>Email<span class=\"red-star\">*<\/span><\/label><br \/>\n<span class=\"wpcf7-form-control-wrap\" data-name=\"your-email\"><input size=\"40\" maxlength=\"400\" class=\"wpcf7-form-control wpcf7-email wpcf7-validates-as-required wpcf7-text wpcf7-validates-as-email\" aria-required=\"true\" aria-invalid=\"false\" value=\"\" type=\"email\" name=\"your-email\" \/><\/span>\n\t\t\t\t<\/p>\n\t\t\t<\/div>\n\t\t\t<div class=\"\">\n\t\t\t\t<p><label>Phone Number<span class=\"red-star\">*<\/span><\/label><br \/>\n<span class=\"wpcf7-form-control-wrap\" data-name=\"tel-285\"><input size=\"40\" maxlength=\"400\" class=\"wpcf7-form-control wpcf7-tel wpcf7-validates-as-required wpcf7-text wpcf7-validates-as-tel\" aria-required=\"true\" aria-invalid=\"false\" value=\"\" type=\"tel\" name=\"tel-285\" \/><\/span>\n\t\t\t\t<\/p>\n\t\t\t<\/div>\n\t\t\t<div class=\"\">\n\t\t\t\t<p><label>Subject<span class=\"red-star\">*<\/span><\/label><br \/>\n<span class=\"wpcf7-form-control-wrap\" data-name=\"your-subject\"><input size=\"40\" maxlength=\"400\" class=\"wpcf7-form-control wpcf7-text wpcf7-validates-as-required\" aria-required=\"true\" aria-invalid=\"false\" value=\"\" type=\"text\" name=\"your-subject\" \/><\/span>\n\t\t\t\t<\/p>\n\t\t\t<\/div>\n\t\t<\/div>\n\t\t<div class=\"vc_col-sm-6\">\n\t\t\t<p><label>Message<\/label><br \/>\n<span class=\"wpcf7-form-control-wrap\" data-name=\"your-message\"><textarea cols=\"40\" rows=\"10\" maxlength=\"2000\" class=\"wpcf7-form-control wpcf7-textarea\" aria-invalid=\"false\" name=\"your-message\"><\/textarea><\/span>\n\t\t\t<\/p>\n\t\t<\/div>\n\t<\/div>\n\n<!-- Checkbox Section -->\n\t<div class=\"vc_row\">\n\t\t<div class=\"vc_col-sm-12\">\n\t\t\t<p><br \/>\n<span class=\"wpcf7-form-control-wrap\" data-name=\"checkbox-247\"><span class=\"wpcf7-form-control wpcf7-checkbox wpcf7-validates-as-required\"><span class=\"wpcf7-list-item first\"><label><input type=\"checkbox\" name=\"checkbox-247[]\" value=\"I consent to receive SMS notifications, alerts from M3 Studios regarding my inquiry. Message frequency varies. Message and data rates may apply. You can reply STOP to unsubscribe at any time.\" \/><span class=\"wpcf7-list-item-label\">I consent to receive SMS notifications, alerts from M3 Studios regarding my inquiry. Message frequency varies. Message and data rates may apply. You can reply STOP to unsubscribe at any time.<\/span><\/label><\/span><span class=\"wpcf7-list-item last\"><label><input type=\"checkbox\" name=\"checkbox-247[]\" value=\"By checking this box I agree to receive occasional marketing messages from M3 Studios.\" \/><span class=\"wpcf7-list-item-label\">By checking this box I agree to receive occasional marketing messages from M3 Studios.<\/span><\/label><\/span><\/span><\/span>\n\t\t\t<\/p>\n\t\t<\/div>\n\t<\/div>\n\n<!-- Submit Button -->\n\t<div class=\"vc_row\">\n\t\t<div class=\"vc_col-sm-12\">\n\t\t\t<p><input class=\"wpcf7-form-control wpcf7-submit has-spinner\" type=\"submit\" value=\"Send Message\" \/>\n\t\t\t<\/p>\n\t\t<\/div>\n\t<\/div>\n\n<!-- Disclaimers -->\n\t<div class=\"vc_row\" style=\"margin-top:10px;\">\n\t\t<div class=\"vc_col-sm-12\" style=\"text-align:center;\">\n\t\t\t<p style=\"display:inline-block; white-space:nowrap; font-size:12px; margin:0;\"><a href=\"https:\/\/m3studiosmiami.com\/privacy-policy\/\" target=\"_blank\" style=\"color:#222; text-decoration:underline;\">Privacy Policy<\/a><span style=\"margin:0 6px;\">|<\/span><a href=\"https:\/\/m3studiosmiami.com\/terms-and-conditions\/\" target=\"_blank\" style=\"color:#222; text-decoration:underline;\">Terms and Conditions<\/a>\n\t\t\t<\/p>\n\t\t<\/div>\n\t<\/div>\n<\/div><div class=\"wpcf7-response-output\" aria-hidden=\"true\"><\/div>\n<\/form>\n<\/div>\n[\/vc_column][\/vc_row][vc_row full_width=\u00bbstretch_row_content_no_spaces\u00bb][vc_column][vc_column_text][\/vc_column_text][\/vc_column][\/vc_row][vc_row full_width=\u00bbstretch_row_content_no_spaces\u00bb][vc_column][vc_single_image image=\u00bb3589&#8243; css=\u00bb.vc_custom_1555348861084{margin-bottom: -40px !important;}\u00bb][\/vc_column][\/vc_row]\n<\/div>","protected":false},"excerpt":{"rendered":"<p>[vc_row][vc_column][vc_column_text] [\/vc_column_text][\/vc_column][\/vc_row][vc_row full_width=\u00bbstretch_row_content_no_spaces\u00bb][vc_column width=\u00bb1\/6&#8243;][vc_column_text] [\/vc_column_text][\/vc_column][vc_column width=\u00bb1\/3&#8243;][vc_empty_space height=\u00bb15px\u00bb][vc_separator color=\u00bbsky\u00bb align=\u00bbalign_left\u00bb border_width=\u00bb2&#8243; el_width=\u00bb10&#8243; css=\u00bb.vc_custom_1495061778202{margin-left: 10px !important;}\u00bb][vc_empty_space height=\u00bb50px\u00bb][vc_column_text responsive_text=\u00bbtrue\u00bb width=\u00bb95%\u00bb font_family=\u00bbRaleway\u00bb color=\u00bb#222222&#8243; font_size=\u00bb18px\u00bb font_weight=\u00bb500&#8243;]Cont\u00e1ctenos para todas sus necesidades de filmaci\u00f3n de producci\u00f3n y alquiler de estudio.[\/vc_column_text][vc_row_inner][vc_column_inner width=\u00bb1\/2&#8243;][vc_column_text responsive_text=\u00bbtrue\u00bb css=\u00bb.vc_custom_1603030462200{border-left-width: 4px !important;padding-left: 25px !important;border-left-color: #00aeef !important;}\u00bb font_family=\u00bbRaleway\u00bb color=\u00bb#222222&#8243; font_size=\u00bb18px\u00bb font_weight=\u00bb500&#8243;] DIRECCI\u00d3N DE LA OFICINA 4000 NW 36th Ave, Miami,&hellip;<\/p>\n","protected":false},"author":1,"featured_media":0,"parent":0,"menu_order":0,"comment_status":"closed","ping_status":"closed","template":"","meta":{"footnotes":""},"class_list":["post-7246","page","type-page","status-publish","hentry","entry","no-media"],"yoast_head":"<!-- This site is optimized with the Yoast SEO plugin v27.4 - https:\/\/yoast.com\/product\/yoast-seo-wordpress\/ -->\n<title>Para todas sus necesidades de alquiler de estudios de cine y fotograf\u00eda | Sur de la Florida<\/title>\n<meta name=\"description\" content=\"El estudio de producci\u00f3n l\u00edder en Miami obtenga una cotizaci\u00f3n hoy. 7 estudios para satisfacer sus necesidades de alquiler de estudios de video. Alquiler de pantallas verdes. Alquiler de estudio fotogr\u00e1fico en Miami\" \/>\n<meta name=\"robots\" content=\"index, follow, max-snippet:-1, max-image-preview:large, max-video-preview:-1\" \/>\n<link rel=\"canonical\" href=\"https:\/\/m3studiosmiami.com\/es\/contactenos\/\" \/>\n<meta property=\"og:locale\" content=\"es_ES\" \/>\n<meta property=\"og:type\" content=\"article\" \/>\n<meta property=\"og:title\" content=\"Para todas sus necesidades de alquiler de estudios de cine y fotograf\u00eda | Sur de la Florida\" \/>\n<meta property=\"og:description\" content=\"El estudio de producci\u00f3n l\u00edder en Miami obtenga una cotizaci\u00f3n hoy. 7 estudios para satisfacer sus necesidades de alquiler de estudios de video. Alquiler de pantallas verdes. Alquiler de estudio fotogr\u00e1fico en Miami\" \/>\n<meta property=\"og:url\" content=\"https:\/\/m3studiosmiami.com\/es\/contactenos\/\" \/>\n<meta property=\"og:site_name\" content=\"M3 Studios Miami\" \/>\n<meta property=\"article:publisher\" content=\"https:\/\/www.facebook.com\/M3StudiosMiami\" \/>\n<meta property=\"article:modified_time\" content=\"2021-03-07T07:46:35+00:00\" \/>\n<meta name=\"twitter:card\" content=\"summary_large_image\" \/>\n<meta name=\"twitter:site\" content=\"@m3studiosmiami\" \/>\n<meta name=\"twitter:label1\" content=\"Tiempo de lectura\" \/>\n\t<meta name=\"twitter:data1\" content=\"3 minutos\" \/>\n<script type=\"application\/ld+json\" class=\"yoast-schema-graph\">{\"@context\":\"https:\\\/\\\/schema.org\",\"@graph\":[{\"@type\":\"WebPage\",\"@id\":\"https:\\\/\\\/m3studiosmiami.com\\\/es\\\/contactenos\\\/\",\"url\":\"https:\\\/\\\/m3studiosmiami.com\\\/es\\\/contactenos\\\/\",\"name\":\"Para todas sus necesidades de alquiler de estudios de cine y fotograf\u00eda | Sur de la Florida\",\"isPartOf\":{\"@id\":\"https:\\\/\\\/m3studiosmiami.com\\\/es\\\/#website\"},\"datePublished\":\"2021-03-07T07:46:33+00:00\",\"dateModified\":\"2021-03-07T07:46:35+00:00\",\"description\":\"El estudio de producci\u00f3n l\u00edder en Miami obtenga una cotizaci\u00f3n hoy. 7 estudios para satisfacer sus necesidades de alquiler de estudios de video. Alquiler de pantallas verdes. Alquiler de estudio fotogr\u00e1fico en Miami\",\"breadcrumb\":{\"@id\":\"https:\\\/\\\/m3studiosmiami.com\\\/es\\\/contactenos\\\/#breadcrumb\"},\"inLanguage\":\"es\",\"potentialAction\":[{\"@type\":\"ReadAction\",\"target\":[\"https:\\\/\\\/m3studiosmiami.com\\\/es\\\/contactenos\\\/\"]}]},{\"@type\":\"BreadcrumbList\",\"@id\":\"https:\\\/\\\/m3studiosmiami.com\\\/es\\\/contactenos\\\/#breadcrumb\",\"itemListElement\":[{\"@type\":\"ListItem\",\"position\":1,\"name\":\"Home\",\"item\":\"https:\\\/\\\/m3studiosmiami.com\\\/es\\\/\"},{\"@type\":\"ListItem\",\"position\":2,\"name\":\"Cont\u00e1ctenos\"}]},{\"@type\":\"WebSite\",\"@id\":\"https:\\\/\\\/m3studiosmiami.com\\\/es\\\/#website\",\"url\":\"https:\\\/\\\/m3studiosmiami.com\\\/es\\\/\",\"name\":\"M3 Studios Miami\",\"description\":\"South Florida\u2019s Largest Film Studio Facility\",\"publisher\":{\"@id\":\"https:\\\/\\\/m3studiosmiami.com\\\/es\\\/#organization\"},\"potentialAction\":[{\"@type\":\"SearchAction\",\"target\":{\"@type\":\"EntryPoint\",\"urlTemplate\":\"https:\\\/\\\/m3studiosmiami.com\\\/es\\\/?s={search_term_string}\"},\"query-input\":{\"@type\":\"PropertyValueSpecification\",\"valueRequired\":true,\"valueName\":\"search_term_string\"}}],\"inLanguage\":\"es\"},{\"@type\":\"Organization\",\"@id\":\"https:\\\/\\\/m3studiosmiami.com\\\/es\\\/#organization\",\"name\":\"M3 Studios\",\"url\":\"https:\\\/\\\/m3studiosmiami.com\\\/es\\\/\",\"logo\":{\"@type\":\"ImageObject\",\"inLanguage\":\"es\",\"@id\":\"https:\\\/\\\/m3studiosmiami.com\\\/es\\\/#\\\/schema\\\/logo\\\/image\\\/\",\"url\":\"https:\\\/\\\/m3studiosmiami.com\\\/wp-content\\\/uploads\\\/2017\\\/05\\\/M3_Studios-logo_small_revised1-1.png\",\"contentUrl\":\"https:\\\/\\\/m3studiosmiami.com\\\/wp-content\\\/uploads\\\/2017\\\/05\\\/M3_Studios-logo_small_revised1-1.png\",\"width\":87,\"height\":80,\"caption\":\"M3 Studios\"},\"image\":{\"@id\":\"https:\\\/\\\/m3studiosmiami.com\\\/es\\\/#\\\/schema\\\/logo\\\/image\\\/\"},\"sameAs\":[\"https:\\\/\\\/www.facebook.com\\\/M3StudiosMiami\",\"https:\\\/\\\/x.com\\\/m3studiosmiami\",\"https:\\\/\\\/www.instagram.com\\\/m3studiosmiami\\\/\",\"https:\\\/\\\/www.linkedin.com\\\/company\\\/m3-studios\\\/\",\"https:\\\/\\\/www.youtube.com\\\/user\\\/M3studiosMiami\"]}]}<\/script>\n<!-- \/ Yoast SEO plugin. -->","yoast_head_json":{"title":"Para todas sus necesidades de alquiler de estudios de cine y fotograf\u00eda | Sur de la Florida","description":"El estudio de producci\u00f3n l\u00edder en Miami obtenga una cotizaci\u00f3n hoy. 7 estudios para satisfacer sus necesidades de alquiler de estudios de video. Alquiler de pantallas verdes. Alquiler de estudio fotogr\u00e1fico en Miami","robots":{"index":"index","follow":"follow","max-snippet":"max-snippet:-1","max-image-preview":"max-image-preview:large","max-video-preview":"max-video-preview:-1"},"canonical":"https:\/\/m3studiosmiami.com\/es\/contactenos\/","og_locale":"es_ES","og_type":"article","og_title":"Para todas sus necesidades de alquiler de estudios de cine y fotograf\u00eda | Sur de la Florida","og_description":"El estudio de producci\u00f3n l\u00edder en Miami obtenga una cotizaci\u00f3n hoy. 7 estudios para satisfacer sus necesidades de alquiler de estudios de video. Alquiler de pantallas verdes. Alquiler de estudio fotogr\u00e1fico en Miami","og_url":"https:\/\/m3studiosmiami.com\/es\/contactenos\/","og_site_name":"M3 Studios Miami","article_publisher":"https:\/\/www.facebook.com\/M3StudiosMiami","article_modified_time":"2021-03-07T07:46:35+00:00","twitter_card":"summary_large_image","twitter_site":"@m3studiosmiami","twitter_misc":{"Tiempo de lectura":"3 minutos"},"schema":{"@context":"https:\/\/schema.org","@graph":[{"@type":"WebPage","@id":"https:\/\/m3studiosmiami.com\/es\/contactenos\/","url":"https:\/\/m3studiosmiami.com\/es\/contactenos\/","name":"Para todas sus necesidades de alquiler de estudios de cine y fotograf\u00eda | Sur de la Florida","isPartOf":{"@id":"https:\/\/m3studiosmiami.com\/es\/#website"},"datePublished":"2021-03-07T07:46:33+00:00","dateModified":"2021-03-07T07:46:35+00:00","description":"El estudio de producci\u00f3n l\u00edder en Miami obtenga una cotizaci\u00f3n hoy. 7 estudios para satisfacer sus necesidades de alquiler de estudios de video. Alquiler de pantallas verdes. Alquiler de estudio fotogr\u00e1fico en Miami","breadcrumb":{"@id":"https:\/\/m3studiosmiami.com\/es\/contactenos\/#breadcrumb"},"inLanguage":"es","potentialAction":[{"@type":"ReadAction","target":["https:\/\/m3studiosmiami.com\/es\/contactenos\/"]}]},{"@type":"BreadcrumbList","@id":"https:\/\/m3studiosmiami.com\/es\/contactenos\/#breadcrumb","itemListElement":[{"@type":"ListItem","position":1,"name":"Home","item":"https:\/\/m3studiosmiami.com\/es\/"},{"@type":"ListItem","position":2,"name":"Cont\u00e1ctenos"}]},{"@type":"WebSite","@id":"https:\/\/m3studiosmiami.com\/es\/#website","url":"https:\/\/m3studiosmiami.com\/es\/","name":"M3 Studios Miami","description":"South Florida\u2019s Largest Film Studio Facility","publisher":{"@id":"https:\/\/m3studiosmiami.com\/es\/#organization"},"potentialAction":[{"@type":"SearchAction","target":{"@type":"EntryPoint","urlTemplate":"https:\/\/m3studiosmiami.com\/es\/?s={search_term_string}"},"query-input":{"@type":"PropertyValueSpecification","valueRequired":true,"valueName":"search_term_string"}}],"inLanguage":"es"},{"@type":"Organization","@id":"https:\/\/m3studiosmiami.com\/es\/#organization","name":"M3 Studios","url":"https:\/\/m3studiosmiami.com\/es\/","logo":{"@type":"ImageObject","inLanguage":"es","@id":"https:\/\/m3studiosmiami.com\/es\/#\/schema\/logo\/image\/","url":"https:\/\/m3studiosmiami.com\/wp-content\/uploads\/2017\/05\/M3_Studios-logo_small_revised1-1.png","contentUrl":"https:\/\/m3studiosmiami.com\/wp-content\/uploads\/2017\/05\/M3_Studios-logo_small_revised1-1.png","width":87,"height":80,"caption":"M3 Studios"},"image":{"@id":"https:\/\/m3studiosmiami.com\/es\/#\/schema\/logo\/image\/"},"sameAs":["https:\/\/www.facebook.com\/M3StudiosMiami","https:\/\/x.com\/m3studiosmiami","https:\/\/www.instagram.com\/m3studiosmiami\/","https:\/\/www.linkedin.com\/company\/m3-studios\/","https:\/\/www.youtube.com\/user\/M3studiosMiami"]}]}},"_links":{"self":[{"href":"https:\/\/m3studiosmiami.com\/es\/wp-json\/wp\/v2\/pages\/7246","targetHints":{"allow":["GET"]}}],"collection":[{"href":"https:\/\/m3studiosmiami.com\/es\/wp-json\/wp\/v2\/pages"}],"about":[{"href":"https:\/\/m3studiosmiami.com\/es\/wp-json\/wp\/v2\/types\/page"}],"author":[{"embeddable":true,"href":"https:\/\/m3studiosmiami.com\/es\/wp-json\/wp\/v2\/users\/1"}],"replies":[{"embeddable":true,"href":"https:\/\/m3studiosmiami.com\/es\/wp-json\/wp\/v2\/comments?post=7246"}],"version-history":[{"count":1,"href":"https:\/\/m3studiosmiami.com\/es\/wp-json\/wp\/v2\/pages\/7246\/revisions"}],"predecessor-version":[{"id":7248,"href":"https:\/\/m3studiosmiami.com\/es\/wp-json\/wp\/v2\/pages\/7246\/revisions\/7248"}],"wp:attachment":[{"href":"https:\/\/m3studiosmiami.com\/es\/wp-json\/wp\/v2\/media?parent=7246"}],"curies":[{"name":"wp","href":"https:\/\/api.w.org\/{rel}","templated":true}]}}