{"id":7047,"date":"2021-03-06T09:44:54","date_gmt":"2021-03-06T14:44:54","guid":{"rendered":"https:\/\/m3studiosmiami.com\/politica-de-privacidad\/"},"modified":"2021-03-06T09:44:55","modified_gmt":"2021-03-06T14:44:55","slug":"politica-de-privacidad","status":"publish","type":"page","link":"https:\/\/m3studiosmiami.com\/es\/politica-de-privacidad\/","title":{"rendered":"Pol\u00edtica de privacidad"},"content":{"rendered":"<div class=\"wpb-content-wrapper\">[vc_row][vc_column][vc_column_text]\n<h3><span style=\"font-size: 18px;\">Bienvenidos a nuestra Pol\u00edtica de Privacidad<\/span><\/h3>\n<h3><span style=\"font-size: 18px;\">Su privacidad es de vital importancia para nosotros.<\/span><\/h3>\n<p><span style=\"font-size: 18px;\">M3 Studios, Inc se encuentra en:<\/span><\/p>\n<p><span style=\"font-size: 18px;\"><em>M3 Studios, Inc<br \/>\n4000 NW 36th Ave<br \/>\nMiami, FL 33142<br \/>\nEstados Unidos<\/em><\/span><span style=\"font-size: 18px;\"><em> <\/em><\/span><\/p>\n<p><span style=\"font-size: 18px;\">Es pol\u00edtica de M3 Studios, INC respetar su privacidad con respecto a cualquier informaci\u00f3n que podamos recopilar mientras operamos nuestro sitio web. Esta pol\u00edtica de privacidad se aplica a<a href=\"https:\/\/onlineimpact360.com\/\"> https:\/\/m3studiosmiami.com\/<\/a> (en adelante, \u00abnosotros\u00bb, \u00abnosotros\u00bb o \u00abhttps:\/\/m3studiosmiami.com\/\u00bb). Respetamos su privacidad y nos comprometemos a proteger la informaci\u00f3n de identificaci\u00f3n personal que pueda proporcionarnos a trav\u00e9s del sitio web. Hemos adoptado esta pol\u00edtica de privacidad (\u00abPol\u00edtica de privacidad\u00bb) para explicar qu\u00e9 informaci\u00f3n se puede recopilar en nuestro sitio web, c\u00f3mo usamos esta informaci\u00f3n y bajo qu\u00e9 circunstancias podemos divulgar la informaci\u00f3n a terceros. Esta Pol\u00edtica de privacidad se aplica solo a la informaci\u00f3n que recopilamos a trav\u00e9s del sitio web y no se aplica a nuestra recopilaci\u00f3n de informaci\u00f3n de otras fuentes.<\/span><\/p>\n<p><span style=\"font-size: 18px;\">Esta Pol\u00edtica de privacidad, junto con los T\u00e9rminos y condiciones publicados en nuestro sitio web, establecen las reglas y pol\u00edticas generales que rigen su uso de nuestro sitio web. Dependiendo de sus actividades al visitar nuestro sitio web, es posible que deba aceptar t\u00e9rminos y condiciones adicionales.<\/span><\/p>\n<h3><span style=\"font-size: 18px;\">Visitantes del sitio web<\/span><\/h3>\n<p><span style=\"font-size: 18px;\">Como la mayor\u00eda de los operadores de sitios web, M3 Studios, Inc recopila informaci\u00f3n de identificaci\u00f3n no personal del tipo que los navegadores y servidores web suelen poner a disposici\u00f3n, como el tipo de navegador, la preferencia de idioma, el sitio de referencia y la fecha y hora de cada solicitud de visitante. El prop\u00f3sito de M3 Studios, INC al recopilar informaci\u00f3n de identificaci\u00f3n no personal es comprender mejor c\u00f3mo los visitantes de M3 Studios, INC usan su sitio web. De vez en cuando, M3 Studios, Inc puede divulgar informaci\u00f3n de identificaci\u00f3n no personal en conjunto, por ejemplo, mediante la publicaci\u00f3n de un informe sobre las tendencias en el uso de su sitio web.<\/span><\/p>\n<p><span style=\"font-size: 18px;\">M3 Studios, Inc tambi\u00e9n recopila informaci\u00f3n de identificaci\u00f3n personal como direcciones de Protocolo de Internet (IP) para los usuarios que han iniciado sesi\u00f3n y para los usuarios que dejan comentarios en las publicaciones del blog https:\/\/m3studiosmiami.com\/. M3 Studios, Inc solo divulga las direcciones IP de usuarios y comentaristas registrados en las mismas circunstancias en las que utiliza y divulga informaci\u00f3n de identificaci\u00f3n personal como se describe a continuaci\u00f3n.<\/span><\/p>\n<h3><span style=\"font-size: 18px;\">Recopilaci\u00f3n de informaci\u00f3n de identificaci\u00f3n personal<\/span><\/h3>\n<p><span style=\"font-size: 18px;\">Ciertos visitantes de los sitios web de M3 Studios, INC eligen interactuar con M3 Studios, Inc de formas que requieren que M3 Studios, Inc recopile informaci\u00f3n de identificaci\u00f3n personal. La cantidad y el tipo de informaci\u00f3n que recopila M3 Studios, Inc depende de la naturaleza de la interacci\u00f3n. Por ejemplo, pedimos a los visitantes que se registran en un blog en https:\/\/m3studiosmiami.com\/ que proporcionen un nombre de usuario y una direcci\u00f3n de correo electr\u00f3nico.<\/span><\/p>\n<h3><span style=\"font-size: 18px;\">Seguridad<\/span><\/h3>\n<p><span style=\"font-size: 18px;\">La seguridad de su informaci\u00f3n personal es importante para nosotros, pero recuerde que ning\u00fan m\u00e9todo de transmisi\u00f3n a trav\u00e9s de Internet o m\u00e9todo de almacenamiento electr\u00f3nico es 100% seguro. Si bien nos esforzamos por utilizar medios comercialmente aceptables para proteger su informaci\u00f3n personal, no podemos garantizar su seguridad absoluta.<\/span><\/p>\n<h3><span style=\"font-size: 18px;\">Anuncios<\/span><\/h3>\n<p><span style=\"font-size: 18px;\">Los anuncios que aparecen en nuestro sitio web pueden ser entregados a los usuarios por socios publicitarios, quienes pueden establecer cookies. Estas cookies permiten que el servidor de anuncios reconozca su computadora cada vez que le env\u00edan un anuncio en l\u00ednea para recopilar informaci\u00f3n sobre usted u otras personas que usan su computadora. Esta informaci\u00f3n permite que las redes publicitarias, entre otras cosas, publiquen anuncios dirigidos que creen que ser\u00e1n de mayor inter\u00e9s para usted. Esta Pol\u00edtica de privacidad cubre el uso de cookies por parte de M3 Studios, Inc y no cubre el uso de cookies por parte de ning\u00fan anunciante.<\/span><\/p>\n<p><strong><span style=\"font-size: 18px;\">Enlaces a sitios externos<\/span><\/strong><\/p>\n<p><span style=\"font-size: 18px;\">Nuestro Servicio puede contener enlaces a sitios externos que no son operados por nosotros. Si hace clic en el enlace de un tercero, se le dirigir\u00e1 al sitio de ese tercero. Le recomendamos encarecidamente que revise la Pol\u00edtica de privacidad y los t\u00e9rminos y condiciones de cada sitio que visite.<\/span><\/p>\n<p><span style=\"font-size: 18px;\">No tenemos control ni asumimos ninguna responsabilidad por el contenido, las pol\u00edticas de privacidad o las pr\u00e1cticas de sitios, productos o servicios de terceros.<\/span><\/p>\n<p><strong><span style=\"font-size: 18px;\">Google analitico<\/span><\/strong><\/p>\n<p><span style=\"font-size: 18px;\">Al igual que millones de otros sitios web, utilizamos el propio Analytics de Google en nuestro sitio web. Al utilizar software de an\u00e1lisis, debe tener una divulgaci\u00f3n de privacidad en su sitio web. No importa la industria o el tipo de sitio web que opere. S\u00ed, en serio. Incluso el sitio web de su plomero local, si est\u00e1 utilizando Google Analytics para obtener informaci\u00f3n sobre los visitantes de su sitio, debe tener una pol\u00edtica de privacidad.<\/span><\/p>\n<p><span style=\"font-size: 18px;\">S\u00ed, sabemos que no ten\u00edas idea.<\/span><\/p>\n<p><span style=\"font-size: 18px;\">Google Analytics es un software que permite a los propietarios de sitios web comprender mejor su tr\u00e1fico, rastrea datos no identificables sobre los visitantes del sitio web.<\/span><\/p>\n<p><strong><span style=\"font-size: 18px;\">\u00bfQu\u00e9 registra Google Analytics?<\/span><\/strong><\/p>\n<ul>\n<li><span style=\"font-size: 18px;\">Qu\u00e9 dispositivo est\u00e1 utilizando, computadora port\u00e1til, dispositivo m\u00f3vil, tableta, etc.<\/span><\/li>\n<li><span style=\"font-size: 18px;\">\u00bfCu\u00e1nto tiempo pasaste en el sitio web?<\/span><\/li>\n<li><span style=\"font-size: 18px;\">Si ingres\u00f3 y se fue de inmediato<\/span><\/li>\n<li><span style=\"font-size: 18px;\">En que pais estas<\/span><\/li>\n<\/ul>\n<p><strong><span style=\"font-size: 18px;\">\u00bfPara qu\u00e9 son estos datos?<\/span><\/strong><\/p>\n<p><span style=\"font-size: 18px;\">La informaci\u00f3n de seguimiento me permite a m\u00ed oa cualquier webmaster que opere un negocio en l\u00ednea comprender mejor el tipo de personas que visitan el sitio y qu\u00e9 contenido est\u00e1n leyendo. Esto me permite tomar mejores decisiones sobre el tipo de contenido que disfrutan mis visitantes, qu\u00e9 leen, qu\u00e9 omiten, si tienen dificultades para cargar una p\u00e1gina en un navegador espec\u00edfico o cualquier error que deba conocer.<\/span><\/p>\n<p><span style=\"font-size: 18px;\">Toda esta actividad se encuentra dentro del<a href=\"http:\/\/www.google.com\/analytics\/tos.html\"> Condiciones de servicio de Google Analytics.<\/a><\/span><\/p>\n<p><span style=\"font-size: 18px;\">\u00bfSab\u00eda que puede optar por no recibir publicidad de Google?<\/span><\/p>\n<p><span style=\"font-size: 18px;\">S\u00ed, puede, Google le permite optar por no recibir varios anuncios. Puede leer m\u00e1s informaci\u00f3n sobre c\u00f3mo Google utiliza los datos que recopila. <a href=\"https:\/\/www.google.com\/policies\/technologies\/ads\/\">Pol\u00edtica de publicidad de Google<\/a><\/span><\/p>\n<h3><span style=\"font-size: 18px;\">Google AdWords para remarketing<\/span><\/h3>\n<p><span style=\"font-size: 18px;\">Https:\/\/m3studiosmiami.com\/ utiliza los servicios de remarketing para anunciar en sitios web de terceros (incluido Google) a visitantes anteriores de nuestro sitio. Podr\u00eda significar que anunciamos a visitantes anteriores que no han completado una tarea en nuestro sitio, por ejemplo, utilizando el formulario de contacto para realizar una consulta. Esto podr\u00eda ser en forma de un anuncio en la p\u00e1gina de resultados de b\u00fasqueda de Google o un sitio en la Red de Display de Google. Los proveedores externos, incluido Google, utilizan cookies para publicar anuncios basados en visitas anteriores de alguien. Por supuesto, todos los datos recopilados se utilizar\u00e1n de acuerdo con nuestra propia pol\u00edtica de privacidad y la pol\u00edtica de privacidad de Google.<\/span><\/p>\n<p><span style=\"font-size: 18px;\">Puede establecer preferencias sobre c\u00f3mo Google le anuncia mediante la p\u00e1gina de Preferencias de anuncios de Google y, si lo desea, puede optar por no recibir publicidad basada en intereses por completo mediante la configuraci\u00f3n de cookies o mediante el uso permanente de un complemento del navegador.<\/span><\/p>\n<p><strong><span style=\"font-size: 18px;\">Estad\u00edsticas agregadas<\/span><\/strong><\/p>\n<p><span style=\"font-size: 18px;\">M3 Studios, Inc puede recopilar estad\u00edsticas sobre el comportamiento de los visitantes de su sitio web. M3 Studios, Inc puede mostrar esta informaci\u00f3n p\u00fablicamente o proporcionarla a otros. Sin embargo, M3 Studios, Inc no divulga su informaci\u00f3n de identificaci\u00f3n personal.<\/span><\/p>\n<h3><span style=\"font-size: 18px;\">Galletas<\/span><\/h3>\n<p><span style=\"font-size: 18px;\">Para enriquecer y perfeccionar su experiencia en l\u00ednea, M3 Studios, Inc. utiliza \u00abCookies\u00bb, tecnolog\u00edas y servicios similares proporcionados por otros para mostrar contenido personalizado, publicidad adecuada y almacenar sus preferencias en su computadora.<\/span><\/p>\n<p><span style=\"font-size: 18px;\">Una cookie es una cadena de informaci\u00f3n que un sitio web almacena en la computadora de un visitante y que el navegador del visitante proporciona al sitio web cada vez que regresa. M3 Studios, Inc utiliza cookies para ayudar a M3 Studios, Inc a identificar y rastrear a los visitantes, su uso de https:\/\/m3studiosmiami.com\/ y sus preferencias de acceso al sitio web. Los visitantes de M3 Studios, Inc que no deseen que se coloquen cookies en sus computadoras deben configurar sus navegadores para rechazar las cookies antes de usar los sitios web de M3 Studios, INC, con el inconveniente de que ciertas caracter\u00edsticas de los sitios web de M3 Studios, INC pueden no funcionar correctamente sin la ayuda. de cookies.<\/span><\/p>\n<p><span style=\"font-size: 18px;\">Al continuar navegando en nuestro sitio web sin cambiar la configuraci\u00f3n de las cookies, usted reconoce y acepta el uso de cookies de M3 Studios, INC.<\/span><\/p>\n<h3><span style=\"font-size: 18px;\">Cambios en la pol\u00edtica de privacidad<\/span><\/h3>\n<p><span style=\"font-size: 18px;\">Aunque es probable que la mayor\u00eda de los cambios sean menores, M3 Studios, Inc puede cambiar su Pol\u00edtica de privacidad de vez en cuando, y a exclusivo criterio de M3 Studios, INC. M3 Studios, Inc alienta a los visitantes a que consulten con frecuencia esta p\u00e1gina para ver si hay cambios en su Pol\u00edtica de privacidad. Su uso continuado de este sitio despu\u00e9s de cualquier cambio en esta Pol\u00edtica de privacidad constituir\u00e1 su aceptaci\u00f3n de dicho cambio.<\/span><\/p>\n<h3><span style=\"font-size: 18px;\">Informaci\u00f3n del contacto<\/span><\/h3>\n<p><span style=\"font-size: 18px;\">Si tiene alguna pregunta sobre esta Pol\u00edtica de privacidad, cont\u00e1ctenos a trav\u00e9s de<a href=\"https:\/\/m3studiosmiami.com\/contactenos\/?lang=es\"> Email<\/a> o<a href=\"https:\/\/m3studiosmiami.com\/contactenos\/?lang=es\"> tel\u00e9fono<\/a> .<\/span>[\/vc_column_text][\/vc_column][\/vc_row]\n<\/div>","protected":false},"excerpt":{"rendered":"<p>[vc_row][vc_column][vc_column_text] Bienvenidos a nuestra Pol\u00edtica de Privacidad Su privacidad es de vital importancia para nosotros. M3 Studios, Inc se encuentra en: M3 Studios, Inc 4000 NW 36th Ave Miami, FL 33142 Estados Unidos Es pol\u00edtica de M3 Studios, INC respetar su privacidad con respecto a cualquier informaci\u00f3n que podamos recopilar mientras operamos nuestro sitio web.&hellip;<\/p>\n","protected":false},"author":1,"featured_media":0,"parent":0,"menu_order":0,"comment_status":"closed","ping_status":"closed","template":"","meta":{"footnotes":""},"class_list":["post-7047","page","type-page","status-publish","hentry","entry","no-media"],"yoast_head":"<!-- This site is optimized with the Yoast SEO plugin v27.4 - https:\/\/yoast.com\/product\/yoast-seo-wordpress\/ -->\n<title>Pol\u00edtica de privacidad - M3 Studios Miami<\/title>\n<meta name=\"robots\" content=\"noindex, follow\" \/>\n<meta property=\"og:locale\" content=\"es_ES\" \/>\n<meta property=\"og:type\" content=\"article\" \/>\n<meta property=\"og:title\" content=\"Pol\u00edtica de privacidad - M3 Studios Miami\" \/>\n<meta property=\"og:description\" content=\"[vc_row][vc_column][vc_column_text] Bienvenidos a nuestra Pol\u00edtica de Privacidad Su privacidad es de vital importancia para nosotros. M3 Studios, Inc se encuentra en: M3 Studios, Inc 4000 NW 36th Ave Miami, FL 33142 Estados Unidos Es pol\u00edtica de M3 Studios, INC respetar su privacidad con respecto a cualquier informaci\u00f3n que podamos recopilar mientras operamos nuestro sitio web.&hellip;\" \/>\n<meta property=\"og:url\" content=\"https:\/\/m3studiosmiami.com\/es\/politica-de-privacidad\/\" \/>\n<meta property=\"og:site_name\" content=\"M3 Studios Miami\" \/>\n<meta property=\"article:publisher\" content=\"https:\/\/www.facebook.com\/M3StudiosMiami\" \/>\n<meta property=\"article:modified_time\" content=\"2021-03-06T14:44:55+00:00\" \/>\n<meta name=\"twitter:card\" content=\"summary_large_image\" \/>\n<meta name=\"twitter:site\" content=\"@m3studiosmiami\" \/>\n<meta name=\"twitter:label1\" content=\"Tiempo de lectura\" \/>\n\t<meta name=\"twitter:data1\" content=\"8 minutos\" \/>\n<script type=\"application\/ld+json\" class=\"yoast-schema-graph\">{\"@context\":\"https:\\\/\\\/schema.org\",\"@graph\":[{\"@type\":\"WebPage\",\"@id\":\"https:\\\/\\\/m3studiosmiami.com\\\/es\\\/politica-de-privacidad\\\/\",\"url\":\"https:\\\/\\\/m3studiosmiami.com\\\/es\\\/politica-de-privacidad\\\/\",\"name\":\"Pol\u00edtica de privacidad - M3 Studios Miami\",\"isPartOf\":{\"@id\":\"https:\\\/\\\/m3studiosmiami.com\\\/es\\\/#website\"},\"datePublished\":\"2021-03-06T14:44:54+00:00\",\"dateModified\":\"2021-03-06T14:44:55+00:00\",\"breadcrumb\":{\"@id\":\"https:\\\/\\\/m3studiosmiami.com\\\/es\\\/politica-de-privacidad\\\/#breadcrumb\"},\"inLanguage\":\"es\",\"potentialAction\":[{\"@type\":\"ReadAction\",\"target\":[\"https:\\\/\\\/m3studiosmiami.com\\\/es\\\/politica-de-privacidad\\\/\"]}]},{\"@type\":\"BreadcrumbList\",\"@id\":\"https:\\\/\\\/m3studiosmiami.com\\\/es\\\/politica-de-privacidad\\\/#breadcrumb\",\"itemListElement\":[{\"@type\":\"ListItem\",\"position\":1,\"name\":\"Home\",\"item\":\"https:\\\/\\\/m3studiosmiami.com\\\/es\\\/\"},{\"@type\":\"ListItem\",\"position\":2,\"name\":\"Pol\u00edtica de privacidad\"}]},{\"@type\":\"WebSite\",\"@id\":\"https:\\\/\\\/m3studiosmiami.com\\\/es\\\/#website\",\"url\":\"https:\\\/\\\/m3studiosmiami.com\\\/es\\\/\",\"name\":\"M3 Studios Miami\",\"description\":\"South Florida\u2019s Largest Film Studio Facility\",\"publisher\":{\"@id\":\"https:\\\/\\\/m3studiosmiami.com\\\/es\\\/#organization\"},\"potentialAction\":[{\"@type\":\"SearchAction\",\"target\":{\"@type\":\"EntryPoint\",\"urlTemplate\":\"https:\\\/\\\/m3studiosmiami.com\\\/es\\\/?s={search_term_string}\"},\"query-input\":{\"@type\":\"PropertyValueSpecification\",\"valueRequired\":true,\"valueName\":\"search_term_string\"}}],\"inLanguage\":\"es\"},{\"@type\":\"Organization\",\"@id\":\"https:\\\/\\\/m3studiosmiami.com\\\/es\\\/#organization\",\"name\":\"M3 Studios\",\"url\":\"https:\\\/\\\/m3studiosmiami.com\\\/es\\\/\",\"logo\":{\"@type\":\"ImageObject\",\"inLanguage\":\"es\",\"@id\":\"https:\\\/\\\/m3studiosmiami.com\\\/es\\\/#\\\/schema\\\/logo\\\/image\\\/\",\"url\":\"https:\\\/\\\/m3studiosmiami.com\\\/wp-content\\\/uploads\\\/2017\\\/05\\\/M3_Studios-logo_small_revised1-1.png\",\"contentUrl\":\"https:\\\/\\\/m3studiosmiami.com\\\/wp-content\\\/uploads\\\/2017\\\/05\\\/M3_Studios-logo_small_revised1-1.png\",\"width\":87,\"height\":80,\"caption\":\"M3 Studios\"},\"image\":{\"@id\":\"https:\\\/\\\/m3studiosmiami.com\\\/es\\\/#\\\/schema\\\/logo\\\/image\\\/\"},\"sameAs\":[\"https:\\\/\\\/www.facebook.com\\\/M3StudiosMiami\",\"https:\\\/\\\/x.com\\\/m3studiosmiami\",\"https:\\\/\\\/www.instagram.com\\\/m3studiosmiami\\\/\",\"https:\\\/\\\/www.linkedin.com\\\/company\\\/m3-studios\\\/\",\"https:\\\/\\\/www.youtube.com\\\/user\\\/M3studiosMiami\"]}]}<\/script>\n<!-- \/ Yoast SEO plugin. -->","yoast_head_json":{"title":"Pol\u00edtica de privacidad - M3 Studios Miami","robots":{"index":"noindex","follow":"follow"},"og_locale":"es_ES","og_type":"article","og_title":"Pol\u00edtica de privacidad - M3 Studios Miami","og_description":"[vc_row][vc_column][vc_column_text] Bienvenidos a nuestra Pol\u00edtica de Privacidad Su privacidad es de vital importancia para nosotros. M3 Studios, Inc se encuentra en: M3 Studios, Inc 4000 NW 36th Ave Miami, FL 33142 Estados Unidos Es pol\u00edtica de M3 Studios, INC respetar su privacidad con respecto a cualquier informaci\u00f3n que podamos recopilar mientras operamos nuestro sitio web.&hellip;","og_url":"https:\/\/m3studiosmiami.com\/es\/politica-de-privacidad\/","og_site_name":"M3 Studios Miami","article_publisher":"https:\/\/www.facebook.com\/M3StudiosMiami","article_modified_time":"2021-03-06T14:44:55+00:00","twitter_card":"summary_large_image","twitter_site":"@m3studiosmiami","twitter_misc":{"Tiempo de lectura":"8 minutos"},"schema":{"@context":"https:\/\/schema.org","@graph":[{"@type":"WebPage","@id":"https:\/\/m3studiosmiami.com\/es\/politica-de-privacidad\/","url":"https:\/\/m3studiosmiami.com\/es\/politica-de-privacidad\/","name":"Pol\u00edtica de privacidad - M3 Studios Miami","isPartOf":{"@id":"https:\/\/m3studiosmiami.com\/es\/#website"},"datePublished":"2021-03-06T14:44:54+00:00","dateModified":"2021-03-06T14:44:55+00:00","breadcrumb":{"@id":"https:\/\/m3studiosmiami.com\/es\/politica-de-privacidad\/#breadcrumb"},"inLanguage":"es","potentialAction":[{"@type":"ReadAction","target":["https:\/\/m3studiosmiami.com\/es\/politica-de-privacidad\/"]}]},{"@type":"BreadcrumbList","@id":"https:\/\/m3studiosmiami.com\/es\/politica-de-privacidad\/#breadcrumb","itemListElement":[{"@type":"ListItem","position":1,"name":"Home","item":"https:\/\/m3studiosmiami.com\/es\/"},{"@type":"ListItem","position":2,"name":"Pol\u00edtica de privacidad"}]},{"@type":"WebSite","@id":"https:\/\/m3studiosmiami.com\/es\/#website","url":"https:\/\/m3studiosmiami.com\/es\/","name":"M3 Studios Miami","description":"South Florida\u2019s Largest Film Studio Facility","publisher":{"@id":"https:\/\/m3studiosmiami.com\/es\/#organization"},"potentialAction":[{"@type":"SearchAction","target":{"@type":"EntryPoint","urlTemplate":"https:\/\/m3studiosmiami.com\/es\/?s={search_term_string}"},"query-input":{"@type":"PropertyValueSpecification","valueRequired":true,"valueName":"search_term_string"}}],"inLanguage":"es"},{"@type":"Organization","@id":"https:\/\/m3studiosmiami.com\/es\/#organization","name":"M3 Studios","url":"https:\/\/m3studiosmiami.com\/es\/","logo":{"@type":"ImageObject","inLanguage":"es","@id":"https:\/\/m3studiosmiami.com\/es\/#\/schema\/logo\/image\/","url":"https:\/\/m3studiosmiami.com\/wp-content\/uploads\/2017\/05\/M3_Studios-logo_small_revised1-1.png","contentUrl":"https:\/\/m3studiosmiami.com\/wp-content\/uploads\/2017\/05\/M3_Studios-logo_small_revised1-1.png","width":87,"height":80,"caption":"M3 Studios"},"image":{"@id":"https:\/\/m3studiosmiami.com\/es\/#\/schema\/logo\/image\/"},"sameAs":["https:\/\/www.facebook.com\/M3StudiosMiami","https:\/\/x.com\/m3studiosmiami","https:\/\/www.instagram.com\/m3studiosmiami\/","https:\/\/www.linkedin.com\/company\/m3-studios\/","https:\/\/www.youtube.com\/user\/M3studiosMiami"]}]}},"_links":{"self":[{"href":"https:\/\/m3studiosmiami.com\/es\/wp-json\/wp\/v2\/pages\/7047","targetHints":{"allow":["GET"]}}],"collection":[{"href":"https:\/\/m3studiosmiami.com\/es\/wp-json\/wp\/v2\/pages"}],"about":[{"href":"https:\/\/m3studiosmiami.com\/es\/wp-json\/wp\/v2\/types\/page"}],"author":[{"embeddable":true,"href":"https:\/\/m3studiosmiami.com\/es\/wp-json\/wp\/v2\/users\/1"}],"replies":[{"embeddable":true,"href":"https:\/\/m3studiosmiami.com\/es\/wp-json\/wp\/v2\/comments?post=7047"}],"version-history":[{"count":1,"href":"https:\/\/m3studiosmiami.com\/es\/wp-json\/wp\/v2\/pages\/7047\/revisions"}],"predecessor-version":[{"id":7049,"href":"https:\/\/m3studiosmiami.com\/es\/wp-json\/wp\/v2\/pages\/7047\/revisions\/7049"}],"wp:attachment":[{"href":"https:\/\/m3studiosmiami.com\/es\/wp-json\/wp\/v2\/media?parent=7047"}],"curies":[{"name":"wp","href":"https:\/\/api.w.org\/{rel}","templated":true}]}}