{"id":7037,"date":"2021-03-06T09:43:16","date_gmt":"2021-03-06T14:43:16","guid":{"rendered":"https:\/\/m3studiosmiami.com\/accesibilidad\/"},"modified":"2021-03-06T09:43:18","modified_gmt":"2021-03-06T14:43:18","slug":"accesibilidad","status":"publish","type":"page","link":"https:\/\/m3studiosmiami.com\/es\/accesibilidad\/","title":{"rendered":"Accesibilidad"},"content":{"rendered":"<div class=\"wpb-content-wrapper\">[vc_row][vc_column]<div class=\"vcex-heading vcex-heading-plain vcex-module wpex-heading wpex-text-2xl\"><span class=\"vcex-heading-inner wpex-inline-block\">Declaraci\u00f3n de accesibilidad<\/span><\/div><style> style=\"height:20px;\"<\/style><div class=\"vcex-spacing wpex-w-100 wpex-clear\" style=\"height:20px;\"><\/div>[vc_column_text font_family=\u00bbRaleway\u00bb color=\u00bb#000000&#8243; font_size=\u00bb16&#8243;]M3 Studios se compromete a hacer que este sitio web sea accesible para los visitantes con discapacidades y trabaja continuamente para aumentar su accesibilidad y usabilidad.<\/p>\n<p><a href=\"https:\/\/m3studiosmiami.com\/?lang=es\">www.m3studiosmiami.com<\/a> se esfuerza por cumplir con las Pautas de accesibilidad al contenido web 2.0, Nivel AA. Estas recomendaciones describen c\u00f3mo hacer que el contenido del sitio web sea accesible para una gama m\u00e1s amplia de personas con discapacidad.<\/p>\n<p>Regularmente buscamos oportunidades para llevar todas las \u00e1reas del sitio al mismo nivel de accesibilidad web general.<\/p>\n<p>Nos esforzamos por hacer que nuestro contenido sea accesible para todos los consumidores. Si tiene dificultades para ver este sitio web y \/ o el formato de cualquier material en este sitio web interfiere con su capacidad para acceder a la informaci\u00f3n utilizando tecnolog\u00eda de asistencia (como un Braille o un lector de pantalla, o TTY),<a href=\"https:\/\/m3studiosmiami.com\/contactenos\/?lang=es\"> por favor cont\u00e1ctenos<\/a><\/p>\n<p>Para que podamos responderle de la manera m\u00e1s \u00fatil, indique la naturaleza de su problema de accesibilidad, la direcci\u00f3n web (enlace URL) del material al que necesita acceder y su informaci\u00f3n de contacto completa, incluida la direcci\u00f3n de correo electr\u00f3nico.[\/vc_column_text][\/vc_column][\/vc_row]\n<\/div>","protected":false},"excerpt":{"rendered":"<p>[vc_row][vc_column][vc_column_text font_family=\u00bbRaleway\u00bb color=\u00bb#000000&#8243; font_size=\u00bb16&#8243;]M3 Studios se compromete a hacer que este sitio web sea accesible para los visitantes con discapacidades y trabaja continuamente para aumentar su accesibilidad y usabilidad. www.m3studiosmiami.com se esfuerza por cumplir con las Pautas de accesibilidad al contenido web 2.0, Nivel AA. Estas recomendaciones describen c\u00f3mo hacer que el contenido del sitio&hellip;<\/p>\n","protected":false},"author":3,"featured_media":0,"parent":0,"menu_order":0,"comment_status":"closed","ping_status":"closed","template":"","meta":{"footnotes":""},"class_list":["post-7037","page","type-page","status-publish","hentry","entry","no-media"],"yoast_head":"<!-- This site is optimized with the Yoast SEO plugin v27.4 - https:\/\/yoast.com\/product\/yoast-seo-wordpress\/ -->\n<title>Accesibilidad - M3 Studios Miami<\/title>\n<meta name=\"robots\" content=\"noindex, follow\" \/>\n<meta property=\"og:locale\" content=\"es_ES\" \/>\n<meta property=\"og:type\" content=\"article\" \/>\n<meta property=\"og:title\" content=\"Accesibilidad - M3 Studios Miami\" \/>\n<meta property=\"og:description\" content=\"[vc_row][vc_column][vc_column_text font_family=\u00bbRaleway\u00bb color=\u00bb#000000&#8243; font_size=\u00bb16&#8243;]M3 Studios se compromete a hacer que este sitio web sea accesible para los visitantes con discapacidades y trabaja continuamente para aumentar su accesibilidad y usabilidad. www.m3studiosmiami.com se esfuerza por cumplir con las Pautas de accesibilidad al contenido web 2.0, Nivel AA. Estas recomendaciones describen c\u00f3mo hacer que el contenido del sitio&hellip;\" \/>\n<meta property=\"og:url\" content=\"https:\/\/m3studiosmiami.com\/es\/accesibilidad\/\" \/>\n<meta property=\"og:site_name\" content=\"M3 Studios Miami\" \/>\n<meta property=\"article:publisher\" content=\"https:\/\/www.facebook.com\/M3StudiosMiami\" \/>\n<meta property=\"article:modified_time\" content=\"2021-03-06T14:43:18+00:00\" \/>\n<meta name=\"twitter:card\" content=\"summary_large_image\" \/>\n<meta name=\"twitter:site\" content=\"@m3studiosmiami\" \/>\n<meta name=\"twitter:label1\" content=\"Tiempo de lectura\" \/>\n\t<meta name=\"twitter:data1\" content=\"1 minuto\" \/>\n<script type=\"application\/ld+json\" class=\"yoast-schema-graph\">{\"@context\":\"https:\\\/\\\/schema.org\",\"@graph\":[{\"@type\":\"WebPage\",\"@id\":\"https:\\\/\\\/m3studiosmiami.com\\\/es\\\/accesibilidad\\\/\",\"url\":\"https:\\\/\\\/m3studiosmiami.com\\\/es\\\/accesibilidad\\\/\",\"name\":\"Accesibilidad - M3 Studios Miami\",\"isPartOf\":{\"@id\":\"https:\\\/\\\/m3studiosmiami.com\\\/es\\\/#website\"},\"datePublished\":\"2021-03-06T14:43:16+00:00\",\"dateModified\":\"2021-03-06T14:43:18+00:00\",\"breadcrumb\":{\"@id\":\"https:\\\/\\\/m3studiosmiami.com\\\/es\\\/accesibilidad\\\/#breadcrumb\"},\"inLanguage\":\"es\",\"potentialAction\":[{\"@type\":\"ReadAction\",\"target\":[\"https:\\\/\\\/m3studiosmiami.com\\\/es\\\/accesibilidad\\\/\"]}]},{\"@type\":\"BreadcrumbList\",\"@id\":\"https:\\\/\\\/m3studiosmiami.com\\\/es\\\/accesibilidad\\\/#breadcrumb\",\"itemListElement\":[{\"@type\":\"ListItem\",\"position\":1,\"name\":\"Home\",\"item\":\"https:\\\/\\\/m3studiosmiami.com\\\/es\\\/\"},{\"@type\":\"ListItem\",\"position\":2,\"name\":\"Accesibilidad\"}]},{\"@type\":\"WebSite\",\"@id\":\"https:\\\/\\\/m3studiosmiami.com\\\/es\\\/#website\",\"url\":\"https:\\\/\\\/m3studiosmiami.com\\\/es\\\/\",\"name\":\"M3 Studios Miami\",\"description\":\"South Florida\u2019s Largest Film Studio Facility\",\"publisher\":{\"@id\":\"https:\\\/\\\/m3studiosmiami.com\\\/es\\\/#organization\"},\"potentialAction\":[{\"@type\":\"SearchAction\",\"target\":{\"@type\":\"EntryPoint\",\"urlTemplate\":\"https:\\\/\\\/m3studiosmiami.com\\\/es\\\/?s={search_term_string}\"},\"query-input\":{\"@type\":\"PropertyValueSpecification\",\"valueRequired\":true,\"valueName\":\"search_term_string\"}}],\"inLanguage\":\"es\"},{\"@type\":\"Organization\",\"@id\":\"https:\\\/\\\/m3studiosmiami.com\\\/es\\\/#organization\",\"name\":\"M3 Studios\",\"url\":\"https:\\\/\\\/m3studiosmiami.com\\\/es\\\/\",\"logo\":{\"@type\":\"ImageObject\",\"inLanguage\":\"es\",\"@id\":\"https:\\\/\\\/m3studiosmiami.com\\\/es\\\/#\\\/schema\\\/logo\\\/image\\\/\",\"url\":\"https:\\\/\\\/m3studiosmiami.com\\\/wp-content\\\/uploads\\\/2017\\\/05\\\/M3_Studios-logo_small_revised1-1.png\",\"contentUrl\":\"https:\\\/\\\/m3studiosmiami.com\\\/wp-content\\\/uploads\\\/2017\\\/05\\\/M3_Studios-logo_small_revised1-1.png\",\"width\":87,\"height\":80,\"caption\":\"M3 Studios\"},\"image\":{\"@id\":\"https:\\\/\\\/m3studiosmiami.com\\\/es\\\/#\\\/schema\\\/logo\\\/image\\\/\"},\"sameAs\":[\"https:\\\/\\\/www.facebook.com\\\/M3StudiosMiami\",\"https:\\\/\\\/x.com\\\/m3studiosmiami\",\"https:\\\/\\\/www.instagram.com\\\/m3studiosmiami\\\/\",\"https:\\\/\\\/www.linkedin.com\\\/company\\\/m3-studios\\\/\",\"https:\\\/\\\/www.youtube.com\\\/user\\\/M3studiosMiami\"]}]}<\/script>\n<!-- \/ Yoast SEO plugin. -->","yoast_head_json":{"title":"Accesibilidad - M3 Studios Miami","robots":{"index":"noindex","follow":"follow"},"og_locale":"es_ES","og_type":"article","og_title":"Accesibilidad - M3 Studios Miami","og_description":"[vc_row][vc_column][vc_column_text font_family=\u00bbRaleway\u00bb color=\u00bb#000000&#8243; font_size=\u00bb16&#8243;]M3 Studios se compromete a hacer que este sitio web sea accesible para los visitantes con discapacidades y trabaja continuamente para aumentar su accesibilidad y usabilidad. www.m3studiosmiami.com se esfuerza por cumplir con las Pautas de accesibilidad al contenido web 2.0, Nivel AA. Estas recomendaciones describen c\u00f3mo hacer que el contenido del sitio&hellip;","og_url":"https:\/\/m3studiosmiami.com\/es\/accesibilidad\/","og_site_name":"M3 Studios Miami","article_publisher":"https:\/\/www.facebook.com\/M3StudiosMiami","article_modified_time":"2021-03-06T14:43:18+00:00","twitter_card":"summary_large_image","twitter_site":"@m3studiosmiami","twitter_misc":{"Tiempo de lectura":"1 minuto"},"schema":{"@context":"https:\/\/schema.org","@graph":[{"@type":"WebPage","@id":"https:\/\/m3studiosmiami.com\/es\/accesibilidad\/","url":"https:\/\/m3studiosmiami.com\/es\/accesibilidad\/","name":"Accesibilidad - M3 Studios Miami","isPartOf":{"@id":"https:\/\/m3studiosmiami.com\/es\/#website"},"datePublished":"2021-03-06T14:43:16+00:00","dateModified":"2021-03-06T14:43:18+00:00","breadcrumb":{"@id":"https:\/\/m3studiosmiami.com\/es\/accesibilidad\/#breadcrumb"},"inLanguage":"es","potentialAction":[{"@type":"ReadAction","target":["https:\/\/m3studiosmiami.com\/es\/accesibilidad\/"]}]},{"@type":"BreadcrumbList","@id":"https:\/\/m3studiosmiami.com\/es\/accesibilidad\/#breadcrumb","itemListElement":[{"@type":"ListItem","position":1,"name":"Home","item":"https:\/\/m3studiosmiami.com\/es\/"},{"@type":"ListItem","position":2,"name":"Accesibilidad"}]},{"@type":"WebSite","@id":"https:\/\/m3studiosmiami.com\/es\/#website","url":"https:\/\/m3studiosmiami.com\/es\/","name":"M3 Studios Miami","description":"South Florida\u2019s Largest Film Studio Facility","publisher":{"@id":"https:\/\/m3studiosmiami.com\/es\/#organization"},"potentialAction":[{"@type":"SearchAction","target":{"@type":"EntryPoint","urlTemplate":"https:\/\/m3studiosmiami.com\/es\/?s={search_term_string}"},"query-input":{"@type":"PropertyValueSpecification","valueRequired":true,"valueName":"search_term_string"}}],"inLanguage":"es"},{"@type":"Organization","@id":"https:\/\/m3studiosmiami.com\/es\/#organization","name":"M3 Studios","url":"https:\/\/m3studiosmiami.com\/es\/","logo":{"@type":"ImageObject","inLanguage":"es","@id":"https:\/\/m3studiosmiami.com\/es\/#\/schema\/logo\/image\/","url":"https:\/\/m3studiosmiami.com\/wp-content\/uploads\/2017\/05\/M3_Studios-logo_small_revised1-1.png","contentUrl":"https:\/\/m3studiosmiami.com\/wp-content\/uploads\/2017\/05\/M3_Studios-logo_small_revised1-1.png","width":87,"height":80,"caption":"M3 Studios"},"image":{"@id":"https:\/\/m3studiosmiami.com\/es\/#\/schema\/logo\/image\/"},"sameAs":["https:\/\/www.facebook.com\/M3StudiosMiami","https:\/\/x.com\/m3studiosmiami","https:\/\/www.instagram.com\/m3studiosmiami\/","https:\/\/www.linkedin.com\/company\/m3-studios\/","https:\/\/www.youtube.com\/user\/M3studiosMiami"]}]}},"_links":{"self":[{"href":"https:\/\/m3studiosmiami.com\/es\/wp-json\/wp\/v2\/pages\/7037","targetHints":{"allow":["GET"]}}],"collection":[{"href":"https:\/\/m3studiosmiami.com\/es\/wp-json\/wp\/v2\/pages"}],"about":[{"href":"https:\/\/m3studiosmiami.com\/es\/wp-json\/wp\/v2\/types\/page"}],"author":[{"embeddable":true,"href":"https:\/\/m3studiosmiami.com\/es\/wp-json\/wp\/v2\/users\/3"}],"replies":[{"embeddable":true,"href":"https:\/\/m3studiosmiami.com\/es\/wp-json\/wp\/v2\/comments?post=7037"}],"version-history":[{"count":1,"href":"https:\/\/m3studiosmiami.com\/es\/wp-json\/wp\/v2\/pages\/7037\/revisions"}],"predecessor-version":[{"id":7039,"href":"https:\/\/m3studiosmiami.com\/es\/wp-json\/wp\/v2\/pages\/7037\/revisions\/7039"}],"wp:attachment":[{"href":"https:\/\/m3studiosmiami.com\/es\/wp-json\/wp\/v2\/media?parent=7037"}],"curies":[{"name":"wp","href":"https:\/\/api.w.org\/{rel}","templated":true}]}}